{"id":980,"date":"2017-03-02T21:41:53","date_gmt":"2017-03-02T19:41:53","guid":{"rendered":"http:\/\/wordpress.nibis.de\/gshonde\/?page_id=980"},"modified":"2025-09-25T19:29:12","modified_gmt":"2025-09-25T17:29:12","slug":"sport","status":"publish","type":"page","link":"https:\/\/wordpress.nibis.de\/gshonde\/regeln\/sport\/","title":{"rendered":"Sport"},"content":{"rendered":"<p><span style=\"font-family: Arial,sans-serif\"><span style=\"font-size: large\"><u><b>Beschreibung des Ist-Zustandes<\/b><\/u><\/span><\/span><\/p>\n<ul>\n<li><span style=\"font-family: Arial,sans-serif\"><span style=\"font-size: medium\">An der Grundschule Hondelage unterrichten z.Z. drei<\/span><\/span><span style=\"font-family: Arial,sans-serif\"><span style=\"font-size: medium\">\u00a0Lehrkr\u00e4fte das Fach Sport. <\/span><\/span><span style=\"color: #000000\"><span style=\"font-family: Arial,sans-serif\"><span style=\"font-size: medium\">Alle<\/span><\/span><\/span><span style=\"font-family: Arial,sans-serif\"><span style=\"font-size: medium\"> Lehrkr\u00e4fte haben das Fach studiert. <\/span><\/span><\/li>\n<li><span style=\"font-family: Arial,sans-serif\"><span style=\"font-size: medium\">In allen Jahrgangsstufen umfasst der Sportunterricht zwei Unterrichtsstunden. Erg\u00e4nzt wird das Sportangebot durch eine Stunde Sportf\u00f6rderunterricht.<\/span><\/span><\/li>\n<li><span style=\"font-family: Arial,sans-serif\"><span style=\"font-size: medium\">In den Fachkonferenzen werden Absprachen bzgl. der Gestaltung des Unterrichts getroffen, wie z.B. das sukzessive Vorbereiten auf das Laufabzeichen und standardisierte Spiele.<\/span><\/span><\/li>\n<li><span style=\"font-family: Arial,sans-serif\"><span style=\"font-size: medium\">Ma\u00dfnahmen der inneren Differenzierung sowohl quantitativ, aber insbesondere auch qualitativ werden den Sch\u00fclerinnen und Sch\u00fcler in vielf\u00e4ltiger Weise angeboten. H\u00e4ufig sind die \u00dcbungen im Sportunterricht auch selbstdifferenzierend angelegt. F\u00f6rderma\u00dfnahmen finden in Form von Hilfestellungen und Anregungen zur Stabilisierung der Bewegungssicherheit statt. Dar\u00fcber hinaus erfolgt ein regelm\u00e4\u00dfiger Sportf\u00f6rderunterricht (s.o.).<\/span><\/span><\/li>\n<li><span style=\"color: #000000\"><span style=\"font-family: Arial,sans-serif\"><span style=\"font-size: medium\">Die Grundschule Hondelage wurde 2024 zum wiederholten Mal als \u201csportfreundliche Schule&#8220; ausgezeichnet.\u00a0<\/span><\/span><\/span><\/li>\n<li><span style=\"font-family: Arial,sans-serif\"><span style=\"font-size: medium\">Allj\u00e4hrlich werden an der Grundschule Hondelage Sport Sportwettbewerbe (ehemals Bundesjugendspiele) durchgef\u00fchrt.<\/span><\/span><\/li>\n<li><span style=\"font-family: Arial,sans-serif\"><span style=\"font-size: medium\">Dar\u00fcber hinaus wird f\u00fcr das Laufabzeichen trainiert, wobei der 60-Minuten-Lauf als maximales Ziel angestrebt wird. <\/span><\/span><\/li>\n<li><span style=\"font-family: Arial,sans-serif\"><span style=\"font-size: medium\">Seit 2011 nimmt die Grundschule Hondelage auch am Braunschweiger Nachtlauf teil.<\/span><\/span><\/li>\n<li><span style=\"font-family: Arial,sans-serif\"><span style=\"font-size: medium\">In den vierten Jahrg\u00e4ngen wird Schwimmunterricht momentan<\/span><\/span><span style=\"color: #000000\"><span style=\"font-family: Arial,sans-serif\"><span style=\"font-size: medium\"> viertelj\u00e4hrlich im Wechsel <\/span><\/span><\/span><span style=\"font-family: Arial,sans-serif\"><span style=\"font-size: medium\">angeboten. <\/span><\/span><\/li>\n<li><span style=\"font-family: Arial,sans-serif\"><span style=\"font-size: medium\">Im Rahmen der Arbeitsgemeinschaften f\u00fcr die dritten und vierten Jahrg\u00e4ngen gibt es Sportangebote auch mit externen Partnern.<br \/>\n<\/span><\/span><\/li>\n<li><span style=\"font-family: Arial,sans-serif\"><span style=\"font-size: medium\">Die Kolleginnen und Kollegen bilden sich fort und berichten auf den Fachkonferenzen bzw. in den Dienstbesprechungen von ihren Fortbildungen.<\/span><\/span><\/li>\n<\/ul>\n<p><span style=\"font-family: Arial,sans-serif\"><span style=\"font-size: large\"><u><b>\u00dcbergeordnete Ziele und didaktische Prinzipien des Fachunterrichts<\/b><\/u><\/span><\/span><\/p>\n<p><span style=\"font-family: Arial,sans-serif\"><span style=\"font-size: medium\">F\u00fcr das Fach Sport sind den Lehrkr\u00e4ften an der Grundschule Hondelage folgende\u00a0 Grunds\u00e4tze und Leitziele besonders wichtig:<\/span><\/span><\/p>\n<ul>\n<li><span style=\"font-family: Arial,sans-serif\"><span style=\"font-size: medium\">Als \u00fcbergeordnetes Ziel ist die Basis f\u00fcr ein <\/span><\/span><span style=\"font-family: Arial,sans-serif\"><span style=\"font-size: medium\"><b>lebenslanges Sport treiben<\/b><\/span><\/span><span style=\"font-family: Arial,sans-serif\"><span style=\"font-size: medium\"> zu legen. Daf\u00fcr wird den Sch\u00fclerinnen und Sch\u00fclern ein <\/span><\/span><span style=\"font-family: Arial,sans-serif\"><span style=\"font-size: medium\"><b>breites Spektrum an Bewegungsm\u00f6glichkeiten<\/b><\/span><\/span><span style=\"font-family: Arial,sans-serif\"><span style=\"font-size: medium\"> angeboten. <\/span><\/span><\/li>\n<li><span style=\"font-family: Arial,sans-serif\"><span style=\"font-size: medium\"><b>Sportliche Herausforderungen<\/b><\/span><\/span><span style=\"font-family: Arial,sans-serif\"><span style=\"font-size: medium\"> sollen die Sch\u00fclerinnen und Sch\u00fcler an ihre Grenzen gehen und daran wachsen lassen. <\/span><\/span><\/li>\n<li><span style=\"font-family: Arial,sans-serif\"><span style=\"font-size: medium\">Dabei soll <\/span><\/span><span style=\"font-family: Arial,sans-serif\"><span style=\"font-size: medium\"><b>die Freude und das Verst\u00e4ndnis f\u00fcr die Erhaltung der eigenen Gesundheit an der sportlichen Bewegung<\/b><\/span><\/span><span style=\"font-family: Arial,sans-serif\"><span style=\"font-size: medium\"> immer im Mittelpunkt stehen.<\/span><\/span><\/li>\n<li><span style=\"font-family: Arial,sans-serif\"><span style=\"font-size: medium\">Letztlich sollen die Erfahrungen aus dem Sportunterricht zur <\/span><\/span><span style=\"font-family: Arial,sans-serif\"><span style=\"font-size: medium\"><b>Selbstst\u00e4ndigkeit in der sportlichen Bet\u00e4tigung<\/b><\/span><\/span><span style=\"font-family: Arial,sans-serif\"><span style=\"font-size: medium\"> beitragen. Erworbene F\u00e4hig- und Fertigkeiten sollen zum Besuch von Sportvereinen sowie zur eigenen sportlichen Bewegung anregen.<\/span><\/span><\/li>\n<li><span style=\"font-family: Arial,sans-serif\"><span style=\"font-size: medium\">Durch soziale Interaktion im Sportunterricht sollen die Kinder <\/span><\/span><span style=\"font-family: Arial,sans-serif\"><span style=\"font-size: medium\"><b>Selbstbewusstsein, Teamf\u00e4higkeit, Fairness und R\u00fccksichtnahme<\/b><\/span><\/span><span style=\"font-family: Arial,sans-serif\"><span style=\"font-size: medium\"> erfahren und umsetzen.<\/span><\/span><\/li>\n<\/ul>\n<p><span style=\"font-family: Arial,sans-serif\"><span style=\"font-size: large\"><u><b>Organisation der Zusammenarbeit (Fachkonferenzarbeit)<\/b><\/u><\/span><\/span><\/p>\n<ul>\n<li><span style=\"font-family: Arial,sans-serif\"><span style=\"font-size: medium\">Die Fachkonferenz Sport tagt im zweiten Halbjahr als eigenst\u00e4ndige Fachkonferenz.<\/span><\/span><\/li>\n<li><span style=\"font-family: Arial,sans-serif\"><span style=\"font-size: medium\">Die Konferenz wird reihum von einem Mitglied der Fachkonferenz protokolliert.\u00a0 Die Elternvertreterinnen und Elternvertreter k\u00f6nnen die Protokolle einsehen.<\/span><\/span><\/li>\n<\/ul>\n","protected":false},"excerpt":{"rendered":"<p>Beschreibung des Ist-Zustandes An der Grundschule Hondelage unterrichten z.Z. drei\u00a0Lehrkr\u00e4fte das Fach Sport. Alle Lehrkr\u00e4fte haben das Fach studiert. In allen Jahrgangsstufen umfasst der Sportunterricht zwei Unterrichtsstunden. Erg\u00e4nzt wird das Sportangebot durch eine Stunde Sportf\u00f6rderunterricht. In den Fachkonferenzen werden Absprachen bzgl. der Gestaltung des Unterrichts getroffen, wie z.B. das sukzessive Vorbereiten auf das Laufabzeichen und &hellip; <a href=\"https:\/\/wordpress.nibis.de\/gshonde\/regeln\/sport\/\" class=\"more-link\"><span class=\"screen-reader-text\">Sport<\/span> weiterlesen <span class=\"meta-nav\">&rarr;<\/span><\/a><\/p>\n","protected":false},"author":553,"featured_media":0,"parent":961,"menu_order":0,"comment_status":"closed","ping_status":"closed","template":"","meta":{"footnotes":""},"class_list":["post-980","page","type-page","status-publish","hentry"],"_links":{"self":[{"href":"https:\/\/wordpress.nibis.de\/gshonde\/wp-json\/wp\/v2\/pages\/980","targetHints":{"allow":["GET"]}}],"collection":[{"href":"https:\/\/wordpress.nibis.de\/gshonde\/wp-json\/wp\/v2\/pages"}],"about":[{"href":"https:\/\/wordpress.nibis.de\/gshonde\/wp-json\/wp\/v2\/types\/page"}],"author":[{"embeddable":true,"href":"https:\/\/wordpress.nibis.de\/gshonde\/wp-json\/wp\/v2\/users\/553"}],"replies":[{"embeddable":true,"href":"https:\/\/wordpress.nibis.de\/gshonde\/wp-json\/wp\/v2\/comments?post=980"}],"version-history":[{"count":11,"href":"https:\/\/wordpress.nibis.de\/gshonde\/wp-json\/wp\/v2\/pages\/980\/revisions"}],"predecessor-version":[{"id":4537,"href":"https:\/\/wordpress.nibis.de\/gshonde\/wp-json\/wp\/v2\/pages\/980\/revisions\/4537"}],"up":[{"embeddable":true,"href":"https:\/\/wordpress.nibis.de\/gshonde\/wp-json\/wp\/v2\/pages\/961"}],"wp:attachment":[{"href":"https:\/\/wordpress.nibis.de\/gshonde\/wp-json\/wp\/v2\/media?parent=980"}],"curies":[{"name":"wp","href":"https:\/\/api.w.org\/{rel}","templated":true}]}}