{"id":992,"date":"2017-03-05T12:00:15","date_gmt":"2017-03-05T10:00:15","guid":{"rendered":"http:\/\/wordpress.nibis.de\/gshonde\/?page_id=992"},"modified":"2019-01-23T13:30:47","modified_gmt":"2019-01-23T11:30:47","slug":"kunst","status":"publish","type":"page","link":"https:\/\/wordpress.nibis.de\/gshonde\/regeln\/kunst\/","title":{"rendered":"Kunst"},"content":{"rendered":"<p><!-- @page { margin: 2cm } P { margin-bottom: 0.21cm } --><\/p>\n<p align=\"CENTER\"><span style=\"font-family: Arial,serif\"><span style=\"font-size: large\"><i><b>Kunst lebt durch viele verschiedene Teilbereiche und hat in ihrer Vielfalt und im praktischen Arbeiten eine gro\u00dfe Bedeutung im F\u00e4cherkanon der Schule! <\/b><\/i><\/span><\/span><\/p>\n<p align=\"CENTER\"><span style=\"font-family: Arial,serif\"><span style=\"font-size: large\"><i><b>Kunst hilft Kindern Ursache und Wirkung zu verstehen! <\/b><\/i><\/span><\/span><\/p>\n<p align=\"CENTER\"><span style=\"font-family: Arial,serif\"><span style=\"font-size: large\"><i>Was passiert, wenn ich Gelb und Rot mische?<\/i><\/span><\/span><\/p>\n<p align=\"CENTER\"><span style=\"font-family: Arial,serif\"><span style=\"font-size: large\"><i><b>Kunst vermittelt Kindern Selbstbewusstsein!<\/b><\/i><\/span><\/span><\/p>\n<p align=\"CENTER\"><span style=\"font-family: Arial,serif\"><span style=\"font-size: large\"><i>Das habe ich geschafft!<\/i><\/span><\/span><\/p>\n<p align=\"CENTER\"><span style=\"font-family: Arial,serif\"><span style=\"font-size: large\"><i><b>In Kunst stehen das praktische Ausprobieren verschiedener Materialien und Techniken sowie die Freude an der Herstellung von eigenen Kunstwerken im Mittelpunkt!<\/b><\/i><\/span><\/span><\/p>\n<p><span style=\"font-family: Arial,serif\"><span style=\"font-size: medium\">Kunst in den Klassen 1 und 2 bzw. Kunst\/Werken\/Textiles Gestalten in den Klassen 3 und 4 wird pro Jahrgang mit 2 Wochenstunden unterrichtet. Dabei ist in den Klassen 3\/4 zu beachten, dass ca. 50% der Stunden f\u00fcr das Fach Kunst, je 25% f\u00fcr Textil und Werken verwendet werden. Jeder Bereich wird einzeln benotet und auf dem Zeugnis auch einzeln ausgewiesen.<\/span><\/span><\/p>\n<p><span style=\"font-family: Arial,serif\"><span style=\"font-size: medium\">In den Fachkonferenzen werden Absprachen zur Gestaltung des Unterrichts und zu Bewertungskriterien getroffen. Beispielsweise wurden f\u00fcr das Fach Kunst f\u00fcr die einzelnen Jahrg\u00e4nge K\u00fcnstler festgelegt, die intensiv behandelt werden:<\/span><\/span><\/p>\n<dl>\n<dd><\/dd>\n<\/dl>\n<p><span style=\"font-family: Arial,serif\"><span style=\"font-size: medium\">Die Fachkonferenz hat beschlossen, dass keine Lernkontrollen geschrieben werden. Die Note setzt sich zusammen aus der Beurteilung der erstellten Werkst\u00fccke (80%) und fachspezifischen Leistungen (20%). <\/span><\/span><\/p>\n<p><span style=\"font-family: Arial,serif\"><span style=\"font-size: medium\">Das Fach Kunst in den Klassen 3 und 4 nimmt anteilig ca. 50% der Gesamtwochenstunden (ca. 40 Wochenstunden) ein. Viele Themen haben zudem f\u00e4cher\u00fcbergreifende Bez\u00fcge zu Werken und\/oder Textil. Deshalb ist es schwierig, eine genaue Stundenzahl festzulegen.<\/span><\/span><\/p>\n<p><span style=\"font-family: Arial,serif\"><span style=\"font-size: medium\">Die Schule verf\u00fcgt \u00fcber einen eigenen Werkraum, in dem einige Materialien und Arbeitsger\u00e4te f\u00fcr die Bereiche Kunst, Werken und Textil vorhanden sind. Der Werkraum wird als Fachraum \u00fcberwiegend in den Klassen 3 und 4 sowie von k\u00fcnstlerischen Arbeitsgemeinschaften genutzt.<\/span><\/span><\/p>\n","protected":false},"excerpt":{"rendered":"<p>Kunst lebt durch viele verschiedene Teilbereiche und hat in ihrer Vielfalt und im praktischen Arbeiten eine gro\u00dfe Bedeutung im F\u00e4cherkanon der Schule! Kunst hilft Kindern Ursache und Wirkung zu verstehen! Was passiert, wenn ich Gelb und Rot mische? Kunst vermittelt Kindern Selbstbewusstsein! Das habe ich geschafft! In Kunst stehen das praktische Ausprobieren verschiedener Materialien und &hellip; <a href=\"https:\/\/wordpress.nibis.de\/gshonde\/regeln\/kunst\/\" class=\"more-link\"><span class=\"screen-reader-text\">Kunst<\/span> weiterlesen <span class=\"meta-nav\">&rarr;<\/span><\/a><\/p>\n","protected":false},"author":553,"featured_media":0,"parent":961,"menu_order":0,"comment_status":"closed","ping_status":"closed","template":"","meta":{"footnotes":""},"class_list":["post-992","page","type-page","status-publish","hentry"],"_links":{"self":[{"href":"https:\/\/wordpress.nibis.de\/gshonde\/wp-json\/wp\/v2\/pages\/992","targetHints":{"allow":["GET"]}}],"collection":[{"href":"https:\/\/wordpress.nibis.de\/gshonde\/wp-json\/wp\/v2\/pages"}],"about":[{"href":"https:\/\/wordpress.nibis.de\/gshonde\/wp-json\/wp\/v2\/types\/page"}],"author":[{"embeddable":true,"href":"https:\/\/wordpress.nibis.de\/gshonde\/wp-json\/wp\/v2\/users\/553"}],"replies":[{"embeddable":true,"href":"https:\/\/wordpress.nibis.de\/gshonde\/wp-json\/wp\/v2\/comments?post=992"}],"version-history":[{"count":4,"href":"https:\/\/wordpress.nibis.de\/gshonde\/wp-json\/wp\/v2\/pages\/992\/revisions"}],"predecessor-version":[{"id":1991,"href":"https:\/\/wordpress.nibis.de\/gshonde\/wp-json\/wp\/v2\/pages\/992\/revisions\/1991"}],"up":[{"embeddable":true,"href":"https:\/\/wordpress.nibis.de\/gshonde\/wp-json\/wp\/v2\/pages\/961"}],"wp:attachment":[{"href":"https:\/\/wordpress.nibis.de\/gshonde\/wp-json\/wp\/v2\/media?parent=992"}],"curies":[{"name":"wp","href":"https:\/\/api.w.org\/{rel}","templated":true}]}}