{"id":996,"date":"2017-03-05T12:01:07","date_gmt":"2017-03-05T10:01:07","guid":{"rendered":"http:\/\/wordpress.nibis.de\/gshonde\/?page_id=996"},"modified":"2025-09-25T19:31:12","modified_gmt":"2025-09-25T17:31:12","slug":"textil","status":"publish","type":"page","link":"https:\/\/wordpress.nibis.de\/gshonde\/regeln\/textil\/","title":{"rendered":"Textil"},"content":{"rendered":"<p><!--\n\t\t@page { margin: 2cm }\n\t\tP { margin-bottom: 0.21cm }\n\t--><\/p>\n<p align=\"CENTER\"><span style=\"font-family: Arial,serif\"><span style=\"font-size: large\"><i><b>In Textil stehen das Gestalten mit verschiedenen Garnen, Wolle und Stoffen sowie die Freude an der Herstellung von eigenen Textilst\u00fccken im Mittelpunkt.<\/b><\/i><\/span><\/span><\/p>\n<p align=\"CENTER\"><span style=\"font-family: Arial,serif\"><span style=\"font-size: large\"><i><b>Textiles Gestalten vermittelt Kindern Selbstbewusstsein!<\/b><\/i><\/span><\/span><\/p>\n<p align=\"CENTER\"><span style=\"font-family: Arial,serif\"><span style=\"font-size: large\"><i>Das habe ich geschafft!<\/i><\/span><\/span><\/p>\n<p><span style=\"font-family: Arial,serif\"><span style=\"font-size: medium\">Kunst\/Werken\/Textiles Gestalten in den Klassen 3 und 4 wird pro Jahrgang mit 2 Wochenstunden unterrichtet. Dabei ist in den Klassen 3\/4 zu beachten, dass ca. 50% der Stunden f\u00fcr das Fach Kunst, je 25% f\u00fcr Textil und Werken verwendet werden. <\/span><\/span><span style=\"font-family: Arial,serif\"><span style=\"font-size: medium\"><b>Der Bereich \u201cTextiles Gestalten\u201d wird einzeln benotet und auf dem Zeugnis auch einzeln ausgewiesen.<\/b><\/span><\/span><\/p>\n<p><span style=\"font-family: Arial,serif\"><span style=\"font-size: medium\">Die Fachkonferenz \u201cKreativit\u00e4t\u201d tagt einmal im Jahr.<\/span><\/span><\/p>\n<p><span style=\"font-family: Arial,serif\"><span style=\"font-size: medium\">In der Fachkonferenz <\/span><\/span><span style=\"font-family: Arial,serif\"><span style=\"font-size: medium\">werden Absprachen zur Gestaltung des Unterrichts und zu Bewertungskriterien getroffen.<\/span><\/span><\/p>\n<p><span style=\"font-family: Arial,serif\"><span style=\"font-size: medium\">Die Schule verf\u00fcgt \u00fcber einen eigenen Werkraum, in dem einige Materialien und Arbeitsger\u00e4te f\u00fcr die Bereiche Kunst, Werken und Textil vorhanden sind. Der Werkraum wird als Fachraum \u00fcberwiegend in den Klassen 3 und 4 sowie von k\u00fcnstlerischen Arbeitsgemeinschaften genutzt.<\/span><\/span><\/p>\n","protected":false},"excerpt":{"rendered":"<p>In Textil stehen das Gestalten mit verschiedenen Garnen, Wolle und Stoffen sowie die Freude an der Herstellung von eigenen Textilst\u00fccken im Mittelpunkt. Textiles Gestalten vermittelt Kindern Selbstbewusstsein! Das habe ich geschafft! Kunst\/Werken\/Textiles Gestalten in den Klassen 3 und 4 wird pro Jahrgang mit 2 Wochenstunden unterrichtet. Dabei ist in den Klassen 3\/4 zu beachten, dass &hellip; <a href=\"https:\/\/wordpress.nibis.de\/gshonde\/regeln\/textil\/\" class=\"more-link\"><span class=\"screen-reader-text\">Textil<\/span> weiterlesen <span class=\"meta-nav\">&rarr;<\/span><\/a><\/p>\n","protected":false},"author":553,"featured_media":0,"parent":961,"menu_order":0,"comment_status":"closed","ping_status":"closed","template":"","meta":{"footnotes":""},"class_list":["post-996","page","type-page","status-publish","hentry"],"_links":{"self":[{"href":"https:\/\/wordpress.nibis.de\/gshonde\/wp-json\/wp\/v2\/pages\/996","targetHints":{"allow":["GET"]}}],"collection":[{"href":"https:\/\/wordpress.nibis.de\/gshonde\/wp-json\/wp\/v2\/pages"}],"about":[{"href":"https:\/\/wordpress.nibis.de\/gshonde\/wp-json\/wp\/v2\/types\/page"}],"author":[{"embeddable":true,"href":"https:\/\/wordpress.nibis.de\/gshonde\/wp-json\/wp\/v2\/users\/553"}],"replies":[{"embeddable":true,"href":"https:\/\/wordpress.nibis.de\/gshonde\/wp-json\/wp\/v2\/comments?post=996"}],"version-history":[{"count":3,"href":"https:\/\/wordpress.nibis.de\/gshonde\/wp-json\/wp\/v2\/pages\/996\/revisions"}],"predecessor-version":[{"id":4538,"href":"https:\/\/wordpress.nibis.de\/gshonde\/wp-json\/wp\/v2\/pages\/996\/revisions\/4538"}],"up":[{"embeddable":true,"href":"https:\/\/wordpress.nibis.de\/gshonde\/wp-json\/wp\/v2\/pages\/961"}],"wp:attachment":[{"href":"https:\/\/wordpress.nibis.de\/gshonde\/wp-json\/wp\/v2\/media?parent=996"}],"curies":[{"name":"wp","href":"https:\/\/api.w.org\/{rel}","templated":true}]}}