{"id":1432,"date":"2019-08-22T13:46:53","date_gmt":"2019-08-22T11:46:53","guid":{"rendered":"https:\/\/wordpress.nibis.de\/gsilten\/?page_id=1432"},"modified":"2025-09-26T16:05:57","modified_gmt":"2025-09-26T14:05:57","slug":"galerie-einschulung-2019","status":"publish","type":"page","link":"https:\/\/wordpress.nibis.de\/gsilten\/galerie\/galerie-einschulung-2019\/","title":{"rendered":"Einschulung 2025"},"content":{"rendered":"<p>Einige Impressionen der Einschulung der Klassen 1a und 1b am 16.08.2025:<\/p>\n\n\n<figure class=\"wp-block-image size-large\"><img loading=\"lazy\" decoding=\"async\" width=\"1024\" height=\"768\" src=\"https:\/\/wordpress.nibis.de\/gsilten\/files\/2025\/09\/20250816_102045-1024x768.jpg\" alt=\"\" class=\"wp-image-2525\" srcset=\"https:\/\/wordpress.nibis.de\/gsilten\/files\/2025\/09\/20250816_102045-1024x768.jpg 1024w, https:\/\/wordpress.nibis.de\/gsilten\/files\/2025\/09\/20250816_102045-300x225.jpg 300w, https:\/\/wordpress.nibis.de\/gsilten\/files\/2025\/09\/20250816_102045-768x576.jpg 768w, https:\/\/wordpress.nibis.de\/gsilten\/files\/2025\/09\/20250816_102045-1536x1152.jpg 1536w, https:\/\/wordpress.nibis.de\/gsilten\/files\/2025\/09\/20250816_102045-2048x1536.jpg 2048w\" sizes=\"auto, (max-width: 1024px) 100vw, 1024px\" \/><figcaption>Die Klassen 4a, 4b und 4c hatten f\u00fcr die neuen Mitsch\u00fcler und Mitsch\u00fclerinnen ein Theaterst\u00fcck und verschiedene Lieder vorbereitet.<\/figcaption><\/figure>\n\n\n\n<figure class=\"wp-block-image size-large is-resized\"><img loading=\"lazy\" decoding=\"async\" src=\"https:\/\/wordpress.nibis.de\/gsilten\/files\/2025\/09\/20250818_071935-1024x768.jpg\" alt=\"\" class=\"wp-image-2528\" width=\"591\" height=\"443\" srcset=\"https:\/\/wordpress.nibis.de\/gsilten\/files\/2025\/09\/20250818_071935-1024x768.jpg 1024w, https:\/\/wordpress.nibis.de\/gsilten\/files\/2025\/09\/20250818_071935-300x225.jpg 300w, https:\/\/wordpress.nibis.de\/gsilten\/files\/2025\/09\/20250818_071935-768x576.jpg 768w, https:\/\/wordpress.nibis.de\/gsilten\/files\/2025\/09\/20250818_071935-1536x1152.jpg 1536w, https:\/\/wordpress.nibis.de\/gsilten\/files\/2025\/09\/20250818_071935-2048x1536.jpg 2048w\" sizes=\"auto, (max-width: 591px) 100vw, 591px\" \/><\/figure>\n\n\n\n\n\n<figure class=\"wp-block-image size-large\"><img loading=\"lazy\" decoding=\"async\" width=\"1024\" height=\"768\" src=\"https:\/\/wordpress.nibis.de\/gsilten\/files\/2025\/09\/IMG-20250816-WA0045-1-1024x768.jpg\" alt=\"\" class=\"wp-image-2531\" srcset=\"https:\/\/wordpress.nibis.de\/gsilten\/files\/2025\/09\/IMG-20250816-WA0045-1-1024x768.jpg 1024w, https:\/\/wordpress.nibis.de\/gsilten\/files\/2025\/09\/IMG-20250816-WA0045-1-300x225.jpg 300w, https:\/\/wordpress.nibis.de\/gsilten\/files\/2025\/09\/IMG-20250816-WA0045-1-768x576.jpg 768w, https:\/\/wordpress.nibis.de\/gsilten\/files\/2025\/09\/IMG-20250816-WA0045-1-1536x1152.jpg 1536w, https:\/\/wordpress.nibis.de\/gsilten\/files\/2025\/09\/IMG-20250816-WA0045-1.jpg 2048w\" sizes=\"auto, (max-width: 1024px) 100vw, 1024px\" \/><\/figure>\n\n\n\n\n\n<figure class=\"wp-block-image size-large is-resized\"><img loading=\"lazy\" decoding=\"async\" src=\"https:\/\/wordpress.nibis.de\/gsilten\/files\/2025\/09\/1-768x1024.jpeg\" alt=\"\" class=\"wp-image-2532\" width=\"466\" height=\"621\" srcset=\"https:\/\/wordpress.nibis.de\/gsilten\/files\/2025\/09\/1-768x1024.jpeg 768w, https:\/\/wordpress.nibis.de\/gsilten\/files\/2025\/09\/1-225x300.jpeg 225w, https:\/\/wordpress.nibis.de\/gsilten\/files\/2025\/09\/1-1152x1536.jpeg 1152w, https:\/\/wordpress.nibis.de\/gsilten\/files\/2025\/09\/1-1536x2048.jpeg 1536w, https:\/\/wordpress.nibis.de\/gsilten\/files\/2025\/09\/1-scaled.jpeg 1920w\" sizes=\"auto, (max-width: 466px) 100vw, 466px\" \/><\/figure>\n\n\n\n<figure class=\"wp-block-image size-large\"><img loading=\"lazy\" decoding=\"async\" width=\"1024\" height=\"768\" src=\"https:\/\/wordpress.nibis.de\/gsilten\/files\/2025\/09\/2-1024x768.jpeg\" alt=\"\" class=\"wp-image-2533\" srcset=\"https:\/\/wordpress.nibis.de\/gsilten\/files\/2025\/09\/2-1024x768.jpeg 1024w, https:\/\/wordpress.nibis.de\/gsilten\/files\/2025\/09\/2-300x225.jpeg 300w, https:\/\/wordpress.nibis.de\/gsilten\/files\/2025\/09\/2-768x576.jpeg 768w, https:\/\/wordpress.nibis.de\/gsilten\/files\/2025\/09\/2-1536x1152.jpeg 1536w, https:\/\/wordpress.nibis.de\/gsilten\/files\/2025\/09\/2-2048x1536.jpeg 2048w\" sizes=\"auto, (max-width: 1024px) 100vw, 1024px\" \/><\/figure>\n\n\n\n\n\n<figure class=\"wp-block-image size-large\"><img loading=\"lazy\" decoding=\"async\" width=\"1024\" height=\"768\" src=\"https:\/\/wordpress.nibis.de\/gsilten\/files\/2025\/09\/20250816_110040-1-1024x768.jpg\" alt=\"\" class=\"wp-image-2538\" srcset=\"https:\/\/wordpress.nibis.de\/gsilten\/files\/2025\/09\/20250816_110040-1-1024x768.jpg 1024w, https:\/\/wordpress.nibis.de\/gsilten\/files\/2025\/09\/20250816_110040-1-300x225.jpg 300w, https:\/\/wordpress.nibis.de\/gsilten\/files\/2025\/09\/20250816_110040-1-768x576.jpg 768w, https:\/\/wordpress.nibis.de\/gsilten\/files\/2025\/09\/20250816_110040-1-1536x1152.jpg 1536w, https:\/\/wordpress.nibis.de\/gsilten\/files\/2025\/09\/20250816_110040-1-2048x1536.jpg 2048w\" sizes=\"auto, (max-width: 1024px) 100vw, 1024px\" \/><\/figure>\n\n\n\n\n\n<figure class=\"wp-block-image size-large\"><img loading=\"lazy\" decoding=\"async\" width=\"768\" height=\"1024\" src=\"https:\/\/wordpress.nibis.de\/gsilten\/files\/2025\/09\/20250816_110058-768x1024.jpg\" alt=\"\" class=\"wp-image-2527\" srcset=\"https:\/\/wordpress.nibis.de\/gsilten\/files\/2025\/09\/20250816_110058-768x1024.jpg 768w, https:\/\/wordpress.nibis.de\/gsilten\/files\/2025\/09\/20250816_110058-225x300.jpg 225w, https:\/\/wordpress.nibis.de\/gsilten\/files\/2025\/09\/20250816_110058-1152x1536.jpg 1152w, https:\/\/wordpress.nibis.de\/gsilten\/files\/2025\/09\/20250816_110058-1536x2048.jpg 1536w, https:\/\/wordpress.nibis.de\/gsilten\/files\/2025\/09\/20250816_110058-scaled.jpg 1920w\" sizes=\"auto, (max-width: 768px) 100vw, 768px\" \/><\/figure>\n\n\n\n<figure class=\"wp-block-image size-large is-resized\"><img loading=\"lazy\" decoding=\"async\" src=\"https:\/\/wordpress.nibis.de\/gsilten\/files\/2025\/09\/IMG_3516-667x1024.jpeg\" alt=\"\" class=\"wp-image-2539\" width=\"524\" height=\"804\" srcset=\"https:\/\/wordpress.nibis.de\/gsilten\/files\/2025\/09\/IMG_3516-667x1024.jpeg 667w, https:\/\/wordpress.nibis.de\/gsilten\/files\/2025\/09\/IMG_3516-195x300.jpeg 195w, https:\/\/wordpress.nibis.de\/gsilten\/files\/2025\/09\/IMG_3516-768x1179.jpeg 768w, https:\/\/wordpress.nibis.de\/gsilten\/files\/2025\/09\/IMG_3516-1001x1536.jpeg 1001w, https:\/\/wordpress.nibis.de\/gsilten\/files\/2025\/09\/IMG_3516.jpeg 1125w\" sizes=\"auto, (max-width: 524px) 100vw, 524px\" \/><\/figure>\n","protected":false},"excerpt":{"rendered":"<p>Einige Impressionen der Einschulung der Klassen 1a und 1b am 16.08.2025:<\/p>\n","protected":false},"author":1293,"featured_media":0,"parent":46,"menu_order":0,"comment_status":"closed","ping_status":"closed","template":"onecolumn-page.php","meta":{"footnotes":""},"class_list":["post-1432","page","type-page","status-publish","hentry"],"_links":{"self":[{"href":"https:\/\/wordpress.nibis.de\/gsilten\/wp-json\/wp\/v2\/pages\/1432","targetHints":{"allow":["GET"]}}],"collection":[{"href":"https:\/\/wordpress.nibis.de\/gsilten\/wp-json\/wp\/v2\/pages"}],"about":[{"href":"https:\/\/wordpress.nibis.de\/gsilten\/wp-json\/wp\/v2\/types\/page"}],"author":[{"embeddable":true,"href":"https:\/\/wordpress.nibis.de\/gsilten\/wp-json\/wp\/v2\/users\/1293"}],"replies":[{"embeddable":true,"href":"https:\/\/wordpress.nibis.de\/gsilten\/wp-json\/wp\/v2\/comments?post=1432"}],"version-history":[{"count":9,"href":"https:\/\/wordpress.nibis.de\/gsilten\/wp-json\/wp\/v2\/pages\/1432\/revisions"}],"predecessor-version":[{"id":2542,"href":"https:\/\/wordpress.nibis.de\/gsilten\/wp-json\/wp\/v2\/pages\/1432\/revisions\/2542"}],"up":[{"embeddable":true,"href":"https:\/\/wordpress.nibis.de\/gsilten\/wp-json\/wp\/v2\/pages\/46"}],"wp:attachment":[{"href":"https:\/\/wordpress.nibis.de\/gsilten\/wp-json\/wp\/v2\/media?parent=1432"}],"curies":[{"name":"wp","href":"https:\/\/api.w.org\/{rel}","templated":true}]}}