{"id":1777,"date":"2021-06-29T13:23:24","date_gmt":"2021-06-29T11:23:24","guid":{"rendered":"https:\/\/wordpress.nibis.de\/gsilten\/?page_id=1777"},"modified":"2025-05-18T19:03:07","modified_gmt":"2025-05-18T17:03:07","slug":"stark-im-team","status":"publish","type":"page","link":"https:\/\/wordpress.nibis.de\/gsilten\/mehr-von-uns\/stark-im-team\/","title":{"rendered":"\u201eEin Klasse (n) &#8211; Team!&#8220;"},"content":{"rendered":"\n<p>Bei dem Projekt \u201eEin Klasse (n) &#8211; Team!&#8220; handelt es sich um ein <strong>soziales Kompetenztraining<\/strong>. Es dient der Gewaltpr\u00e4vention und der St\u00e4rkung der (Klassen-) Gemeinschaft. \u201cDas Training soll das Miteinander im Klassenverband und in Gruppen st\u00e4rken, die soziale Kompetenz und eine wertsch\u00e4tzende Kommunikation im Umgang miteinander f\u00f6rdern und spielerisch verst\u00e4rken\u201d (Flyer \u201cStark im Team\u201d; Institut f\u00fcr Gewaltpr\u00e4vention, Selbstbehauptung und Konflikttraining)<\/p>\n\n\n\n<p>Das \u201eEin Klasse (n) &#8211; Team!&#8220; Projekt wird jeweils zu Beginn des dritten Schuljahres an einem Schultag (f\u00fcnf Unterrichtsstunden) durchgef\u00fchrt. Es findet im Klassenverband in der Sporthalle statt. Hierzu kommen Trainer\/innen des Instituts f\u00fcr Gewaltpr\u00e4vention, Selbstbehauptung und Konflikttraining, die das Training leiten. \u201cIm Vordergrund steht Lernen durch Erleben und Bewegung. Theoretische Lerninhalte werden mit praktischen \u00dcbungen und reflektierenden Gespr\u00e4chen verbunden.\u201d (Flyer \u201cStark im Team\u201d; Institut f\u00fcr Gewaltpr\u00e4vention, Selbstbehauptung und Konflikttraining)<\/p>\n\n\n\n<p>Die Kosten f\u00fcr das Projekt werden bislang zum Hauptteil von der Stadt Sehnde getragen. Die Sch\u00fcler\/innen zahlen einen geringen Teilnahmebeitrag.<\/p>\n\n\n\n<p>Das Projekt macht den Teilnehmenden erfahrungsgem\u00e4\u00df viel Spa\u00df!<\/p>\n\n\n\n<p>Hier finden Sie weitere Informationen zum Projekt \u201c\u201eEin Klasse (n) &#8211; Team!&#8220;:<\/p>\n\n\n\n<p><a href=\"https:\/\/kompetenzwert.eu\/teambuilding-schulklasse-ein-klassen-team\/\" target=\"_blank\" rel=\"noreferrer noopener\">https:\/\/www.i-gsk-soziales-kompetenz-training.de\/fileadmin\/templates\/igsk\/pdf\/ST-Stark_im_Team.pdf <\/a><\/p>\n\n\n\n<p><\/p>\n","protected":false},"excerpt":{"rendered":"<p>Bei dem Projekt \u201eEin Klasse (n) &#8211; Team!&#8220; handelt es sich um ein soziales Kompetenztraining. Es dient der Gewaltpr\u00e4vention und der St\u00e4rkung der (Klassen-) Gemeinschaft. \u201cDas Training soll das Miteinander im Klassenverband und in Gruppen st\u00e4rken, die soziale Kompetenz und &hellip; <a href=\"https:\/\/wordpress.nibis.de\/gsilten\/mehr-von-uns\/stark-im-team\/\">Weiterlesen <span class=\"meta-nav\">&rarr;<\/span><\/a><\/p>\n","protected":false},"author":1293,"featured_media":0,"parent":218,"menu_order":0,"comment_status":"closed","ping_status":"closed","template":"onecolumn-page.php","meta":{"footnotes":""},"class_list":["post-1777","page","type-page","status-publish","hentry"],"_links":{"self":[{"href":"https:\/\/wordpress.nibis.de\/gsilten\/wp-json\/wp\/v2\/pages\/1777","targetHints":{"allow":["GET"]}}],"collection":[{"href":"https:\/\/wordpress.nibis.de\/gsilten\/wp-json\/wp\/v2\/pages"}],"about":[{"href":"https:\/\/wordpress.nibis.de\/gsilten\/wp-json\/wp\/v2\/types\/page"}],"author":[{"embeddable":true,"href":"https:\/\/wordpress.nibis.de\/gsilten\/wp-json\/wp\/v2\/users\/1293"}],"replies":[{"embeddable":true,"href":"https:\/\/wordpress.nibis.de\/gsilten\/wp-json\/wp\/v2\/comments?post=1777"}],"version-history":[{"count":5,"href":"https:\/\/wordpress.nibis.de\/gsilten\/wp-json\/wp\/v2\/pages\/1777\/revisions"}],"predecessor-version":[{"id":2454,"href":"https:\/\/wordpress.nibis.de\/gsilten\/wp-json\/wp\/v2\/pages\/1777\/revisions\/2454"}],"up":[{"embeddable":true,"href":"https:\/\/wordpress.nibis.de\/gsilten\/wp-json\/wp\/v2\/pages\/218"}],"wp:attachment":[{"href":"https:\/\/wordpress.nibis.de\/gsilten\/wp-json\/wp\/v2\/media?parent=1777"}],"curies":[{"name":"wp","href":"https:\/\/api.w.org\/{rel}","templated":true}]}}