{"id":1782,"date":"2021-06-29T13:44:03","date_gmt":"2021-06-29T11:44:03","guid":{"rendered":"https:\/\/wordpress.nibis.de\/gsilten\/?page_id=1782"},"modified":"2021-06-30T13:17:53","modified_gmt":"2021-06-30T11:17:53","slug":"vorlesetag","status":"publish","type":"page","link":"https:\/\/wordpress.nibis.de\/gsilten\/vorlesetag\/","title":{"rendered":"Vorlesetag"},"content":{"rendered":"\n<p class=\"has-text-align-center\"><img loading=\"lazy\" decoding=\"async\" width=\"950\" height=\"534\" class=\"wp-image-1825\" style=\"width: 400px\" src=\"https:\/\/wordpress.nibis.de\/gsilten\/files\/2021\/06\/Vorlesetag.jpg\" alt=\"\" srcset=\"https:\/\/wordpress.nibis.de\/gsilten\/files\/2021\/06\/Vorlesetag.jpg 950w, https:\/\/wordpress.nibis.de\/gsilten\/files\/2021\/06\/Vorlesetag-300x169.jpg 300w, https:\/\/wordpress.nibis.de\/gsilten\/files\/2021\/06\/Vorlesetag-768x432.jpg 768w\" sizes=\"auto, (max-width: 950px) 100vw, 950px\" \/><\/p>\n\n\n\n<p>\u201cDer Bundesweite Vorlesetag ist seit 2004 Deutschlands gr\u00f6\u00dftes Vorlesefest und eine gemeinsame Initiative von DIE ZEIT, Stiftung Lesen und Deutsche Bahn Stiftung. Jedes Jahr am dritten Freitag im November setzt der Aktionstag ein \u00f6ffentliches Zeichen f\u00fcr die Bedeutung des Vorlesens und begeistert Kinder und Erwachsene f\u00fcr Geschichten.\u201d (<a href=\"http:\/\/www.vorlesetag.de\">www.vorlesetag.de<\/a>) <\/p>\n\n\n\n<p>Seit etlichen Jahren nimmt die Wilhelm-Raabe-Schule am Bundesweiten Vorlesetag teil. Die Kinder k\u00f6nnen im Vorfeld ein ihrem Lesealter (1\/2 oder\u00a0 3\/4) entsprechendes Buch ausw\u00e4hlen. Die zur Verf\u00fcgung stehenden B\u00fccher h\u00e4ngen Tage vorher in der Pausenhalle aus. Die Kinder gehen dann am Vorlesetag mit ihrer Eintrittskarte, die sie von der \/ dem Klassenlehrer\/in erhalten haben, in den entsprechenden Raum. Vorgelesen wird verteilt \u00fcber nahezu die gesamte Schule und z.T. auch im Hort. Nicht nur die Lehrer\/innen lesen an diesem Tag vor, sondern auch Eltern, ehemalige Lehrerinnen\u2026 Nach einer Stunde geht es, erf\u00fcllt von Geschichten und h\u00e4ufig dem Ausleihwunsch des vorgelesenen Buches, in die Klassen zur\u00fcck.<\/p>\n","protected":false},"excerpt":{"rendered":"<p>\u201cDer Bundesweite Vorlesetag ist seit 2004 Deutschlands gr\u00f6\u00dftes Vorlesefest und eine gemeinsame Initiative von DIE ZEIT, Stiftung Lesen und Deutsche Bahn Stiftung. Jedes Jahr am dritten Freitag im November setzt der Aktionstag ein \u00f6ffentliches Zeichen f\u00fcr die Bedeutung des Vorlesens &hellip; <a href=\"https:\/\/wordpress.nibis.de\/gsilten\/vorlesetag\/\">Weiterlesen <span class=\"meta-nav\">&rarr;<\/span><\/a><\/p>\n","protected":false},"author":1293,"featured_media":0,"parent":0,"menu_order":0,"comment_status":"closed","ping_status":"closed","template":"","meta":{"footnotes":""},"class_list":["post-1782","page","type-page","status-publish","hentry"],"_links":{"self":[{"href":"https:\/\/wordpress.nibis.de\/gsilten\/wp-json\/wp\/v2\/pages\/1782","targetHints":{"allow":["GET"]}}],"collection":[{"href":"https:\/\/wordpress.nibis.de\/gsilten\/wp-json\/wp\/v2\/pages"}],"about":[{"href":"https:\/\/wordpress.nibis.de\/gsilten\/wp-json\/wp\/v2\/types\/page"}],"author":[{"embeddable":true,"href":"https:\/\/wordpress.nibis.de\/gsilten\/wp-json\/wp\/v2\/users\/1293"}],"replies":[{"embeddable":true,"href":"https:\/\/wordpress.nibis.de\/gsilten\/wp-json\/wp\/v2\/comments?post=1782"}],"version-history":[{"count":3,"href":"https:\/\/wordpress.nibis.de\/gsilten\/wp-json\/wp\/v2\/pages\/1782\/revisions"}],"predecessor-version":[{"id":1827,"href":"https:\/\/wordpress.nibis.de\/gsilten\/wp-json\/wp\/v2\/pages\/1782\/revisions\/1827"}],"wp:attachment":[{"href":"https:\/\/wordpress.nibis.de\/gsilten\/wp-json\/wp\/v2\/media?parent=1782"}],"curies":[{"name":"wp","href":"https:\/\/api.w.org\/{rel}","templated":true}]}}