{"id":1786,"date":"2021-06-29T13:55:00","date_gmt":"2021-06-29T11:55:00","guid":{"rendered":"https:\/\/wordpress.nibis.de\/gsilten\/?page_id=1786"},"modified":"2021-06-30T13:01:27","modified_gmt":"2021-06-30T11:01:27","slug":"projekttag-soziales-lernen","status":"publish","type":"page","link":"https:\/\/wordpress.nibis.de\/gsilten\/projekttag-soziales-lernen\/","title":{"rendered":"Projekttag Soziales Lernen"},"content":{"rendered":"\n<p>In der letzten Schulwoche vor den Halbjahreszeugnissen findet der Projekttag Soziales Lernen statt (in der Regel am Montag). An diesem Tag werden die Kinder ausschlie\u00dflich vom\/von der Klassenlehrer\/in unterrichtet. Es werden schwerpunktm\u00e4\u00dfig Themen des Sozialen Lernens unterrichtet, dies k\u00f6nnen auch die festgelegten Module unseres schuleigenen Konzepts zum Sozialen Lernen sein. An diesem Tag ist ebenso Zeit, die Klassenr\u00e4te einmal ausgiebig tagen zu lassen. Au\u00dferdem finden gruppendynamische Aktionen im Klassenverband statt, die die Klassengemeinschaft st\u00e4rken. Einige Klassen f\u00fchren auch Aktionen gemeinsam mit der Parallelklasse durch. Dieser Tag ist ein sch\u00f6nes gemeinsames Erlebnis und macht allen Beteiligten viel Spa\u00df.<\/p>\n","protected":false},"excerpt":{"rendered":"<p>In der letzten Schulwoche vor den Halbjahreszeugnissen findet der Projekttag Soziales Lernen statt (in der Regel am Montag). An diesem Tag werden die Kinder ausschlie\u00dflich vom\/von der Klassenlehrer\/in unterrichtet. Es werden schwerpunktm\u00e4\u00dfig Themen des Sozialen Lernens unterrichtet, dies k\u00f6nnen auch &hellip; <a href=\"https:\/\/wordpress.nibis.de\/gsilten\/projekttag-soziales-lernen\/\">Weiterlesen <span class=\"meta-nav\">&rarr;<\/span><\/a><\/p>\n","protected":false},"author":1293,"featured_media":0,"parent":0,"menu_order":0,"comment_status":"closed","ping_status":"closed","template":"","meta":{"footnotes":""},"class_list":["post-1786","page","type-page","status-publish","hentry"],"_links":{"self":[{"href":"https:\/\/wordpress.nibis.de\/gsilten\/wp-json\/wp\/v2\/pages\/1786","targetHints":{"allow":["GET"]}}],"collection":[{"href":"https:\/\/wordpress.nibis.de\/gsilten\/wp-json\/wp\/v2\/pages"}],"about":[{"href":"https:\/\/wordpress.nibis.de\/gsilten\/wp-json\/wp\/v2\/types\/page"}],"author":[{"embeddable":true,"href":"https:\/\/wordpress.nibis.de\/gsilten\/wp-json\/wp\/v2\/users\/1293"}],"replies":[{"embeddable":true,"href":"https:\/\/wordpress.nibis.de\/gsilten\/wp-json\/wp\/v2\/comments?post=1786"}],"version-history":[{"count":3,"href":"https:\/\/wordpress.nibis.de\/gsilten\/wp-json\/wp\/v2\/pages\/1786\/revisions"}],"predecessor-version":[{"id":1813,"href":"https:\/\/wordpress.nibis.de\/gsilten\/wp-json\/wp\/v2\/pages\/1786\/revisions\/1813"}],"wp:attachment":[{"href":"https:\/\/wordpress.nibis.de\/gsilten\/wp-json\/wp\/v2\/media?parent=1786"}],"curies":[{"name":"wp","href":"https:\/\/api.w.org\/{rel}","templated":true}]}}