{"id":1789,"date":"2021-06-29T13:56:46","date_gmt":"2021-06-29T11:56:46","guid":{"rendered":"https:\/\/wordpress.nibis.de\/gsilten\/?page_id=1789"},"modified":"2021-06-30T13:05:52","modified_gmt":"2021-06-30T11:05:52","slug":"sozialer-tag","status":"publish","type":"page","link":"https:\/\/wordpress.nibis.de\/gsilten\/sozialer-tag\/","title":{"rendered":"Sozialer Tag"},"content":{"rendered":"\n<p class=\"has-text-align-center\"><img loading=\"lazy\" decoding=\"async\" width=\"500\" height=\"500\" class=\"wp-image-1814\" style=\"width: 300px\" src=\"https:\/\/wordpress.nibis.de\/gsilten\/files\/2021\/06\/Sozialer-Tag.jpg\" alt=\"\" srcset=\"https:\/\/wordpress.nibis.de\/gsilten\/files\/2021\/06\/Sozialer-Tag.jpg 500w, https:\/\/wordpress.nibis.de\/gsilten\/files\/2021\/06\/Sozialer-Tag-300x300.jpg 300w, https:\/\/wordpress.nibis.de\/gsilten\/files\/2021\/06\/Sozialer-Tag-150x150.jpg 150w\" sizes=\"auto, (max-width: 500px) 100vw, 500px\" \/><\/p>\n\n\n\n<p>Auch unsere Schule nimmt seit vielen Jahren am Sozialen Tag teil!<\/p>\n\n\n\n<p><strong>Was ist der Soziale Tag?<\/strong><\/p>\n\n\n\n<p>Am Sozialen Tag gehen die Sch\u00fcler\/innen f\u00fcr einen Tag arbeiten. Sie suchen sich im Vorfeld des Sozialen Tages eine Arbeitsstelle f\u00fcr diesen Tag. Hierf\u00fcr erhalten sie einen Arbeitsvertrag der Organisation \u201cSch\u00fcler helfen leben\u201d \u00fcber ihre Klassenlehrer\/innen. Das an diesem Tag erwirtschaftete Geld spenden die Arbeitgeber\/innen der Organisation \u201cSch\u00fcler helfen leben\u201d. Die Kinder werden an ihrer Arbeitsstelle von ihrem\/ihrer Klassenlehrer\/in besucht.<\/p>\n\n\n\n<p><strong>Was ist die Organisation \u201cSch\u00fcler helfen leben\u201d?<\/strong><\/p>\n\n\n\n<p>Die Organisation \u201cSch\u00fcler helfen leben\u201d ist Deutschlands gr\u00f6\u00dfte jugendliche Hilfsorganisation. Sie entstand urspr\u00fcnglich im Zuge des Jugoslawien-Krieges und wollte die kriegsgesch\u00e4digten Kinder und Jugendlichen mit Bildungsangeboten und Entwicklungschancen unterst\u00fctzen. Inzwischen f\u00f6rdert und betreibt die Organisation Jugend- und Bildungsprojekte in S\u00fcdosteuropa, Jordanien und Deutschland mit den Themenschwerpunkten Antidiskriminierung, Jugendengagement und der Unterst\u00fctzung von Gefl\u00fcchteten.<\/p>\n\n\n\n<p><strong>Wie l\u00e4uft der Soziale Tag ab?<\/strong><\/p>\n\n\n\n<p>Vor dem Sozialen Tag ist dieser Bestandteil des Unterrichts. Die Kinder werden mit Informationen rund um den Sozialen Tag versorgt und k\u00f6nnen sich vielf\u00e4ltig informieren. Im Vorfeld des Sozialen Tages war auch schon das Sozialer-Tag-Mobil der Organisation \u201cSch\u00fcler helfen leben\u201d an der Schule. Im Unterricht erhalten die Kinder Informationsmaterial f\u00fcr sich und ihre Eltern sowie die Arbeitsvertr\u00e4ge f\u00fcr ihre Arbeitgeber\/innen.<\/p>\n\n\n\n<p>Am Sozialen Tag selbst fahren die Kinder direkt zu ihrer Arbeit. Dort verbringen sie den Sozialen Tag. Sie werden an ihrer Arbeitsstelle von dem\/der Klassenlehrerin besucht. Im Anschluss wird das Thema im Unterricht aufgearbeitet und die Kinder k\u00f6nnen von ihrer Arbeit berichten. Die Klasse erh\u00e4lt von der Organisation \u201cSch\u00fcler helfen leben\u201d eine Urkunde \u00fcber die Teilnahme. Der Soziale Tag steht u.a. unter der Schirmherrschaft von Bundeskanzlerin Angela Merkel, der Bundesministerin f\u00fcr Familie, Senioren, Frauen und Jugend Franziska Giffey, Ministerpr\u00e4sident Stephan Weil sowie weiterer Ministerpr\u00e4sidenten und Ministerpr\u00e4sidentinnen.<\/p>\n","protected":false},"excerpt":{"rendered":"<p>Auch unsere Schule nimmt seit vielen Jahren am Sozialen Tag teil! Was ist der Soziale Tag? Am Sozialen Tag gehen die Sch\u00fcler\/innen f\u00fcr einen Tag arbeiten. Sie suchen sich im Vorfeld des Sozialen Tages eine Arbeitsstelle f\u00fcr diesen Tag. Hierf\u00fcr &hellip; <a href=\"https:\/\/wordpress.nibis.de\/gsilten\/sozialer-tag\/\">Weiterlesen <span class=\"meta-nav\">&rarr;<\/span><\/a><\/p>\n","protected":false},"author":1293,"featured_media":0,"parent":0,"menu_order":0,"comment_status":"closed","ping_status":"closed","template":"","meta":{"footnotes":""},"class_list":["post-1789","page","type-page","status-publish","hentry"],"_links":{"self":[{"href":"https:\/\/wordpress.nibis.de\/gsilten\/wp-json\/wp\/v2\/pages\/1789","targetHints":{"allow":["GET"]}}],"collection":[{"href":"https:\/\/wordpress.nibis.de\/gsilten\/wp-json\/wp\/v2\/pages"}],"about":[{"href":"https:\/\/wordpress.nibis.de\/gsilten\/wp-json\/wp\/v2\/types\/page"}],"author":[{"embeddable":true,"href":"https:\/\/wordpress.nibis.de\/gsilten\/wp-json\/wp\/v2\/users\/1293"}],"replies":[{"embeddable":true,"href":"https:\/\/wordpress.nibis.de\/gsilten\/wp-json\/wp\/v2\/comments?post=1789"}],"version-history":[{"count":3,"href":"https:\/\/wordpress.nibis.de\/gsilten\/wp-json\/wp\/v2\/pages\/1789\/revisions"}],"predecessor-version":[{"id":1816,"href":"https:\/\/wordpress.nibis.de\/gsilten\/wp-json\/wp\/v2\/pages\/1789\/revisions\/1816"}],"wp:attachment":[{"href":"https:\/\/wordpress.nibis.de\/gsilten\/wp-json\/wp\/v2\/media?parent=1789"}],"curies":[{"name":"wp","href":"https:\/\/api.w.org\/{rel}","templated":true}]}}