{"id":1794,"date":"2021-06-29T13:59:05","date_gmt":"2021-06-29T11:59:05","guid":{"rendered":"https:\/\/wordpress.nibis.de\/gsilten\/?page_id=1794"},"modified":"2021-06-30T15:02:52","modified_gmt":"2021-06-30T13:02:52","slug":"schuelterlotsen-und-streitschlichter","status":"publish","type":"page","link":"https:\/\/wordpress.nibis.de\/gsilten\/schuelterlotsen-und-streitschlichter\/","title":{"rendered":"Sch\u00fclterlotsen und Streitschlichter"},"content":{"rendered":"\n<p><strong>Sch\u00fclerlotsen<\/strong><\/p>\n\n\n\n<p>Die Sch\u00fclerlotsen sind Ansprechpartner f\u00fcr alle Kinder auf dem Schulhof. Es sind Sch\u00fcler\/innen des vierten Schuljahrgangs, die im Wechsel in Kleingruppen dieses Amt \u00fcbernehmen. Sie tragen gelbe Westen. Die Sch\u00fclerlotsen unterst\u00fctzen die Aufsicht in den Pausen.<\/p>\n\n\n\n<p class=\"has-text-align-center\"> <img loading=\"lazy\" decoding=\"async\" width=\"196\" height=\"196\" class=\"wp-image-1836\" style=\"width: 150px\" src=\"https:\/\/wordpress.nibis.de\/gsilten\/files\/2021\/06\/Sch\u00fclerlotsen.jpg\" alt=\"\" srcset=\"https:\/\/wordpress.nibis.de\/gsilten\/files\/2021\/06\/Sch\u00fclerlotsen.jpg 196w, https:\/\/wordpress.nibis.de\/gsilten\/files\/2021\/06\/Sch\u00fclerlotsen-150x150.jpg 150w\" sizes=\"auto, (max-width: 196px) 100vw, 196px\" \/><\/p>\n\n\n\n<p>Ihre Aufgaben sind:<\/p>\n\n\n\n<ul class=\"wp-block-list\"><li>Vorbild im Verhalten sein<\/li><li>Kinder an die Schulhofregeln erinnern<\/li><li>Kinder auf den Schulhof schicken<\/li><li>in der Pausenhalle pr\u00e4sent sein<\/li><li>Kindern helfen und tr\u00f6sten (insbesondere Erstkl\u00e4ssler)<\/li><li>K\u00fchlakku holen \/ Hilfe holen<\/li><li>bei Problemen die Lehrerinnen holen  <\/li><\/ul>\n\n\n\n<p><\/p>\n\n\n\n<p><strong>Streitschlichter\/innen<\/strong><\/p>\n\n\n\n<p class=\"has-text-align-left\">Die Streitschlichter\/innen sind Ansprechpartner\/innen bei Streitigkeiten auf dem Schulhof. Es sind ebenso Sch\u00fcler\/innen des vierten Schuljahrgangs, die im vorangegangenen Schuljahr die Streitschlichter-AG bei Frau Fehse besucht haben und dort eine Ausbildung zum\/zur Streitschlichter\/in bekommen haben. Die Streitschlichter\/innen tragen orange Westen. <\/p>\n\n\n\n<p class=\"has-text-align-center\"><img loading=\"lazy\" decoding=\"async\" width=\"196\" height=\"196\" class=\"wp-image-1837\" style=\"width: 150px\" src=\"https:\/\/wordpress.nibis.de\/gsilten\/files\/2021\/06\/Streitschlichter.jpg\" alt=\"\" srcset=\"https:\/\/wordpress.nibis.de\/gsilten\/files\/2021\/06\/Streitschlichter.jpg 196w, https:\/\/wordpress.nibis.de\/gsilten\/files\/2021\/06\/Streitschlichter-150x150.jpg 150w\" sizes=\"auto, (max-width: 196px) 100vw, 196px\" \/><\/p>\n","protected":false},"excerpt":{"rendered":"<p>Sch\u00fclerlotsen Die Sch\u00fclerlotsen sind Ansprechpartner f\u00fcr alle Kinder auf dem Schulhof. Es sind Sch\u00fcler\/innen des vierten Schuljahrgangs, die im Wechsel in Kleingruppen dieses Amt \u00fcbernehmen. Sie tragen gelbe Westen. Die Sch\u00fclerlotsen unterst\u00fctzen die Aufsicht in den Pausen. Ihre Aufgaben sind: &hellip; <a href=\"https:\/\/wordpress.nibis.de\/gsilten\/schuelterlotsen-und-streitschlichter\/\">Weiterlesen <span class=\"meta-nav\">&rarr;<\/span><\/a><\/p>\n","protected":false},"author":1293,"featured_media":0,"parent":0,"menu_order":0,"comment_status":"closed","ping_status":"closed","template":"","meta":{"footnotes":""},"class_list":["post-1794","page","type-page","status-publish","hentry"],"_links":{"self":[{"href":"https:\/\/wordpress.nibis.de\/gsilten\/wp-json\/wp\/v2\/pages\/1794","targetHints":{"allow":["GET"]}}],"collection":[{"href":"https:\/\/wordpress.nibis.de\/gsilten\/wp-json\/wp\/v2\/pages"}],"about":[{"href":"https:\/\/wordpress.nibis.de\/gsilten\/wp-json\/wp\/v2\/types\/page"}],"author":[{"embeddable":true,"href":"https:\/\/wordpress.nibis.de\/gsilten\/wp-json\/wp\/v2\/users\/1293"}],"replies":[{"embeddable":true,"href":"https:\/\/wordpress.nibis.de\/gsilten\/wp-json\/wp\/v2\/comments?post=1794"}],"version-history":[{"count":3,"href":"https:\/\/wordpress.nibis.de\/gsilten\/wp-json\/wp\/v2\/pages\/1794\/revisions"}],"predecessor-version":[{"id":1838,"href":"https:\/\/wordpress.nibis.de\/gsilten\/wp-json\/wp\/v2\/pages\/1794\/revisions\/1838"}],"wp:attachment":[{"href":"https:\/\/wordpress.nibis.de\/gsilten\/wp-json\/wp\/v2\/media?parent=1794"}],"curies":[{"name":"wp","href":"https:\/\/api.w.org\/{rel}","templated":true}]}}