{"id":18,"date":"2017-03-03T11:12:39","date_gmt":"2017-03-03T10:12:39","guid":{"rendered":"http:\/\/wordpress.nibis.de\/gsilten\/?page_id=18"},"modified":"2026-03-05T21:14:59","modified_gmt":"2026-03-05T20:14:59","slug":"termine","status":"publish","type":"page","link":"https:\/\/wordpress.nibis.de\/gsilten\/termine\/","title":{"rendered":"Termine &amp; Neuigkeiten"},"content":{"rendered":"<p>Die vorl\u00e4ufige <strong>Termin\u00fcbersicht<\/strong> f\u00fcr das Schuljahr 2025 \/ 2026 finden Sie hier zum Herunterladen als PDF-Dokument:<\/p>\n<p><a href=\"https:\/\/wordpress.nibis.de\/gsilten\/files\/2026\/03\/Terminplan-2025-26-aktuell.pdf\" target=\"_blank\" rel=\"noopener noreferrer\">Terminplan 2025 \/ 2026<\/a><\/p>\n\n","protected":false},"excerpt":{"rendered":"<p>Die vorl\u00e4ufige Termin\u00fcbersicht f\u00fcr das Schuljahr 2025 \/ 2026 finden Sie hier zum Herunterladen als PDF-Dokument: Terminplan 2025 \/ 2026<\/p>\n","protected":false},"author":1293,"featured_media":0,"parent":0,"menu_order":0,"comment_status":"closed","ping_status":"closed","template":"","meta":{"footnotes":""},"class_list":["post-18","page","type-page","status-publish","hentry"],"_links":{"self":[{"href":"https:\/\/wordpress.nibis.de\/gsilten\/wp-json\/wp\/v2\/pages\/18","targetHints":{"allow":["GET"]}}],"collection":[{"href":"https:\/\/wordpress.nibis.de\/gsilten\/wp-json\/wp\/v2\/pages"}],"about":[{"href":"https:\/\/wordpress.nibis.de\/gsilten\/wp-json\/wp\/v2\/types\/page"}],"author":[{"embeddable":true,"href":"https:\/\/wordpress.nibis.de\/gsilten\/wp-json\/wp\/v2\/users\/1293"}],"replies":[{"embeddable":true,"href":"https:\/\/wordpress.nibis.de\/gsilten\/wp-json\/wp\/v2\/comments?post=18"}],"version-history":[{"count":46,"href":"https:\/\/wordpress.nibis.de\/gsilten\/wp-json\/wp\/v2\/pages\/18\/revisions"}],"predecessor-version":[{"id":2796,"href":"https:\/\/wordpress.nibis.de\/gsilten\/wp-json\/wp\/v2\/pages\/18\/revisions\/2796"}],"wp:attachment":[{"href":"https:\/\/wordpress.nibis.de\/gsilten\/wp-json\/wp\/v2\/media?parent=18"}],"curies":[{"name":"wp","href":"https:\/\/api.w.org\/{rel}","templated":true}]}}