{"id":1853,"date":"2021-07-01T10:00:04","date_gmt":"2021-07-01T08:00:04","guid":{"rendered":"https:\/\/wordpress.nibis.de\/gsilten\/?page_id=1853"},"modified":"2024-11-02T12:12:19","modified_gmt":"2024-11-02T11:12:19","slug":"zensierung-und-bewertungsschluessel","status":"publish","type":"page","link":"https:\/\/wordpress.nibis.de\/gsilten\/zensierung-und-bewertungsschluessel\/","title":{"rendered":"Zensierung und Bewertungsschl\u00fcssel"},"content":{"rendered":"\n<p>F\u00fcr die einzelnen F\u00e4cher gilt f\u00fcr alle schriftlichen Leistungen (schriftliche Arbeiten,<br>fachspezifische Aufgaben etc.) an unserer Schule folgendes Bewertungsraster nach<br>Rundungsregeln:<br><\/p>\n\n\n\n<figure class=\"wp-block-table\"><table><tbody><tr><td class=\"has-text-align-center\" data-align=\"center\"><strong>Zensur<\/strong><\/td><td><strong>Prozente<\/strong><\/td><\/tr><tr><td class=\"has-text-align-center\" data-align=\"center\">1<\/td><td>100% &#8211; 97%<\/td><\/tr><tr><td class=\"has-text-align-center\" data-align=\"center\">2<\/td><td> 96% &#8211; 85%<\/td><\/tr><tr><td class=\"has-text-align-center\" data-align=\"center\">3<\/td><td> 84% &#8211; 67%<\/td><\/tr><tr><td class=\"has-text-align-center\" data-align=\"center\">4<\/td><td> 66% &#8211; 50%<\/td><\/tr><tr><td class=\"has-text-align-center\" data-align=\"center\">5<\/td><td> 49% &#8211; 25%<\/td><\/tr><tr><td class=\"has-text-align-center\" data-align=\"center\">6<\/td><td> 24% &#8211; 0%<\/td><\/tr><\/tbody><\/table><\/figure>\n","protected":false},"excerpt":{"rendered":"<p>F\u00fcr die einzelnen F\u00e4cher gilt f\u00fcr alle schriftlichen Leistungen (schriftliche Arbeiten,fachspezifische Aufgaben etc.) an unserer Schule folgendes Bewertungsraster nachRundungsregeln: Zensur Prozente 1 100% &#8211; 97% 2 96% &#8211; 85% 3 84% &#8211; 67% 4 66% &#8211; 50% 5 49% &#8211; &hellip; <a href=\"https:\/\/wordpress.nibis.de\/gsilten\/zensierung-und-bewertungsschluessel\/\">Weiterlesen <span class=\"meta-nav\">&rarr;<\/span><\/a><\/p>\n","protected":false},"author":1293,"featured_media":0,"parent":0,"menu_order":0,"comment_status":"closed","ping_status":"closed","template":"","meta":{"footnotes":""},"class_list":["post-1853","page","type-page","status-publish","hentry"],"_links":{"self":[{"href":"https:\/\/wordpress.nibis.de\/gsilten\/wp-json\/wp\/v2\/pages\/1853","targetHints":{"allow":["GET"]}}],"collection":[{"href":"https:\/\/wordpress.nibis.de\/gsilten\/wp-json\/wp\/v2\/pages"}],"about":[{"href":"https:\/\/wordpress.nibis.de\/gsilten\/wp-json\/wp\/v2\/types\/page"}],"author":[{"embeddable":true,"href":"https:\/\/wordpress.nibis.de\/gsilten\/wp-json\/wp\/v2\/users\/1293"}],"replies":[{"embeddable":true,"href":"https:\/\/wordpress.nibis.de\/gsilten\/wp-json\/wp\/v2\/comments?post=1853"}],"version-history":[{"count":2,"href":"https:\/\/wordpress.nibis.de\/gsilten\/wp-json\/wp\/v2\/pages\/1853\/revisions"}],"predecessor-version":[{"id":2254,"href":"https:\/\/wordpress.nibis.de\/gsilten\/wp-json\/wp\/v2\/pages\/1853\/revisions\/2254"}],"wp:attachment":[{"href":"https:\/\/wordpress.nibis.de\/gsilten\/wp-json\/wp\/v2\/media?parent=1853"}],"curies":[{"name":"wp","href":"https:\/\/api.w.org\/{rel}","templated":true}]}}