{"id":1856,"date":"2021-07-01T10:07:39","date_gmt":"2021-07-01T08:07:39","guid":{"rendered":"https:\/\/wordpress.nibis.de\/gsilten\/?page_id=1856"},"modified":"2021-07-01T10:07:39","modified_gmt":"2021-07-01T08:07:39","slug":"leitbild","status":"publish","type":"page","link":"https:\/\/wordpress.nibis.de\/gsilten\/leitbild\/","title":{"rendered":"Leitbild"},"content":{"rendered":"\n<p>Auf dieser Seite m\u00f6chte wir Ihnen unser Leitbild vorstellen. Es bildet den Rahmen unserer<br>p\u00e4dagogischen Arbeit an der Wilhelm-Raabe-Schule. Das ist uns wichtig:<br>Leits\u00e4tze der Wilhelm Raabe Grundschule Ilten<\/p>\n\n\n\n<p><br><strong>1.) Wir sind eine Schule in einem besonderen Dorf. Daher legen wir<br>besonders viel Wert auf ein gutes Miteinander.<\/strong> <\/p>\n\n\n\n<ol class=\"wp-block-list\"><li>Dies zeigt sich an unserer Schule dadurch, dass wir jede individuelle<br>Pers\u00f6nlichkeit annehmen und als Bereicherung ansehen.<\/li><li>Unser Schulleben ist durch Toleranz gepr\u00e4gt. Feste Regeln und Strukturen geben<br>uns Sicherheit und Vertrauen, sodass sich jeder an unserer Schule wohlf\u00fchlen kann.<\/li><li>Um ein freundliches Miteinander zu erreichen, ermutigen wir unsere Sch\u00fclerinnen<br>und Sch\u00fcler, ihre Meinung zu \u00e4u\u00dfern sowie konstruktiv damit umzugehen, um ein<br>demokratisches Werteverst\u00e4ndnis anzubahnen.<\/li><\/ol>\n\n\n\n<p><strong>2.) Wir vermitteln einen wertsch\u00e4tzenden und respektvollen<br>Umgang mit- und untereinander.<\/strong> <\/p>\n\n\n\n<ol class=\"wp-block-list\"><li>Wir bem\u00fchen uns um ein soziales Klima, das durch gegenseitige Achtung,<br>Respekt und Hilfsbereitschaft gepr\u00e4gt ist.<\/li><li>Sch\u00fclerinnen und Sch\u00fcler k\u00f6nnen an unserer Schule ihre sozialen F\u00e4higkeiten<br>entwickeln, indem sie als Sch\u00fclerlotsen unterst\u00fctzen, als Streitschlichter Konflikte<br>l\u00f6sen und im Sch\u00fclerrat W\u00fcnsche \u00e4u\u00dfern und mitentscheiden d\u00fcrfen.<\/li><li>An unserer Schule nehmen wir uns Zeit, soziale Werte zu erfahren und aktuelle<br>Vorkommnisse gemeinsam und zeitnah aufzuarbeiten. Dabei unterst\u00fctzen<br>unterschiedliche Projekte die Sch\u00fclerinnen und Sch\u00fcler, ihre Konfliktl\u00f6sef\u00e4higkeit<br>weiterzuentwickeln.<\/li><\/ol>\n\n\n\n<p><strong>3.) Wir legen besonderen Wert auf eine angenehme Lern- und<br>Arbeitsatmosph\u00e4re.<\/strong> <\/p>\n\n\n\n<ol class=\"wp-block-list\"><li>Bei uns erfahren Arbeitsergebnisse eine besondere Wertsch\u00e4tzung. Wir nehmen<br>uns Zeit f\u00fcr eine auf Jahreszeiten, Unterrichtsthemen und besondere Anl\u00e4sse<br>bezogene Dekoration. Dies motiviert die Sch\u00fclerinnen und Sch\u00fcler zu einem<br>ansprechenden Erscheinungsbild ihrer Schule beizutragen und somit ihren Lernort<br>wertzusch\u00e4tzen.<\/li><li>Feste Regeln und Rituale im Schulalltag vermitteln Sicherheit und Geborgenheit<br>und f\u00fchren zu einem lernf\u00f6rderlichen Miteinander, in dem jeder seine St\u00e4rken<br>entwickeln kann.<\/li><li>Bei uns arbeiten Sch\u00fclerinnen und Sch\u00fcler in angenehm und lernunterst\u00fctzend<br>gestalteten R\u00e4umlichkeiten.<\/li><\/ol>\n\n\n\n<p><strong>4.) Wir f\u00f6rdern ein selbstst\u00e4ndiges und kooperatives Lernen und<br>Arbeiten.<\/strong> <\/p>\n\n\n\n<ol class=\"wp-block-list\"><li>Unsere Sch\u00fclerinnen und Sch\u00fcler werden ermutigt, Verantwortung f\u00fcr ihr Lernen<br>zu \u00fcbernehmen, indem sie regelm\u00e4\u00dfig in offenen und kooperativen Lernformen<br>arbeiten.<\/li><li>Durch selbstst\u00e4ndige und kooperative Lernformen f\u00f6rdern wir die Lernfreude und<br>Motivation unserer Sch\u00fclerinnen und Sch\u00fcler.<\/li><li>F\u00fcr uns sind handlungsorientierte Arbeitsformen sowie ein vielf\u00e4ltiger<br>Materialeinsatz wichtig.<\/li><\/ol>\n\n\n\n<p><strong>5.) Wir pflegen und sch\u00e4tzen eine gute Zusammenarbeit mit<br>unseren au\u00dferschulischen Partnern<\/strong> <\/p>\n\n\n\n<ol class=\"wp-block-list\"><li>Absprachen mit \u00f6rtlichen Einrichtungen und anderen Schulen erm\u00f6glichen uns,<br>die Sch\u00fcler in ihren St\u00e4rken und Schw\u00e4chen wahrzunehmen und zu f\u00f6rdern.<\/li><li>Unsere Unterrichtsinhalte erfahren eine besondere Vertiefung durch den<br>regelm\u00e4\u00dfigen Besuch au\u00dferschulischer Lernorte.<\/li><li>Unser Schulalltag wird durch Kooperationen und Aktionen unterschiedlicher<br>Einrichtungen vor Ort bereichert.<\/li><\/ol>\n\n\n\n<p><\/p>\n","protected":false},"excerpt":{"rendered":"<p>Auf dieser Seite m\u00f6chte wir Ihnen unser Leitbild vorstellen. Es bildet den Rahmen unsererp\u00e4dagogischen Arbeit an der Wilhelm-Raabe-Schule. Das ist uns wichtig:Leits\u00e4tze der Wilhelm Raabe Grundschule Ilten 1.) Wir sind eine Schule in einem besonderen Dorf. Daher legen wirbesonders viel &hellip; <a href=\"https:\/\/wordpress.nibis.de\/gsilten\/leitbild\/\">Weiterlesen <span class=\"meta-nav\">&rarr;<\/span><\/a><\/p>\n","protected":false},"author":1293,"featured_media":0,"parent":0,"menu_order":0,"comment_status":"closed","ping_status":"closed","template":"","meta":{"footnotes":""},"class_list":["post-1856","page","type-page","status-publish","hentry"],"_links":{"self":[{"href":"https:\/\/wordpress.nibis.de\/gsilten\/wp-json\/wp\/v2\/pages\/1856","targetHints":{"allow":["GET"]}}],"collection":[{"href":"https:\/\/wordpress.nibis.de\/gsilten\/wp-json\/wp\/v2\/pages"}],"about":[{"href":"https:\/\/wordpress.nibis.de\/gsilten\/wp-json\/wp\/v2\/types\/page"}],"author":[{"embeddable":true,"href":"https:\/\/wordpress.nibis.de\/gsilten\/wp-json\/wp\/v2\/users\/1293"}],"replies":[{"embeddable":true,"href":"https:\/\/wordpress.nibis.de\/gsilten\/wp-json\/wp\/v2\/comments?post=1856"}],"version-history":[{"count":1,"href":"https:\/\/wordpress.nibis.de\/gsilten\/wp-json\/wp\/v2\/pages\/1856\/revisions"}],"predecessor-version":[{"id":1857,"href":"https:\/\/wordpress.nibis.de\/gsilten\/wp-json\/wp\/v2\/pages\/1856\/revisions\/1857"}],"wp:attachment":[{"href":"https:\/\/wordpress.nibis.de\/gsilten\/wp-json\/wp\/v2\/media?parent=1856"}],"curies":[{"name":"wp","href":"https:\/\/api.w.org\/{rel}","templated":true}]}}