{"id":190,"date":"2017-04-13T18:38:04","date_gmt":"2017-04-13T16:38:04","guid":{"rendered":"http:\/\/wordpress.nibis.de\/gsilten\/?page_id=190"},"modified":"2026-04-27T20:49:20","modified_gmt":"2026-04-27T18:49:20","slug":"gesundes-fruehstueck","status":"publish","type":"page","link":"https:\/\/wordpress.nibis.de\/gsilten\/mehr-von-uns\/gesundes-fruehstueck\/","title":{"rendered":"Gesundes Fr\u00fchst\u00fcck"},"content":{"rendered":"<p>Das Gesunde Fr\u00fchst\u00fcck ist inzwischen an unserer Schule zu einer festen Einrichtung geworden. Viermal im Jahr wird das Fr\u00fchst\u00fcck durch jeweils eine der dritten und vierten Klassen ausgerichtet. Die Schulkinder bereiten selbst, mit Unterst\u00fctzung von helfenden Eltern und der Klassenlehrer\/in, das Fr\u00fchst\u00fcck f\u00fcr ihre Mitsch\u00fclerinnen und Mitsch\u00fcler zu. Sie schneiden das vorbereitete Obst und Gem\u00fcse, schmieren und dekorieren Brote f\u00fcr alle und helfen bei der Ausgabe am B\u00fcfett. Gefr\u00fchst\u00fcckt wird dann an saisonal dekorierten Tischen gemeinsam in der Pausenhalle \u2013 meist jahrgangsweise. Die zuk\u00fcnftigen Erstkl\u00e4ssler\/innen aus den \u00f6rtlichen Kinderg\u00e4rten werden ebenfalls eingeladen und d\u00fcrfen schon etwas \u201eSchulluft\u201c schnuppern.<\/p>\n<p>Finanziert wird das Gesunde Fr\u00fchst\u00fcck durch Spenden des F\u00f6rdervereins und die Brotspende der Firma Harry-Brot. Wir bedanken uns ganz herzlich!<\/p>\n<p>Vielen Dank auch an alle Eltern, die uns im Laufe der Jahre durch ihre Mithilfe im Klassenraum und in der K\u00fcche so vielf\u00e4ltig unterst\u00fctzt haben! Ohne Sie k\u00f6nnten wir das Gesunde Fr\u00fchst\u00fcck so nicht ausrichten!<\/p>\n\n\n\n\n<figure class=\"wp-block-image size-large\"><img loading=\"lazy\" decoding=\"async\" width=\"663\" height=\"1024\" src=\"https:\/\/wordpress.nibis.de\/gsilten\/files\/2026\/04\/IMG-20260424-WA0005-663x1024.jpeg\" alt=\"\" class=\"wp-image-2814\" srcset=\"https:\/\/wordpress.nibis.de\/gsilten\/files\/2026\/04\/IMG-20260424-WA0005-663x1024.jpeg 663w, https:\/\/wordpress.nibis.de\/gsilten\/files\/2026\/04\/IMG-20260424-WA0005-194x300.jpeg 194w, https:\/\/wordpress.nibis.de\/gsilten\/files\/2026\/04\/IMG-20260424-WA0005-768x1186.jpeg 768w, https:\/\/wordpress.nibis.de\/gsilten\/files\/2026\/04\/IMG-20260424-WA0005-100x154.jpeg 100w, https:\/\/wordpress.nibis.de\/gsilten\/files\/2026\/04\/IMG-20260424-WA0005-995x1536.jpeg 995w, https:\/\/wordpress.nibis.de\/gsilten\/files\/2026\/04\/IMG-20260424-WA0005-1326x2048.jpeg 1326w, https:\/\/wordpress.nibis.de\/gsilten\/files\/2026\/04\/IMG-20260424-WA0005-scaled.jpeg 1658w\" sizes=\"auto, (max-width: 663px) 100vw, 663px\" \/><\/figure>\n\n\n\n\n\n<figure class=\"wp-block-image size-large\"><img loading=\"lazy\" decoding=\"async\" width=\"576\" height=\"1024\" src=\"https:\/\/wordpress.nibis.de\/gsilten\/files\/2026\/04\/IMG-20260424-WA0022-576x1024.jpeg\" alt=\"\" class=\"wp-image-2817\" srcset=\"https:\/\/wordpress.nibis.de\/gsilten\/files\/2026\/04\/IMG-20260424-WA0022-576x1024.jpeg 576w, https:\/\/wordpress.nibis.de\/gsilten\/files\/2026\/04\/IMG-20260424-WA0022-169x300.jpeg 169w, https:\/\/wordpress.nibis.de\/gsilten\/files\/2026\/04\/IMG-20260424-WA0022-768x1365.jpeg 768w, https:\/\/wordpress.nibis.de\/gsilten\/files\/2026\/04\/IMG-20260424-WA0022-100x178.jpeg 100w, https:\/\/wordpress.nibis.de\/gsilten\/files\/2026\/04\/IMG-20260424-WA0022-864x1536.jpeg 864w, https:\/\/wordpress.nibis.de\/gsilten\/files\/2026\/04\/IMG-20260424-WA0022-1152x2048.jpeg 1152w, https:\/\/wordpress.nibis.de\/gsilten\/files\/2026\/04\/IMG-20260424-WA0022-scaled.jpeg 1440w\" sizes=\"auto, (max-width: 576px) 100vw, 576px\" \/><\/figure>\n\n\n\n\n\n<figure class=\"wp-block-image size-large\"><img loading=\"lazy\" decoding=\"async\" width=\"576\" height=\"1024\" src=\"https:\/\/wordpress.nibis.de\/gsilten\/files\/2026\/04\/IMG-20260424-WA0015-576x1024.jpeg\" alt=\"\" class=\"wp-image-2815\" srcset=\"https:\/\/wordpress.nibis.de\/gsilten\/files\/2026\/04\/IMG-20260424-WA0015-576x1024.jpeg 576w, https:\/\/wordpress.nibis.de\/gsilten\/files\/2026\/04\/IMG-20260424-WA0015-169x300.jpeg 169w, https:\/\/wordpress.nibis.de\/gsilten\/files\/2026\/04\/IMG-20260424-WA0015-768x1365.jpeg 768w, https:\/\/wordpress.nibis.de\/gsilten\/files\/2026\/04\/IMG-20260424-WA0015-100x178.jpeg 100w, https:\/\/wordpress.nibis.de\/gsilten\/files\/2026\/04\/IMG-20260424-WA0015-864x1536.jpeg 864w, https:\/\/wordpress.nibis.de\/gsilten\/files\/2026\/04\/IMG-20260424-WA0015-1152x2048.jpeg 1152w, https:\/\/wordpress.nibis.de\/gsilten\/files\/2026\/04\/IMG-20260424-WA0015-scaled.jpeg 1440w\" sizes=\"auto, (max-width: 576px) 100vw, 576px\" \/><\/figure>\n\n\n\n\n\n<figure class=\"wp-block-image size-large\"><img loading=\"lazy\" decoding=\"async\" width=\"576\" height=\"1024\" src=\"https:\/\/wordpress.nibis.de\/gsilten\/files\/2026\/04\/IMG-20260424-WA0019-576x1024.jpeg\" alt=\"\" class=\"wp-image-2816\" srcset=\"https:\/\/wordpress.nibis.de\/gsilten\/files\/2026\/04\/IMG-20260424-WA0019-576x1024.jpeg 576w, https:\/\/wordpress.nibis.de\/gsilten\/files\/2026\/04\/IMG-20260424-WA0019-169x300.jpeg 169w, https:\/\/wordpress.nibis.de\/gsilten\/files\/2026\/04\/IMG-20260424-WA0019-768x1365.jpeg 768w, https:\/\/wordpress.nibis.de\/gsilten\/files\/2026\/04\/IMG-20260424-WA0019-100x178.jpeg 100w, https:\/\/wordpress.nibis.de\/gsilten\/files\/2026\/04\/IMG-20260424-WA0019-864x1536.jpeg 864w, https:\/\/wordpress.nibis.de\/gsilten\/files\/2026\/04\/IMG-20260424-WA0019-1152x2048.jpeg 1152w, https:\/\/wordpress.nibis.de\/gsilten\/files\/2026\/04\/IMG-20260424-WA0019-scaled.jpeg 1440w\" sizes=\"auto, (max-width: 576px) 100vw, 576px\" \/><\/figure>\n","protected":false},"excerpt":{"rendered":"<p>Das Gesunde Fr\u00fchst\u00fcck ist inzwischen an unserer Schule zu einer festen Einrichtung geworden. Viermal im Jahr wird das Fr\u00fchst\u00fcck durch jeweils eine der dritten und vierten Klassen ausgerichtet. Die Schulkinder bereiten selbst, mit Unterst\u00fctzung von helfenden Eltern und der Klassenlehrer\/in, &hellip; <a href=\"https:\/\/wordpress.nibis.de\/gsilten\/mehr-von-uns\/gesundes-fruehstueck\/\">Weiterlesen <span class=\"meta-nav\">&rarr;<\/span><\/a><\/p>\n","protected":false},"author":1293,"featured_media":0,"parent":218,"menu_order":0,"comment_status":"closed","ping_status":"closed","template":"","meta":{"footnotes":""},"class_list":["post-190","page","type-page","status-publish","hentry"],"_links":{"self":[{"href":"https:\/\/wordpress.nibis.de\/gsilten\/wp-json\/wp\/v2\/pages\/190","targetHints":{"allow":["GET"]}}],"collection":[{"href":"https:\/\/wordpress.nibis.de\/gsilten\/wp-json\/wp\/v2\/pages"}],"about":[{"href":"https:\/\/wordpress.nibis.de\/gsilten\/wp-json\/wp\/v2\/types\/page"}],"author":[{"embeddable":true,"href":"https:\/\/wordpress.nibis.de\/gsilten\/wp-json\/wp\/v2\/users\/1293"}],"replies":[{"embeddable":true,"href":"https:\/\/wordpress.nibis.de\/gsilten\/wp-json\/wp\/v2\/comments?post=190"}],"version-history":[{"count":9,"href":"https:\/\/wordpress.nibis.de\/gsilten\/wp-json\/wp\/v2\/pages\/190\/revisions"}],"predecessor-version":[{"id":2821,"href":"https:\/\/wordpress.nibis.de\/gsilten\/wp-json\/wp\/v2\/pages\/190\/revisions\/2821"}],"up":[{"embeddable":true,"href":"https:\/\/wordpress.nibis.de\/gsilten\/wp-json\/wp\/v2\/pages\/218"}],"wp:attachment":[{"href":"https:\/\/wordpress.nibis.de\/gsilten\/wp-json\/wp\/v2\/media?parent=190"}],"curies":[{"name":"wp","href":"https:\/\/api.w.org\/{rel}","templated":true}]}}