{"id":1901,"date":"2022-03-16T12:57:56","date_gmt":"2022-03-16T11:57:56","guid":{"rendered":"https:\/\/wordpress.nibis.de\/gsilten\/?page_id=1901"},"modified":"2025-05-01T14:51:26","modified_gmt":"2025-05-01T12:51:26","slug":"kunstwerke-aus-dem-kwt-unterricht-2","status":"publish","type":"page","link":"https:\/\/wordpress.nibis.de\/gsilten\/kunstwerke-aus-dem-kwt-unterricht-2\/","title":{"rendered":"Hospitationstag an der KGS Sehnde"},"content":{"rendered":"\n\n\n\n\n\n\n\n\n\n\n\n\n\n\n\n\n\n\n\n\n<figure class=\"wp-block-image size-full\"><img loading=\"lazy\" decoding=\"async\" width=\"520\" height=\"276\" src=\"https:\/\/wordpress.nibis.de\/gsilten\/files\/2025\/05\/Hospitation.jpg\" alt=\"\" class=\"wp-image-2442\" srcset=\"https:\/\/wordpress.nibis.de\/gsilten\/files\/2025\/05\/Hospitation.jpg 520w, https:\/\/wordpress.nibis.de\/gsilten\/files\/2025\/05\/Hospitation-300x159.jpg 300w\" sizes=\"auto, (max-width: 520px) 100vw, 520px\" \/><\/figure>\n\n\n\n<p>Am 26.03.2025 durften die Lehrkr\u00e4fte der Wilhelm-Raabe-Grundschule im Rahmen einer internen Fortbildung die Arbeit der Kollegen und Kolleginnen der KGS Sehnde kennenlernen. Im Fokus stand dabei das neue Konzept der integrierten Eingangsstufe (IES).<\/p>\n<p>Zum Auftakt des Tages stellte die Schulleitung der KGS Sehnde das p\u00e4dagogische Modell der IES vor. Anschlie\u00dfend verteilten sich die Lehrkr\u00e4fte auf verschiedene Klassenr\u00e4ume, um Unterricht in unterschiedlichen Fachbereichen mitzuerleben. So konnten wir als Kollegium wertvolle Eindr\u00fccke \u00fcber die Unterrichtsgestaltung und die schulischen Abl\u00e4ufe der KGS gewinnen.\u00a0<\/p>\n<p>Den Abschluss des Tages bildete ein kollegialer Austausch, bei dem die gesammelten Beobachtungen und p\u00e4dagogischen Erfahrungen diskutiert wurden. Der Besuch und Austausch wurde von allen Beteiligten als inspirierend und bereichernd empfunden.<\/p>\n<p>Ein herzliches Dankesch\u00f6n gilt den Lehrkr\u00e4ften der KGS Sehnde f\u00fcr Ihre Offenheit und die M\u00f6glichkeit, einen praxisnahen Einblick in ihren Unterricht zu erhalten.\u00a0<\/p>\n","protected":false},"excerpt":{"rendered":"<p>Am 26.03.2025 durften die Lehrkr\u00e4fte der Wilhelm-Raabe-Grundschule im Rahmen einer internen Fortbildung die Arbeit der Kollegen und Kolleginnen der KGS Sehnde kennenlernen. Im Fokus stand dabei das neue Konzept der integrierten Eingangsstufe (IES). Zum Auftakt des Tages stellte die Schulleitung &hellip; <a href=\"https:\/\/wordpress.nibis.de\/gsilten\/kunstwerke-aus-dem-kwt-unterricht-2\/\">Weiterlesen <span class=\"meta-nav\">&rarr;<\/span><\/a><\/p>\n","protected":false},"author":1293,"featured_media":0,"parent":0,"menu_order":0,"comment_status":"closed","ping_status":"closed","template":"","meta":{"footnotes":""},"class_list":["post-1901","page","type-page","status-publish","hentry"],"_links":{"self":[{"href":"https:\/\/wordpress.nibis.de\/gsilten\/wp-json\/wp\/v2\/pages\/1901","targetHints":{"allow":["GET"]}}],"collection":[{"href":"https:\/\/wordpress.nibis.de\/gsilten\/wp-json\/wp\/v2\/pages"}],"about":[{"href":"https:\/\/wordpress.nibis.de\/gsilten\/wp-json\/wp\/v2\/types\/page"}],"author":[{"embeddable":true,"href":"https:\/\/wordpress.nibis.de\/gsilten\/wp-json\/wp\/v2\/users\/1293"}],"replies":[{"embeddable":true,"href":"https:\/\/wordpress.nibis.de\/gsilten\/wp-json\/wp\/v2\/comments?post=1901"}],"version-history":[{"count":3,"href":"https:\/\/wordpress.nibis.de\/gsilten\/wp-json\/wp\/v2\/pages\/1901\/revisions"}],"predecessor-version":[{"id":2443,"href":"https:\/\/wordpress.nibis.de\/gsilten\/wp-json\/wp\/v2\/pages\/1901\/revisions\/2443"}],"wp:attachment":[{"href":"https:\/\/wordpress.nibis.de\/gsilten\/wp-json\/wp\/v2\/media?parent=1901"}],"curies":[{"name":"wp","href":"https:\/\/api.w.org\/{rel}","templated":true}]}}