{"id":1928,"date":"2022-04-20T08:25:35","date_gmt":"2022-04-20T06:25:35","guid":{"rendered":"https:\/\/wordpress.nibis.de\/gsilten\/?page_id=1928"},"modified":"2026-03-08T18:10:18","modified_gmt":"2026-03-08T17:10:18","slug":"trommelzauber-14-03-19-03-2022","status":"publish","type":"page","link":"https:\/\/wordpress.nibis.de\/gsilten\/trommelzauber-14-03-19-03-2022\/","title":{"rendered":"KGS Blasorchester"},"content":{"rendered":"\n<p class=\"isSelectedEnd\">Am <strong>6. M\u00e4rz 2026<\/strong> durften sich die Sch\u00fclerinnen und Sch\u00fcler der vierten Klassen \u00fcber einen ganz besonderen musikalischen Besuch freuen: Das <strong>Blasorchester der KGS Sehnde<\/strong> war zu Gast an unserer Schule und pr\u00e4sentierte ein abwechslungsreiches Konzert.<\/p>\n<p class=\"isSelectedEnd\">Mit verschiedenen Instrumenten aus der Welt der Blasmusik stellten die Musikerinnen und Musiker ihr Orchester vor und zeigten eindrucksvoll, wie vielf\u00e4ltig ein Blasorchester klingen kann. Die Kinder konnten dabei Instrumente wie Trompete, Klarinette, Saxophon oder Posaune nicht nur h\u00f6ren, sondern auch mehr \u00fcber ihre Besonderheiten erfahren. Zwischen den Musikst\u00fccken erkl\u00e4rten die Mitglieder des Orchesters anschaulich, wie die einzelnen Instrumente funktionieren und welche Rolle sie im Orchester spielen.<\/p>\n<p class=\"isSelectedEnd\">Der Besuch des Blasorchesters war nicht nur ein tolles musikalisches Erlebnis, sondern gab den Kindern auch einen Einblick in die Welt des gemeinsamen Musizierens. Vielleicht wurde bei dem einen oder der anderen sogar das Interesse geweckt, selbst einmal ein Instrument zu lernen.<\/p>\n<p>Wir bedanken uns herzlich beim <strong>Blasorchester der KGS Sehnde<\/strong> f\u00fcr das gelungene Konzert und den musikalischen Vormittag, der unseren vierten Klassen sicher noch lange in Erinnerung bleiben wird!<\/p>\n<p>&nbsp;<\/p>\n\n\n\n<figure class=\"wp-block-image size-large\"><img loading=\"lazy\" decoding=\"async\" width=\"1024\" height=\"768\" src=\"https:\/\/wordpress.nibis.de\/gsilten\/files\/2026\/03\/KGS-1024x768.jpeg\" alt=\"\" class=\"wp-image-2803\" srcset=\"https:\/\/wordpress.nibis.de\/gsilten\/files\/2026\/03\/KGS-1024x768.jpeg 1024w, https:\/\/wordpress.nibis.de\/gsilten\/files\/2026\/03\/KGS-300x225.jpeg 300w, https:\/\/wordpress.nibis.de\/gsilten\/files\/2026\/03\/KGS-768x576.jpeg 768w, https:\/\/wordpress.nibis.de\/gsilten\/files\/2026\/03\/KGS-100x75.jpeg 100w, https:\/\/wordpress.nibis.de\/gsilten\/files\/2026\/03\/KGS-1536x1152.jpeg 1536w, https:\/\/wordpress.nibis.de\/gsilten\/files\/2026\/03\/KGS-2048x1536.jpeg 2048w\" sizes=\"auto, (max-width: 1024px) 100vw, 1024px\" \/><\/figure>\n\n\n\n\n\n<figure class=\"wp-block-image size-large\"><img loading=\"lazy\" decoding=\"async\" width=\"1024\" height=\"768\" src=\"https:\/\/wordpress.nibis.de\/gsilten\/files\/2026\/03\/KGS-2-1-1024x768.jpeg\" alt=\"\" class=\"wp-image-2808\" srcset=\"https:\/\/wordpress.nibis.de\/gsilten\/files\/2026\/03\/KGS-2-1-1024x768.jpeg 1024w, https:\/\/wordpress.nibis.de\/gsilten\/files\/2026\/03\/KGS-2-1-300x225.jpeg 300w, https:\/\/wordpress.nibis.de\/gsilten\/files\/2026\/03\/KGS-2-1-768x576.jpeg 768w, https:\/\/wordpress.nibis.de\/gsilten\/files\/2026\/03\/KGS-2-1-100x75.jpeg 100w, https:\/\/wordpress.nibis.de\/gsilten\/files\/2026\/03\/KGS-2-1-1536x1152.jpeg 1536w, https:\/\/wordpress.nibis.de\/gsilten\/files\/2026\/03\/KGS-2-1-2048x1536.jpeg 2048w\" sizes=\"auto, (max-width: 1024px) 100vw, 1024px\" \/><\/figure>\n","protected":false},"excerpt":{"rendered":"<p>Am 6. M\u00e4rz 2026 durften sich die Sch\u00fclerinnen und Sch\u00fcler der vierten Klassen \u00fcber einen ganz besonderen musikalischen Besuch freuen: Das Blasorchester der KGS Sehnde war zu Gast an unserer Schule und pr\u00e4sentierte ein abwechslungsreiches Konzert. Mit verschiedenen Instrumenten aus &hellip; <a href=\"https:\/\/wordpress.nibis.de\/gsilten\/trommelzauber-14-03-19-03-2022\/\">Weiterlesen <span class=\"meta-nav\">&rarr;<\/span><\/a><\/p>\n","protected":false},"author":1293,"featured_media":0,"parent":0,"menu_order":0,"comment_status":"closed","ping_status":"closed","template":"","meta":{"footnotes":""},"class_list":["post-1928","page","type-page","status-publish","hentry"],"_links":{"self":[{"href":"https:\/\/wordpress.nibis.de\/gsilten\/wp-json\/wp\/v2\/pages\/1928","targetHints":{"allow":["GET"]}}],"collection":[{"href":"https:\/\/wordpress.nibis.de\/gsilten\/wp-json\/wp\/v2\/pages"}],"about":[{"href":"https:\/\/wordpress.nibis.de\/gsilten\/wp-json\/wp\/v2\/types\/page"}],"author":[{"embeddable":true,"href":"https:\/\/wordpress.nibis.de\/gsilten\/wp-json\/wp\/v2\/users\/1293"}],"replies":[{"embeddable":true,"href":"https:\/\/wordpress.nibis.de\/gsilten\/wp-json\/wp\/v2\/comments?post=1928"}],"version-history":[{"count":7,"href":"https:\/\/wordpress.nibis.de\/gsilten\/wp-json\/wp\/v2\/pages\/1928\/revisions"}],"predecessor-version":[{"id":2809,"href":"https:\/\/wordpress.nibis.de\/gsilten\/wp-json\/wp\/v2\/pages\/1928\/revisions\/2809"}],"wp:attachment":[{"href":"https:\/\/wordpress.nibis.de\/gsilten\/wp-json\/wp\/v2\/media?parent=1928"}],"curies":[{"name":"wp","href":"https:\/\/api.w.org\/{rel}","templated":true}]}}