{"id":2137,"date":"2024-08-18T13:11:31","date_gmt":"2024-08-18T11:11:31","guid":{"rendered":"https:\/\/wordpress.nibis.de\/gsilten\/?page_id=2137"},"modified":"2026-01-02T14:32:42","modified_gmt":"2026-01-02T13:32:42","slug":"maedchen-handballturnier-2024-2","status":"publish","type":"page","link":"https:\/\/wordpress.nibis.de\/gsilten\/maedchen-handballturnier-2024-2\/","title":{"rendered":"Jungen-Fu\u00dfballturnier 2025"},"content":{"rendered":"\n<p>Im 25.11.2025 nahmen mehrere Sch\u00fcler der Wilhelm-Raabe-Schule am Jungen-Fu\u00dfballturnier der Grundschulen teil. Mit gro\u00dfem Einsatz, Teamgeist und viel Spielfreude traten sie gegen andere Schulen an und zeigten ihr fu\u00dfballerisches K\u00f6nnen. Am Ende konnten sich unsere Jungen \u00fcber einen hervorragenden 2. Platz freuen \u2013 ein toller Erfolg, zu dem wir herzlich gratulieren!\u00a0<\/p>\n\n\n\n<figure class=\"wp-block-image size-large\"><img loading=\"lazy\" decoding=\"async\" width=\"1024\" height=\"768\" src=\"https:\/\/wordpress.nibis.de\/gsilten\/files\/2026\/01\/1000224181-1024x768.jpg\" alt=\"\" class=\"wp-image-2714\" srcset=\"https:\/\/wordpress.nibis.de\/gsilten\/files\/2026\/01\/1000224181-1024x768.jpg 1024w, https:\/\/wordpress.nibis.de\/gsilten\/files\/2026\/01\/1000224181-300x225.jpg 300w, https:\/\/wordpress.nibis.de\/gsilten\/files\/2026\/01\/1000224181-768x576.jpg 768w, https:\/\/wordpress.nibis.de\/gsilten\/files\/2026\/01\/1000224181-100x75.jpg 100w, https:\/\/wordpress.nibis.de\/gsilten\/files\/2026\/01\/1000224181-1536x1152.jpg 1536w, https:\/\/wordpress.nibis.de\/gsilten\/files\/2026\/01\/1000224181.jpg 2048w\" sizes=\"auto, (max-width: 1024px) 100vw, 1024px\" \/><\/figure>\n\n\n\n<figure class=\"wp-block-image size-large\"><img loading=\"lazy\" decoding=\"async\" width=\"768\" height=\"1024\" src=\"https:\/\/wordpress.nibis.de\/gsilten\/files\/2026\/01\/1000224180-768x1024.jpg\" alt=\"\" class=\"wp-image-2716\" srcset=\"https:\/\/wordpress.nibis.de\/gsilten\/files\/2026\/01\/1000224180-768x1024.jpg 768w, https:\/\/wordpress.nibis.de\/gsilten\/files\/2026\/01\/1000224180-225x300.jpg 225w, https:\/\/wordpress.nibis.de\/gsilten\/files\/2026\/01\/1000224180-100x133.jpg 100w, https:\/\/wordpress.nibis.de\/gsilten\/files\/2026\/01\/1000224180-1152x1536.jpg 1152w, https:\/\/wordpress.nibis.de\/gsilten\/files\/2026\/01\/1000224180.jpg 1536w\" sizes=\"auto, (max-width: 768px) 100vw, 768px\" \/><\/figure>\n\n\n\n<figure class=\"wp-block-image size-large\"><img loading=\"lazy\" decoding=\"async\" width=\"768\" height=\"1024\" src=\"https:\/\/wordpress.nibis.de\/gsilten\/files\/2026\/01\/1000224179-1-768x1024.jpg\" alt=\"\" class=\"wp-image-2718\" srcset=\"https:\/\/wordpress.nibis.de\/gsilten\/files\/2026\/01\/1000224179-1-768x1024.jpg 768w, https:\/\/wordpress.nibis.de\/gsilten\/files\/2026\/01\/1000224179-1-225x300.jpg 225w, https:\/\/wordpress.nibis.de\/gsilten\/files\/2026\/01\/1000224179-1-100x133.jpg 100w, https:\/\/wordpress.nibis.de\/gsilten\/files\/2026\/01\/1000224179-1-1152x1536.jpg 1152w, https:\/\/wordpress.nibis.de\/gsilten\/files\/2026\/01\/1000224179-1.jpg 1536w\" sizes=\"auto, (max-width: 768px) 100vw, 768px\" \/><\/figure>\n\n\n\n<figure class=\"wp-block-image size-large\"><img loading=\"lazy\" decoding=\"async\" width=\"1024\" height=\"768\" src=\"https:\/\/wordpress.nibis.de\/gsilten\/files\/2026\/01\/1000224178-1024x768.jpg\" alt=\"\" class=\"wp-image-2719\" srcset=\"https:\/\/wordpress.nibis.de\/gsilten\/files\/2026\/01\/1000224178-1024x768.jpg 1024w, https:\/\/wordpress.nibis.de\/gsilten\/files\/2026\/01\/1000224178-300x225.jpg 300w, https:\/\/wordpress.nibis.de\/gsilten\/files\/2026\/01\/1000224178-768x576.jpg 768w, https:\/\/wordpress.nibis.de\/gsilten\/files\/2026\/01\/1000224178-100x75.jpg 100w, https:\/\/wordpress.nibis.de\/gsilten\/files\/2026\/01\/1000224178-1536x1152.jpg 1536w, https:\/\/wordpress.nibis.de\/gsilten\/files\/2026\/01\/1000224178.jpg 2048w\" sizes=\"auto, (max-width: 1024px) 100vw, 1024px\" \/><\/figure>\n","protected":false},"excerpt":{"rendered":"<p>Im 25.11.2025 nahmen mehrere Sch\u00fcler der Wilhelm-Raabe-Schule am Jungen-Fu\u00dfballturnier der Grundschulen teil. Mit gro\u00dfem Einsatz, Teamgeist und viel Spielfreude traten sie gegen andere Schulen an und zeigten ihr fu\u00dfballerisches K\u00f6nnen. Am Ende konnten sich unsere Jungen \u00fcber einen hervorragenden 2. &hellip; <a href=\"https:\/\/wordpress.nibis.de\/gsilten\/maedchen-handballturnier-2024-2\/\">Weiterlesen <span class=\"meta-nav\">&rarr;<\/span><\/a><\/p>\n","protected":false},"author":1293,"featured_media":0,"parent":0,"menu_order":0,"comment_status":"closed","ping_status":"closed","template":"","meta":{"footnotes":""},"class_list":["post-2137","page","type-page","status-publish","hentry"],"_links":{"self":[{"href":"https:\/\/wordpress.nibis.de\/gsilten\/wp-json\/wp\/v2\/pages\/2137","targetHints":{"allow":["GET"]}}],"collection":[{"href":"https:\/\/wordpress.nibis.de\/gsilten\/wp-json\/wp\/v2\/pages"}],"about":[{"href":"https:\/\/wordpress.nibis.de\/gsilten\/wp-json\/wp\/v2\/types\/page"}],"author":[{"embeddable":true,"href":"https:\/\/wordpress.nibis.de\/gsilten\/wp-json\/wp\/v2\/users\/1293"}],"replies":[{"embeddable":true,"href":"https:\/\/wordpress.nibis.de\/gsilten\/wp-json\/wp\/v2\/comments?post=2137"}],"version-history":[{"count":11,"href":"https:\/\/wordpress.nibis.de\/gsilten\/wp-json\/wp\/v2\/pages\/2137\/revisions"}],"predecessor-version":[{"id":2734,"href":"https:\/\/wordpress.nibis.de\/gsilten\/wp-json\/wp\/v2\/pages\/2137\/revisions\/2734"}],"wp:attachment":[{"href":"https:\/\/wordpress.nibis.de\/gsilten\/wp-json\/wp\/v2\/media?parent=2137"}],"curies":[{"name":"wp","href":"https:\/\/api.w.org\/{rel}","templated":true}]}}