{"id":216,"date":"2017-04-13T18:47:47","date_gmt":"2017-04-13T16:47:47","guid":{"rendered":"http:\/\/wordpress.nibis.de\/gsilten\/?page_id=216"},"modified":"2023-11-25T12:35:41","modified_gmt":"2023-11-25T11:35:41","slug":"schuelerbuecherei","status":"publish","type":"page","link":"https:\/\/wordpress.nibis.de\/gsilten\/mehr-von-uns\/schuelerbuecherei\/","title":{"rendered":"Sch\u00fclerb\u00fccherei"},"content":{"rendered":"<p><strong>\u201cLesen ist ein grenzenloses Abenteuer der Kindheit\u201d Astrid Lindgren<\/strong><\/p>\n<p>In unserer Sch\u00fclerb\u00fccherei an der Wilhelm-Raabe-Schule bieten wir \u00a0unseren Sch\u00fcler\/innen ein vielf\u00e4ltiges Leseangebot. Wir m\u00f6chten hiermit jedem Kind den Zugang zu B\u00fcchern erm\u00f6glichen und die Lesef\u00f6rderung unterst\u00fctzen. Wichtig ist es uns, Freude und Spa\u00df am Lesen zu wecken und zu entwickeln, diese zu f\u00f6rdern und auf lange Zeit bei den Kindern zu verankern.<\/p>\n<p>Unsere Sch\u00fclerb\u00fccherei befindet sich in einem Raum neben dem Lehrerzimmer. Sie hat einen Bestand von \u00fcber 1200 B\u00fcchern der verschiedensten Themenbereiche, die nach Lesestufen sortiert und gekennzeichnet sind, sodass sich die Kinder selbstst\u00e4ndig interessengeleitet B\u00fccher ausw\u00e4hlen k\u00f6nnen. Ebenso k\u00f6nnen auch Zeitschriften ausgeliehen werden. Die B\u00fccherei ist \u2013 dank der letzten gr\u00f6\u00dferen Renovierung &#8211; sehr gem\u00fctlich eingerichtet und verf\u00fcgt \u00fcber eine \u201eLesetreppe\u201c sowie Sitzs\u00e4cke, auf denen es sich die Kinder zum Lesen gem\u00fctlich machen k\u00f6nnen. Seitdem gibt es auch einen PC-Arbeitsplatz f\u00fcr die Kinder. Unsere B\u00fccherei wird viel genutzt und ist bei unseren Sch\u00fcler\/innen sehr beliebt.<\/p>\n<p>Einmal in der Woche \u2013 am Dienstag \u2013 ist die B\u00fccherei in den gro\u00dfen Pausen ge\u00f6ffnet. In der ersten gro\u00dfen Pause findet die Ausleihe f\u00fcr die ersten und zweiten Klassen statt, in der zweiten gro\u00dfen Pause f\u00fcr die dritten und vierten Klassen. Die w\u00f6chentliche Ausliehe organisiert Herr Buron. Aber auch f\u00fcr Lehrer besteht die M\u00f6glichkeit \u2013 auch unabh\u00e4ngig von den \u00d6ffnungszeiten \u2013 das B\u00fccherangebot f\u00fcr den Unterricht zu nutzen, auch spontan mit Sch\u00fclern z.B. zum Erstellen von Referaten etc. in Klasse 3 und 4.<\/p>\n<p>Jedes Kind bekommt von der B\u00fccherei einen Leseausweis, mit dem die B\u00fccher ausgeliehen werden k\u00f6nnen. Ist die Leihfrist \u00fcberschritten, erh\u00e4lt das Kind eine freundliche Erinnerung der B\u00fccherei \u00fcber den\/die Klassenlehrer\/in.<\/p>\n<p>Im ersten Schuljahr findet durch die Mitarbeiter\/innen der B\u00fccherei eine Einf\u00fchrung im Klassenverband statt. Hier erhalten die Kinder auch ihren Leseausweis.<\/p>\n<p>Die Sch\u00fclerb\u00fccherei der Grundschule Ilten wurde im Schuljahr 2012\/13 mit Unterst\u00fctzung des Schulvorstandes und des F\u00f6rdervereins der Wilhelm-Raabe-Schule gegr\u00fcndet. Zun\u00e4chst war sie im Lehrerzimmer der Schule untergebracht.<br \/>\nAnfang des Schuljahres 2016\/2017 zog die Schulb\u00fccherei dann in den neuen Raum um. Dank Firma Zilch, die das Material und die Arbeitskraft spendete, sowie der AG Kunst konnte die Ausleihe der B\u00fccher in einem in neuen Farben erstrahlten Raum wieder aufgenommen werden. Im Jahr 2019 waren dann dank einer gro\u00dfz\u00fcgigen Spende der Klosterkammer Hannover und des F\u00f6rdervereins je h\u00e4lftig von insgesamt 13.000 \u20ac ein weiterer Umbau und eine weitere Modernisierung der B\u00fccherei m\u00f6glich. Seitdem wurde die B\u00fccherei um zus\u00e4tzliche Regale, die Lesetreppe, Sitzs\u00e4cke sowie den Sch\u00fclerarbeitsplatz erweitert. Au\u00dferdem wurde das Ausleihsystem auf EDV umgestellt und\u00a0 die dazu notwendigen Dinge beschafft. Dies geschah wieder durch das gro\u00dfe Engagement der Eltern, federf\u00fchrend waren hierbei Frau Bengel und Frau Eder vom F\u00f6rderverein der Wilhelm-Raabe-Schule.<\/p>\n<p><img loading=\"lazy\" decoding=\"async\" class=\"aligncenter size-full wp-image-1840\" src=\"https:\/\/wordpress.nibis.de\/gsilten\/files\/2021\/07\/Bib-1.jpg\" alt=\"\" width=\"1600\" height=\"1200\" srcset=\"https:\/\/wordpress.nibis.de\/gsilten\/files\/2021\/07\/Bib-1.jpg 1600w, https:\/\/wordpress.nibis.de\/gsilten\/files\/2021\/07\/Bib-1-300x225.jpg 300w, https:\/\/wordpress.nibis.de\/gsilten\/files\/2021\/07\/Bib-1-1024x768.jpg 1024w, https:\/\/wordpress.nibis.de\/gsilten\/files\/2021\/07\/Bib-1-768x576.jpg 768w, https:\/\/wordpress.nibis.de\/gsilten\/files\/2021\/07\/Bib-1-1536x1152.jpg 1536w\" sizes=\"auto, (max-width: 1600px) 100vw, 1600px\" \/><img loading=\"lazy\" decoding=\"async\" class=\"aligncenter size-full wp-image-1841\" src=\"https:\/\/wordpress.nibis.de\/gsilten\/files\/2021\/07\/Bib-2.jpg\" alt=\"\" width=\"1600\" height=\"1200\" srcset=\"https:\/\/wordpress.nibis.de\/gsilten\/files\/2021\/07\/Bib-2.jpg 1600w, https:\/\/wordpress.nibis.de\/gsilten\/files\/2021\/07\/Bib-2-300x225.jpg 300w, https:\/\/wordpress.nibis.de\/gsilten\/files\/2021\/07\/Bib-2-1024x768.jpg 1024w, https:\/\/wordpress.nibis.de\/gsilten\/files\/2021\/07\/Bib-2-768x576.jpg 768w, https:\/\/wordpress.nibis.de\/gsilten\/files\/2021\/07\/Bib-2-1536x1152.jpg 1536w\" sizes=\"auto, (max-width: 1600px) 100vw, 1600px\" \/><img loading=\"lazy\" decoding=\"async\" class=\"aligncenter size-full wp-image-1842\" src=\"https:\/\/wordpress.nibis.de\/gsilten\/files\/2021\/07\/Bib-3-e1625125046631.jpg\" alt=\"\" width=\"1600\" height=\"1200\" srcset=\"https:\/\/wordpress.nibis.de\/gsilten\/files\/2021\/07\/Bib-3-e1625125046631.jpg 1600w, https:\/\/wordpress.nibis.de\/gsilten\/files\/2021\/07\/Bib-3-e1625125046631-300x225.jpg 300w, https:\/\/wordpress.nibis.de\/gsilten\/files\/2021\/07\/Bib-3-e1625125046631-1024x768.jpg 1024w, https:\/\/wordpress.nibis.de\/gsilten\/files\/2021\/07\/Bib-3-e1625125046631-768x576.jpg 768w, https:\/\/wordpress.nibis.de\/gsilten\/files\/2021\/07\/Bib-3-e1625125046631-1536x1152.jpg 1536w\" sizes=\"auto, (max-width: 1600px) 100vw, 1600px\" \/><\/p>\n","protected":false},"excerpt":{"rendered":"<p>\u201cLesen ist ein grenzenloses Abenteuer der Kindheit\u201d Astrid Lindgren In unserer Sch\u00fclerb\u00fccherei an der Wilhelm-Raabe-Schule bieten wir \u00a0unseren Sch\u00fcler\/innen ein vielf\u00e4ltiges Leseangebot. Wir m\u00f6chten hiermit jedem Kind den Zugang zu B\u00fcchern erm\u00f6glichen und die Lesef\u00f6rderung unterst\u00fctzen. Wichtig ist es uns, &hellip; <a href=\"https:\/\/wordpress.nibis.de\/gsilten\/mehr-von-uns\/schuelerbuecherei\/\">Weiterlesen <span class=\"meta-nav\">&rarr;<\/span><\/a><\/p>\n","protected":false},"author":1293,"featured_media":0,"parent":218,"menu_order":0,"comment_status":"closed","ping_status":"closed","template":"onecolumn-page.php","meta":{"footnotes":""},"class_list":["post-216","page","type-page","status-publish","hentry"],"_links":{"self":[{"href":"https:\/\/wordpress.nibis.de\/gsilten\/wp-json\/wp\/v2\/pages\/216","targetHints":{"allow":["GET"]}}],"collection":[{"href":"https:\/\/wordpress.nibis.de\/gsilten\/wp-json\/wp\/v2\/pages"}],"about":[{"href":"https:\/\/wordpress.nibis.de\/gsilten\/wp-json\/wp\/v2\/types\/page"}],"author":[{"embeddable":true,"href":"https:\/\/wordpress.nibis.de\/gsilten\/wp-json\/wp\/v2\/users\/1293"}],"replies":[{"embeddable":true,"href":"https:\/\/wordpress.nibis.de\/gsilten\/wp-json\/wp\/v2\/comments?post=216"}],"version-history":[{"count":6,"href":"https:\/\/wordpress.nibis.de\/gsilten\/wp-json\/wp\/v2\/pages\/216\/revisions"}],"predecessor-version":[{"id":2077,"href":"https:\/\/wordpress.nibis.de\/gsilten\/wp-json\/wp\/v2\/pages\/216\/revisions\/2077"}],"up":[{"embeddable":true,"href":"https:\/\/wordpress.nibis.de\/gsilten\/wp-json\/wp\/v2\/pages\/218"}],"wp:attachment":[{"href":"https:\/\/wordpress.nibis.de\/gsilten\/wp-json\/wp\/v2\/media?parent=216"}],"curies":[{"name":"wp","href":"https:\/\/api.w.org\/{rel}","templated":true}]}}