{"id":2165,"date":"2024-08-18T13:54:52","date_gmt":"2024-08-18T11:54:52","guid":{"rendered":"https:\/\/wordpress.nibis.de\/gsilten\/?page_id=2165"},"modified":"2026-01-02T14:14:39","modified_gmt":"2026-01-02T13:14:39","slug":"schachturnier-2024","status":"publish","type":"page","link":"https:\/\/wordpress.nibis.de\/gsilten\/schachturnier-2024\/","title":{"rendered":"GOP 2025"},"content":{"rendered":"\n<p data-start=\"57\" data-end=\"263\">Am 17.12. besuchte die gesamte Schulgemeinschaft der Wilhelm-Raabe-Schule gemeinsam das GOP Variet\u00e9-Theater. Dort sahen wir die beeindruckende Inszenierung von <em data-start=\"217\" data-end=\"260\">\u201eJim Knopf und Lukas der Lokomotivf\u00fchrer\u201c<\/em>.<\/p>\n<p data-start=\"270\" data-end=\"519\">Der Ausflug war f\u00fcr alle Sch\u00fclerinnen und Sch\u00fcler ein besonderes Erlebnis und sorgte mit viel Humor, Musik und fantasievollen Darstellungen f\u00fcr gro\u00dfe Begeisterung. Gemeinsam verbrachten wir einen unvergesslichen Vormittag au\u00dferhalb des Schulalltags.<\/p>\n\n\n\n<figure class=\"wp-block-image size-large\"><img loading=\"lazy\" decoding=\"async\" width=\"768\" height=\"1024\" src=\"https:\/\/wordpress.nibis.de\/gsilten\/files\/2026\/01\/20251217_104915-768x1024.jpg\" alt=\"\" class=\"wp-image-2724\" srcset=\"https:\/\/wordpress.nibis.de\/gsilten\/files\/2026\/01\/20251217_104915-768x1024.jpg 768w, https:\/\/wordpress.nibis.de\/gsilten\/files\/2026\/01\/20251217_104915-225x300.jpg 225w, https:\/\/wordpress.nibis.de\/gsilten\/files\/2026\/01\/20251217_104915-100x133.jpg 100w, https:\/\/wordpress.nibis.de\/gsilten\/files\/2026\/01\/20251217_104915-1152x1536.jpg 1152w, https:\/\/wordpress.nibis.de\/gsilten\/files\/2026\/01\/20251217_104915-1536x2048.jpg 1536w, https:\/\/wordpress.nibis.de\/gsilten\/files\/2026\/01\/20251217_104915-scaled.jpg 1920w\" sizes=\"auto, (max-width: 768px) 100vw, 768px\" \/><\/figure>\n\n\n\n<figure class=\"wp-block-image size-large\"><img loading=\"lazy\" decoding=\"async\" width=\"768\" height=\"1024\" src=\"https:\/\/wordpress.nibis.de\/gsilten\/files\/2026\/01\/20251217_112012-768x1024.jpg\" alt=\"\" class=\"wp-image-2725\" srcset=\"https:\/\/wordpress.nibis.de\/gsilten\/files\/2026\/01\/20251217_112012-768x1024.jpg 768w, https:\/\/wordpress.nibis.de\/gsilten\/files\/2026\/01\/20251217_112012-225x300.jpg 225w, https:\/\/wordpress.nibis.de\/gsilten\/files\/2026\/01\/20251217_112012-100x133.jpg 100w, https:\/\/wordpress.nibis.de\/gsilten\/files\/2026\/01\/20251217_112012-1152x1536.jpg 1152w, https:\/\/wordpress.nibis.de\/gsilten\/files\/2026\/01\/20251217_112012-1536x2048.jpg 1536w, https:\/\/wordpress.nibis.de\/gsilten\/files\/2026\/01\/20251217_112012-scaled.jpg 1920w\" sizes=\"auto, (max-width: 768px) 100vw, 768px\" \/><\/figure>\n","protected":false},"excerpt":{"rendered":"<p>Am 17.12. besuchte die gesamte Schulgemeinschaft der Wilhelm-Raabe-Schule gemeinsam das GOP Variet\u00e9-Theater. Dort sahen wir die beeindruckende Inszenierung von \u201eJim Knopf und Lukas der Lokomotivf\u00fchrer\u201c. Der Ausflug war f\u00fcr alle Sch\u00fclerinnen und Sch\u00fcler ein besonderes Erlebnis und sorgte mit viel &hellip; <a href=\"https:\/\/wordpress.nibis.de\/gsilten\/schachturnier-2024\/\">Weiterlesen <span class=\"meta-nav\">&rarr;<\/span><\/a><\/p>\n","protected":false},"author":1293,"featured_media":0,"parent":0,"menu_order":0,"comment_status":"closed","ping_status":"closed","template":"","meta":{"footnotes":""},"class_list":["post-2165","page","type-page","status-publish","hentry"],"_links":{"self":[{"href":"https:\/\/wordpress.nibis.de\/gsilten\/wp-json\/wp\/v2\/pages\/2165","targetHints":{"allow":["GET"]}}],"collection":[{"href":"https:\/\/wordpress.nibis.de\/gsilten\/wp-json\/wp\/v2\/pages"}],"about":[{"href":"https:\/\/wordpress.nibis.de\/gsilten\/wp-json\/wp\/v2\/types\/page"}],"author":[{"embeddable":true,"href":"https:\/\/wordpress.nibis.de\/gsilten\/wp-json\/wp\/v2\/users\/1293"}],"replies":[{"embeddable":true,"href":"https:\/\/wordpress.nibis.de\/gsilten\/wp-json\/wp\/v2\/comments?post=2165"}],"version-history":[{"count":4,"href":"https:\/\/wordpress.nibis.de\/gsilten\/wp-json\/wp\/v2\/pages\/2165\/revisions"}],"predecessor-version":[{"id":2726,"href":"https:\/\/wordpress.nibis.de\/gsilten\/wp-json\/wp\/v2\/pages\/2165\/revisions\/2726"}],"wp:attachment":[{"href":"https:\/\/wordpress.nibis.de\/gsilten\/wp-json\/wp\/v2\/media?parent=2165"}],"curies":[{"name":"wp","href":"https:\/\/api.w.org\/{rel}","templated":true}]}}