{"id":218,"date":"2017-04-13T18:54:54","date_gmt":"2017-04-13T16:54:54","guid":{"rendered":"http:\/\/wordpress.nibis.de\/gsilten\/?page_id=218"},"modified":"2020-11-07T16:54:18","modified_gmt":"2020-11-07T15:54:18","slug":"mehr-von-uns","status":"publish","type":"page","link":"https:\/\/wordpress.nibis.de\/gsilten\/mehr-von-uns\/","title":{"rendered":"Mehr von uns"},"content":{"rendered":"\n<p>Bitte w\u00e4hlen Sie eine Rubrik \u00fcber das Mehr von uns-Men\u00fc aus.<\/p>\n","protected":false},"excerpt":{"rendered":"<p>Bitte w\u00e4hlen Sie eine Rubrik \u00fcber das Mehr von uns-Men\u00fc aus.<\/p>\n","protected":false},"author":1293,"featured_media":0,"parent":0,"menu_order":0,"comment_status":"closed","ping_status":"closed","template":"","meta":{"footnotes":""},"class_list":["post-218","page","type-page","status-publish","hentry"],"_links":{"self":[{"href":"https:\/\/wordpress.nibis.de\/gsilten\/wp-json\/wp\/v2\/pages\/218","targetHints":{"allow":["GET"]}}],"collection":[{"href":"https:\/\/wordpress.nibis.de\/gsilten\/wp-json\/wp\/v2\/pages"}],"about":[{"href":"https:\/\/wordpress.nibis.de\/gsilten\/wp-json\/wp\/v2\/types\/page"}],"author":[{"embeddable":true,"href":"https:\/\/wordpress.nibis.de\/gsilten\/wp-json\/wp\/v2\/users\/1293"}],"replies":[{"embeddable":true,"href":"https:\/\/wordpress.nibis.de\/gsilten\/wp-json\/wp\/v2\/comments?post=218"}],"version-history":[{"count":2,"href":"https:\/\/wordpress.nibis.de\/gsilten\/wp-json\/wp\/v2\/pages\/218\/revisions"}],"predecessor-version":[{"id":1724,"href":"https:\/\/wordpress.nibis.de\/gsilten\/wp-json\/wp\/v2\/pages\/218\/revisions\/1724"}],"wp:attachment":[{"href":"https:\/\/wordpress.nibis.de\/gsilten\/wp-json\/wp\/v2\/media?parent=218"}],"curies":[{"name":"wp","href":"https:\/\/api.w.org\/{rel}","templated":true}]}}