{"id":22,"date":"2017-03-03T11:13:33","date_gmt":"2017-03-03T10:13:33","guid":{"rendered":"http:\/\/wordpress.nibis.de\/gsilten\/?page_id=22"},"modified":"2019-05-08T18:45:07","modified_gmt":"2019-05-08T16:45:07","slug":"impressum","status":"publish","type":"page","link":"https:\/\/wordpress.nibis.de\/gsilten\/impressum\/","title":{"rendered":"Impressum"},"content":{"rendered":"<p>Land Niedersachsen (Diensteanbieter im Sinne des Telemediengesetzes)<\/p>\n<p>Das Land Niedersachsen ist eine juristische Person des \u00f6ffentlichen Rechts<br \/>\nvertreten durch<\/p>\n<p>Schulleitung:<br \/>\nRegina Hecht, Rektorin<\/p>\n<p>Wilhelm-Raabe-Schule<br \/>\nVerl\u00e4ssliche Grundschule&nbsp;Ilten<br \/>\nGl\u00fcckauf-Stra\u00dfe 15<br \/>\n31319 Sehnde (OT Ilten)<br \/>\nTel.: 05132 7286<br \/>\nFax: 05132 589722<br \/>\nE-Mail: <a href=\"&#109;&#x61;i&#108;&#x74;o&#x3a;&#x68;&#101;&#x63;h&#116;&#x40;g&#114;&#x75;&#110;&#x64;s&#99;&#x68;u&#108;&#x65;&#110;&#x2d;&#x73;&#101;&#x68;n&#100;&#x65;&#46;&#x64;&#x65;\"><span style=\"color: #0000ff\">hecht(at)grundschulen-sehnde.de<\/span><\/a><\/p>\n<p>Schulische Datenschutzbeauftragte: <a href=\"&#109;&#x61;&#105;&#x6c;&#116;&#x6f;:&#x69;l&#116;&#x65;&#110;&#x40;&#103;&#x72;u&#x6e;d&#115;&#x63;&#104;&#x75;&#108;&#x65;&#110;&#x2d;s&#x65;h&#110;&#x64;&#101;&#x2e;&#100;&#x65;\"><span style=\"color: #0000ff\">ilten(at)grundschulen-sehnde.de<\/span><\/a><br \/>\n<a href=\"http:\/\/wordpress.nibis.de\/gsilten\/datenschutzerklaerung\/\"><span style=\"color: #0000ff\">Datenschutzerkl\u00e4rung<\/span><\/a><\/p>\n<p>Verantwortlicher f\u00fcr redaktionell-journalistische Angebote i. S. d. \u00a7 55 Abs. 2 Rundfunkstaatsvertrag:<\/p>\n<p>Regina Hecht<br \/>\nWilhelm-Raabe-Schule<br \/>\nGl\u00fcckauf-Stra\u00dfe 15<br \/>\n31319 Sehnde<br \/>\nTel.: 05132 7286<\/p>\n<p><span style=\"text-decoration: underline\"><strong>Disclaimer<\/strong><\/span><\/p>\n<p>Diese Webseite beinhaltet externe Links. Deren Inhalte entziehen sich unserer Einflussnahme, sodass eine Gew\u00e4hr f\u00fcr solche Inhalte von uns nicht \u00fcbernommen werden kann.<\/p>\n<p>Die Verantwortung liegt stets beim jeweiligen Betreiber der externen Seiten. Zum Zeitpunkt der Verkn\u00fcpfung der externen Links waren keine Rechtsverst\u00f6\u00dfe ersichtlich. Die permanente \u00dcberwachung fremder Inhalte auf Rechtsverst\u00f6\u00dfe ohne konkrete Hinweise ist uns nicht zumutbar.<\/p>\n<p>Sollten wir Kenntnis von Rechtsverletzungen erlangen, werden wir die entsprechenden externen Links unverz\u00fcglich entfernen.<\/p>\n","protected":false},"excerpt":{"rendered":"<p>Land Niedersachsen (Diensteanbieter im Sinne des Telemediengesetzes) Das Land Niedersachsen ist eine juristische Person des \u00f6ffentlichen Rechts vertreten durch Schulleitung: Regina Hecht, Rektorin Wilhelm-Raabe-Schule Verl\u00e4ssliche Grundschule&nbsp;Ilten Gl\u00fcckauf-Stra\u00dfe 15 31319 Sehnde (OT Ilten) Tel.: 05132 7286 Fax: 05132 589722 E-Mail: hecht(at)grundschulen-sehnde.de &hellip; <a href=\"https:\/\/wordpress.nibis.de\/gsilten\/impressum\/\">Weiterlesen <span class=\"meta-nav\">&rarr;<\/span><\/a><\/p>\n","protected":false},"author":1293,"featured_media":0,"parent":0,"menu_order":0,"comment_status":"closed","ping_status":"closed","template":"","meta":{"footnotes":""},"class_list":["post-22","page","type-page","status-publish","hentry"],"_links":{"self":[{"href":"https:\/\/wordpress.nibis.de\/gsilten\/wp-json\/wp\/v2\/pages\/22","targetHints":{"allow":["GET"]}}],"collection":[{"href":"https:\/\/wordpress.nibis.de\/gsilten\/wp-json\/wp\/v2\/pages"}],"about":[{"href":"https:\/\/wordpress.nibis.de\/gsilten\/wp-json\/wp\/v2\/types\/page"}],"author":[{"embeddable":true,"href":"https:\/\/wordpress.nibis.de\/gsilten\/wp-json\/wp\/v2\/users\/1293"}],"replies":[{"embeddable":true,"href":"https:\/\/wordpress.nibis.de\/gsilten\/wp-json\/wp\/v2\/comments?post=22"}],"version-history":[{"count":9,"href":"https:\/\/wordpress.nibis.de\/gsilten\/wp-json\/wp\/v2\/pages\/22\/revisions"}],"predecessor-version":[{"id":1350,"href":"https:\/\/wordpress.nibis.de\/gsilten\/wp-json\/wp\/v2\/pages\/22\/revisions\/1350"}],"wp:attachment":[{"href":"https:\/\/wordpress.nibis.de\/gsilten\/wp-json\/wp\/v2\/media?parent=22"}],"curies":[{"name":"wp","href":"https:\/\/api.w.org\/{rel}","templated":true}]}}