{"id":2231,"date":"2024-09-01T14:10:00","date_gmt":"2024-09-01T12:10:00","guid":{"rendered":"https:\/\/wordpress.nibis.de\/gsilten\/?page_id=2231"},"modified":"2025-09-11T13:33:18","modified_gmt":"2025-09-11T11:33:18","slug":"sicherer-schulweg-2024","status":"publish","type":"page","link":"https:\/\/wordpress.nibis.de\/gsilten\/sicherer-schulweg-2024\/","title":{"rendered":"Sicherer Schulweg 2025"},"content":{"rendered":"\n<p>Die ersten Klassen durften mit freundlicher Unterst\u00fctzung der Polizei Sehnde auch in diesem Jahr wieder die gelben F\u00fc\u00dfe f\u00fcr einen sicheren Fu\u00dfweg spr\u00fchen.&nbsp;<\/p>\n\n\n\n<figure class=\"wp-block-image size-large\"><img loading=\"lazy\" decoding=\"async\" width=\"1024\" height=\"768\" src=\"https:\/\/wordpress.nibis.de\/gsilten\/files\/2025\/09\/20250909_090826-min-1024x768.jpg\" alt=\"\" class=\"wp-image-2510\" srcset=\"https:\/\/wordpress.nibis.de\/gsilten\/files\/2025\/09\/20250909_090826-min-1024x768.jpg 1024w, https:\/\/wordpress.nibis.de\/gsilten\/files\/2025\/09\/20250909_090826-min-300x225.jpg 300w, https:\/\/wordpress.nibis.de\/gsilten\/files\/2025\/09\/20250909_090826-min-768x576.jpg 768w, https:\/\/wordpress.nibis.de\/gsilten\/files\/2025\/09\/20250909_090826-min-1536x1152.jpg 1536w, https:\/\/wordpress.nibis.de\/gsilten\/files\/2025\/09\/20250909_090826-min-2048x1536.jpg 2048w\" sizes=\"auto, (max-width: 1024px) 100vw, 1024px\" \/><\/figure>\n\n\n\n<figure class=\"wp-block-image size-large\"><img loading=\"lazy\" decoding=\"async\" width=\"1024\" height=\"768\" src=\"https:\/\/wordpress.nibis.de\/gsilten\/files\/2025\/09\/20250909_090945-min-1024x768.jpg\" alt=\"\" class=\"wp-image-2512\" srcset=\"https:\/\/wordpress.nibis.de\/gsilten\/files\/2025\/09\/20250909_090945-min-1024x768.jpg 1024w, https:\/\/wordpress.nibis.de\/gsilten\/files\/2025\/09\/20250909_090945-min-300x225.jpg 300w, https:\/\/wordpress.nibis.de\/gsilten\/files\/2025\/09\/20250909_090945-min-768x576.jpg 768w, https:\/\/wordpress.nibis.de\/gsilten\/files\/2025\/09\/20250909_090945-min-1536x1152.jpg 1536w, https:\/\/wordpress.nibis.de\/gsilten\/files\/2025\/09\/20250909_090945-min-2048x1536.jpg 2048w\" sizes=\"auto, (max-width: 1024px) 100vw, 1024px\" \/><\/figure>\n\n\n\n<figure class=\"wp-block-image size-large\"><img loading=\"lazy\" decoding=\"async\" width=\"1024\" height=\"768\" src=\"https:\/\/wordpress.nibis.de\/gsilten\/files\/2025\/09\/20250909_092100-min-1024x768.jpg\" alt=\"\" class=\"wp-image-2513\" srcset=\"https:\/\/wordpress.nibis.de\/gsilten\/files\/2025\/09\/20250909_092100-min-1024x768.jpg 1024w, https:\/\/wordpress.nibis.de\/gsilten\/files\/2025\/09\/20250909_092100-min-300x225.jpg 300w, https:\/\/wordpress.nibis.de\/gsilten\/files\/2025\/09\/20250909_092100-min-768x576.jpg 768w, https:\/\/wordpress.nibis.de\/gsilten\/files\/2025\/09\/20250909_092100-min-1536x1152.jpg 1536w, https:\/\/wordpress.nibis.de\/gsilten\/files\/2025\/09\/20250909_092100-min-2048x1536.jpg 2048w\" sizes=\"auto, (max-width: 1024px) 100vw, 1024px\" \/><\/figure>\n\n\n\n\n\n<figure class=\"wp-block-image size-large\"><img loading=\"lazy\" decoding=\"async\" width=\"1024\" height=\"768\" src=\"https:\/\/wordpress.nibis.de\/gsilten\/files\/2025\/09\/20250909_091313-min-1024x768.jpg\" alt=\"\" class=\"wp-image-2514\" srcset=\"https:\/\/wordpress.nibis.de\/gsilten\/files\/2025\/09\/20250909_091313-min-1024x768.jpg 1024w, https:\/\/wordpress.nibis.de\/gsilten\/files\/2025\/09\/20250909_091313-min-300x225.jpg 300w, https:\/\/wordpress.nibis.de\/gsilten\/files\/2025\/09\/20250909_091313-min-768x576.jpg 768w, https:\/\/wordpress.nibis.de\/gsilten\/files\/2025\/09\/20250909_091313-min-1536x1152.jpg 1536w, https:\/\/wordpress.nibis.de\/gsilten\/files\/2025\/09\/20250909_091313-min-2048x1536.jpg 2048w\" sizes=\"auto, (max-width: 1024px) 100vw, 1024px\" \/><\/figure>\n\n\n\n<figure class=\"wp-block-image size-large\"><img loading=\"lazy\" decoding=\"async\" width=\"1024\" height=\"768\" src=\"https:\/\/wordpress.nibis.de\/gsilten\/files\/2025\/09\/20250909_090959-min-1024x768.jpg\" alt=\"\" class=\"wp-image-2515\" srcset=\"https:\/\/wordpress.nibis.de\/gsilten\/files\/2025\/09\/20250909_090959-min-1024x768.jpg 1024w, https:\/\/wordpress.nibis.de\/gsilten\/files\/2025\/09\/20250909_090959-min-300x225.jpg 300w, https:\/\/wordpress.nibis.de\/gsilten\/files\/2025\/09\/20250909_090959-min-768x576.jpg 768w, https:\/\/wordpress.nibis.de\/gsilten\/files\/2025\/09\/20250909_090959-min-1536x1152.jpg 1536w, https:\/\/wordpress.nibis.de\/gsilten\/files\/2025\/09\/20250909_090959-min-2048x1536.jpg 2048w\" sizes=\"auto, (max-width: 1024px) 100vw, 1024px\" \/><\/figure>\n","protected":false},"excerpt":{"rendered":"<p>Die ersten Klassen durften mit freundlicher Unterst\u00fctzung der Polizei Sehnde auch in diesem Jahr wieder die gelben F\u00fc\u00dfe f\u00fcr einen sicheren Fu\u00dfweg spr\u00fchen.&nbsp;<\/p>\n","protected":false},"author":1293,"featured_media":0,"parent":0,"menu_order":0,"comment_status":"closed","ping_status":"closed","template":"","meta":{"footnotes":""},"class_list":["post-2231","page","type-page","status-publish","hentry"],"_links":{"self":[{"href":"https:\/\/wordpress.nibis.de\/gsilten\/wp-json\/wp\/v2\/pages\/2231","targetHints":{"allow":["GET"]}}],"collection":[{"href":"https:\/\/wordpress.nibis.de\/gsilten\/wp-json\/wp\/v2\/pages"}],"about":[{"href":"https:\/\/wordpress.nibis.de\/gsilten\/wp-json\/wp\/v2\/types\/page"}],"author":[{"embeddable":true,"href":"https:\/\/wordpress.nibis.de\/gsilten\/wp-json\/wp\/v2\/users\/1293"}],"replies":[{"embeddable":true,"href":"https:\/\/wordpress.nibis.de\/gsilten\/wp-json\/wp\/v2\/comments?post=2231"}],"version-history":[{"count":5,"href":"https:\/\/wordpress.nibis.de\/gsilten\/wp-json\/wp\/v2\/pages\/2231\/revisions"}],"predecessor-version":[{"id":2516,"href":"https:\/\/wordpress.nibis.de\/gsilten\/wp-json\/wp\/v2\/pages\/2231\/revisions\/2516"}],"wp:attachment":[{"href":"https:\/\/wordpress.nibis.de\/gsilten\/wp-json\/wp\/v2\/media?parent=2231"}],"curies":[{"name":"wp","href":"https:\/\/api.w.org\/{rel}","templated":true}]}}