{"id":2297,"date":"2025-01-07T18:46:11","date_gmt":"2025-01-07T17:46:11","guid":{"rendered":"https:\/\/wordpress.nibis.de\/gsilten\/?page_id=2297"},"modified":"2026-04-27T20:33:53","modified_gmt":"2026-04-27T18:33:53","slug":"gesundes-fruehstueck-2024","status":"publish","type":"page","link":"https:\/\/wordpress.nibis.de\/gsilten\/gesundes-fruehstueck-2024\/","title":{"rendered":"Gesundes Fr\u00fchst\u00fcck 2026"},"content":{"rendered":"\n<p data-start=\"59\" data-end=\"342\">Alle drei Monate findet an unserer Schule ein gesundes Fr\u00fchst\u00fcck statt. Dabei \u00fcbernimmt jeweils eine Klasse die Vorbereitung und versorgt nicht nur die gesamte Schulgemeinschaft, sondern auch einige umliegende Kinderg\u00e4rten mit einem vielf\u00e4ltigen und ausgewogenen Fr\u00fchst\u00fccksangebot.<\/p>\n<p data-start=\"349\" data-end=\"650\">Mit viel Engagement und Freude bereiten die Kinder gesunde Speisen zu und lernen dabei, wie wichtig eine ausgewogene Ern\u00e4hrung ist. Tatkr\u00e4ftig unterst\u00fctzt werden sie von den Eltern der Klasse, die bei der Planung und Zubereitung helfen. Ein herzliches Dankesch\u00f6n an alle Beteiligten f\u00fcr ihren Einsatz!<\/p>\n\n\n\n<figure class=\"wp-block-image size-large\"><img loading=\"lazy\" decoding=\"async\" width=\"663\" height=\"1024\" src=\"https:\/\/wordpress.nibis.de\/gsilten\/files\/2026\/04\/IMG-20260424-WA0005-663x1024.jpeg\" alt=\"\" class=\"wp-image-2814\" srcset=\"https:\/\/wordpress.nibis.de\/gsilten\/files\/2026\/04\/IMG-20260424-WA0005-663x1024.jpeg 663w, https:\/\/wordpress.nibis.de\/gsilten\/files\/2026\/04\/IMG-20260424-WA0005-194x300.jpeg 194w, https:\/\/wordpress.nibis.de\/gsilten\/files\/2026\/04\/IMG-20260424-WA0005-768x1186.jpeg 768w, https:\/\/wordpress.nibis.de\/gsilten\/files\/2026\/04\/IMG-20260424-WA0005-100x154.jpeg 100w, https:\/\/wordpress.nibis.de\/gsilten\/files\/2026\/04\/IMG-20260424-WA0005-995x1536.jpeg 995w, https:\/\/wordpress.nibis.de\/gsilten\/files\/2026\/04\/IMG-20260424-WA0005-1326x2048.jpeg 1326w, https:\/\/wordpress.nibis.de\/gsilten\/files\/2026\/04\/IMG-20260424-WA0005-scaled.jpeg 1658w\" sizes=\"auto, (max-width: 663px) 100vw, 663px\" \/><\/figure>\n\n\n\n<figure class=\"wp-block-image size-large\"><img loading=\"lazy\" decoding=\"async\" width=\"576\" height=\"1024\" src=\"https:\/\/wordpress.nibis.de\/gsilten\/files\/2026\/04\/IMG-20260424-WA0019-576x1024.jpeg\" alt=\"\" class=\"wp-image-2816\" srcset=\"https:\/\/wordpress.nibis.de\/gsilten\/files\/2026\/04\/IMG-20260424-WA0019-576x1024.jpeg 576w, https:\/\/wordpress.nibis.de\/gsilten\/files\/2026\/04\/IMG-20260424-WA0019-169x300.jpeg 169w, https:\/\/wordpress.nibis.de\/gsilten\/files\/2026\/04\/IMG-20260424-WA0019-768x1365.jpeg 768w, https:\/\/wordpress.nibis.de\/gsilten\/files\/2026\/04\/IMG-20260424-WA0019-100x178.jpeg 100w, https:\/\/wordpress.nibis.de\/gsilten\/files\/2026\/04\/IMG-20260424-WA0019-864x1536.jpeg 864w, https:\/\/wordpress.nibis.de\/gsilten\/files\/2026\/04\/IMG-20260424-WA0019-1152x2048.jpeg 1152w, https:\/\/wordpress.nibis.de\/gsilten\/files\/2026\/04\/IMG-20260424-WA0019-scaled.jpeg 1440w\" sizes=\"auto, (max-width: 576px) 100vw, 576px\" \/><\/figure>\n\n\n\n<figure class=\"wp-block-image size-large\"><img loading=\"lazy\" decoding=\"async\" width=\"576\" height=\"1024\" src=\"https:\/\/wordpress.nibis.de\/gsilten\/files\/2026\/04\/IMG-20260424-WA0022-576x1024.jpeg\" alt=\"\" class=\"wp-image-2817\" srcset=\"https:\/\/wordpress.nibis.de\/gsilten\/files\/2026\/04\/IMG-20260424-WA0022-576x1024.jpeg 576w, https:\/\/wordpress.nibis.de\/gsilten\/files\/2026\/04\/IMG-20260424-WA0022-169x300.jpeg 169w, https:\/\/wordpress.nibis.de\/gsilten\/files\/2026\/04\/IMG-20260424-WA0022-768x1365.jpeg 768w, https:\/\/wordpress.nibis.de\/gsilten\/files\/2026\/04\/IMG-20260424-WA0022-100x178.jpeg 100w, https:\/\/wordpress.nibis.de\/gsilten\/files\/2026\/04\/IMG-20260424-WA0022-864x1536.jpeg 864w, https:\/\/wordpress.nibis.de\/gsilten\/files\/2026\/04\/IMG-20260424-WA0022-1152x2048.jpeg 1152w, https:\/\/wordpress.nibis.de\/gsilten\/files\/2026\/04\/IMG-20260424-WA0022-scaled.jpeg 1440w\" sizes=\"auto, (max-width: 576px) 100vw, 576px\" \/><\/figure>\n\n\n\n<figure class=\"wp-block-image size-large\"><img loading=\"lazy\" decoding=\"async\" width=\"576\" height=\"1024\" src=\"https:\/\/wordpress.nibis.de\/gsilten\/files\/2026\/04\/IMG-20260424-WA0015-576x1024.jpeg\" alt=\"\" class=\"wp-image-2815\" srcset=\"https:\/\/wordpress.nibis.de\/gsilten\/files\/2026\/04\/IMG-20260424-WA0015-576x1024.jpeg 576w, https:\/\/wordpress.nibis.de\/gsilten\/files\/2026\/04\/IMG-20260424-WA0015-169x300.jpeg 169w, https:\/\/wordpress.nibis.de\/gsilten\/files\/2026\/04\/IMG-20260424-WA0015-768x1365.jpeg 768w, https:\/\/wordpress.nibis.de\/gsilten\/files\/2026\/04\/IMG-20260424-WA0015-100x178.jpeg 100w, https:\/\/wordpress.nibis.de\/gsilten\/files\/2026\/04\/IMG-20260424-WA0015-864x1536.jpeg 864w, https:\/\/wordpress.nibis.de\/gsilten\/files\/2026\/04\/IMG-20260424-WA0015-1152x2048.jpeg 1152w, https:\/\/wordpress.nibis.de\/gsilten\/files\/2026\/04\/IMG-20260424-WA0015-scaled.jpeg 1440w\" sizes=\"auto, (max-width: 576px) 100vw, 576px\" \/><\/figure>\n","protected":false},"excerpt":{"rendered":"<p>Alle drei Monate findet an unserer Schule ein gesundes Fr\u00fchst\u00fcck statt. Dabei \u00fcbernimmt jeweils eine Klasse die Vorbereitung und versorgt nicht nur die gesamte Schulgemeinschaft, sondern auch einige umliegende Kinderg\u00e4rten mit einem vielf\u00e4ltigen und ausgewogenen Fr\u00fchst\u00fccksangebot. Mit viel Engagement und &hellip; <a href=\"https:\/\/wordpress.nibis.de\/gsilten\/gesundes-fruehstueck-2024\/\">Weiterlesen <span class=\"meta-nav\">&rarr;<\/span><\/a><\/p>\n","protected":false},"author":1293,"featured_media":0,"parent":0,"menu_order":0,"comment_status":"closed","ping_status":"closed","template":"","meta":{"footnotes":""},"class_list":["post-2297","page","type-page","status-publish","hentry"],"_links":{"self":[{"href":"https:\/\/wordpress.nibis.de\/gsilten\/wp-json\/wp\/v2\/pages\/2297","targetHints":{"allow":["GET"]}}],"collection":[{"href":"https:\/\/wordpress.nibis.de\/gsilten\/wp-json\/wp\/v2\/pages"}],"about":[{"href":"https:\/\/wordpress.nibis.de\/gsilten\/wp-json\/wp\/v2\/types\/page"}],"author":[{"embeddable":true,"href":"https:\/\/wordpress.nibis.de\/gsilten\/wp-json\/wp\/v2\/users\/1293"}],"replies":[{"embeddable":true,"href":"https:\/\/wordpress.nibis.de\/gsilten\/wp-json\/wp\/v2\/comments?post=2297"}],"version-history":[{"count":11,"href":"https:\/\/wordpress.nibis.de\/gsilten\/wp-json\/wp\/v2\/pages\/2297\/revisions"}],"predecessor-version":[{"id":2819,"href":"https:\/\/wordpress.nibis.de\/gsilten\/wp-json\/wp\/v2\/pages\/2297\/revisions\/2819"}],"wp:attachment":[{"href":"https:\/\/wordpress.nibis.de\/gsilten\/wp-json\/wp\/v2\/media?parent=2297"}],"curies":[{"name":"wp","href":"https:\/\/api.w.org\/{rel}","templated":true}]}}