{"id":234,"date":"2017-05-26T17:55:05","date_gmt":"2017-05-26T15:55:05","guid":{"rendered":"http:\/\/wordpress.nibis.de\/gsilten\/?page_id=234"},"modified":"2017-05-26T18:04:46","modified_gmt":"2017-05-26T16:04:46","slug":"schnuppertag","status":"publish","type":"page","link":"https:\/\/wordpress.nibis.de\/gsilten\/mehr-von-uns\/schnuppertag\/","title":{"rendered":"Schnuppertag"},"content":{"rendered":"<p>Beim Schnuppertag verbringen die neuen Erstkl\u00e4ssler eine Stunde mit ihrer neuen Klassenlehrerin, fr\u00fchst\u00fccken gemeinsam und verleben anschlie\u00dfend noch die 1. gro\u00dfe Pause mit allen anderen Kindern auf dem Schulhof.<\/p>\n<p>Die Kinder kommen mit den Betreuungskr\u00e4ften um 8.30 Uhr in die Schule. Bis die Klasseneinteilung vorgenommen ist, ist die erste Unterrichtsstunde zu Ende, so dass die Schnupperstunde dann in unserer regul\u00e4ren zweiten Stunde stattfindet.<\/p>\n<p>Nach der gro\u00dfen Pause gehen die Kinder wieder zur\u00fcck in den Kindergarten.<\/p>\n","protected":false},"excerpt":{"rendered":"<p>Beim Schnuppertag verbringen die neuen Erstkl\u00e4ssler eine Stunde mit ihrer neuen Klassenlehrerin, fr\u00fchst\u00fccken gemeinsam und verleben anschlie\u00dfend noch die 1. gro\u00dfe Pause mit allen anderen Kindern auf dem Schulhof. Die Kinder kommen mit den Betreuungskr\u00e4ften um 8.30 Uhr in die &hellip; <a href=\"https:\/\/wordpress.nibis.de\/gsilten\/mehr-von-uns\/schnuppertag\/\">Weiterlesen <span class=\"meta-nav\">&rarr;<\/span><\/a><\/p>\n","protected":false},"author":1293,"featured_media":0,"parent":218,"menu_order":4,"comment_status":"closed","ping_status":"closed","template":"","meta":{"footnotes":""},"class_list":["post-234","page","type-page","status-publish","hentry"],"_links":{"self":[{"href":"https:\/\/wordpress.nibis.de\/gsilten\/wp-json\/wp\/v2\/pages\/234","targetHints":{"allow":["GET"]}}],"collection":[{"href":"https:\/\/wordpress.nibis.de\/gsilten\/wp-json\/wp\/v2\/pages"}],"about":[{"href":"https:\/\/wordpress.nibis.de\/gsilten\/wp-json\/wp\/v2\/types\/page"}],"author":[{"embeddable":true,"href":"https:\/\/wordpress.nibis.de\/gsilten\/wp-json\/wp\/v2\/users\/1293"}],"replies":[{"embeddable":true,"href":"https:\/\/wordpress.nibis.de\/gsilten\/wp-json\/wp\/v2\/comments?post=234"}],"version-history":[{"count":3,"href":"https:\/\/wordpress.nibis.de\/gsilten\/wp-json\/wp\/v2\/pages\/234\/revisions"}],"predecessor-version":[{"id":238,"href":"https:\/\/wordpress.nibis.de\/gsilten\/wp-json\/wp\/v2\/pages\/234\/revisions\/238"}],"up":[{"embeddable":true,"href":"https:\/\/wordpress.nibis.de\/gsilten\/wp-json\/wp\/v2\/pages\/218"}],"wp:attachment":[{"href":"https:\/\/wordpress.nibis.de\/gsilten\/wp-json\/wp\/v2\/media?parent=234"}],"curies":[{"name":"wp","href":"https:\/\/api.w.org\/{rel}","templated":true}]}}