{"id":2379,"date":"2025-03-02T19:59:18","date_gmt":"2025-03-02T18:59:18","guid":{"rendered":"https:\/\/wordpress.nibis.de\/gsilten\/?page_id=2379"},"modified":"2026-01-29T20:28:55","modified_gmt":"2026-01-29T19:28:55","slug":"fasching-2025","status":"publish","type":"page","link":"https:\/\/wordpress.nibis.de\/gsilten\/fasching-2025\/","title":{"rendered":"M\u00e4dchen-Fu\u00dfballturnier 2026"},"content":{"rendered":"\n<p data-start=\"166\" data-end=\"342\">Gro\u00dfer Erfolg f\u00fcr das Fu\u00dfballteam unserer Grundschule:<\/p>\n<p data-start=\"166\" data-end=\"342\">Bei der Endrunde des Fu\u00dfballturniers in der <strong data-start=\"267\" data-end=\"282\">Kreisklasse<\/strong> haben unsere M\u00e4dchen einen tollen <strong data-start=\"317\" data-end=\"332\">Turniersieg<\/strong> errungen!<\/p>\n<p data-start=\"344\" data-end=\"661\">Mit viel Teamgeist, Einsatz und Spielfreude \u00fcberzeugte die Mannschaft in allen Spielen. Besonders hervorzuheben ist <strong data-start=\"460\" data-end=\"470\">Thalia<\/strong>, die mit mehreren Treffern zur <strong data-start=\"502\" data-end=\"529\">Torj\u00e4gerin des Turniers<\/strong> wurde. Im Tor zeigte <strong data-start=\"551\" data-end=\"562\">Paulina<\/strong> eine starke Leistung und hielt mit vielen gro\u00dfartigen Paraden wichtige Torsch\u00fcsse der Gegnerinnen.<\/p>\n<p data-start=\"663\" data-end=\"873\">Das gesamte Team kann sehr stolz auf diese Leistung sein \u2013 ihr habt unsere Schule hervorragend vertreten!<\/p>\n<p data-start=\"663\" data-end=\"873\"><br data-start=\"768\" data-end=\"771\" \/>Herzlichen Gl\u00fcckwunsch an unsere Fu\u00dfballm\u00e4dchen!<\/p>\n\n\n\n<figure class=\"wp-block-image size-large\"><img loading=\"lazy\" decoding=\"async\" width=\"1024\" height=\"771\" src=\"https:\/\/wordpress.nibis.de\/gsilten\/files\/2026\/01\/Fussballtunier_Siegerfoto-1024x771.jpg\" alt=\"\" class=\"wp-image-2757\" srcset=\"https:\/\/wordpress.nibis.de\/gsilten\/files\/2026\/01\/Fussballtunier_Siegerfoto-1024x771.jpg 1024w, https:\/\/wordpress.nibis.de\/gsilten\/files\/2026\/01\/Fussballtunier_Siegerfoto-300x226.jpg 300w, https:\/\/wordpress.nibis.de\/gsilten\/files\/2026\/01\/Fussballtunier_Siegerfoto-768x578.jpg 768w, https:\/\/wordpress.nibis.de\/gsilten\/files\/2026\/01\/Fussballtunier_Siegerfoto-100x75.jpg 100w, https:\/\/wordpress.nibis.de\/gsilten\/files\/2026\/01\/Fussballtunier_Siegerfoto-1536x1156.jpg 1536w, https:\/\/wordpress.nibis.de\/gsilten\/files\/2026\/01\/Fussballtunier_Siegerfoto-2048x1542.jpg 2048w\" sizes=\"auto, (max-width: 1024px) 100vw, 1024px\" \/><\/figure>\n\n\n\n<figure class=\"wp-block-image size-large\"><img loading=\"lazy\" decoding=\"async\" width=\"663\" height=\"1024\" src=\"https:\/\/wordpress.nibis.de\/gsilten\/files\/2026\/01\/Fussballtunier_1-663x1024.jpg\" alt=\"\" class=\"wp-image-2758\" srcset=\"https:\/\/wordpress.nibis.de\/gsilten\/files\/2026\/01\/Fussballtunier_1-663x1024.jpg 663w, https:\/\/wordpress.nibis.de\/gsilten\/files\/2026\/01\/Fussballtunier_1-194x300.jpg 194w, https:\/\/wordpress.nibis.de\/gsilten\/files\/2026\/01\/Fussballtunier_1-768x1186.jpg 768w, https:\/\/wordpress.nibis.de\/gsilten\/files\/2026\/01\/Fussballtunier_1-100x154.jpg 100w, https:\/\/wordpress.nibis.de\/gsilten\/files\/2026\/01\/Fussballtunier_1.jpg 800w\" sizes=\"auto, (max-width: 663px) 100vw, 663px\" \/><\/figure>\n","protected":false},"excerpt":{"rendered":"<p>Gro\u00dfer Erfolg f\u00fcr das Fu\u00dfballteam unserer Grundschule: Bei der Endrunde des Fu\u00dfballturniers in der Kreisklasse haben unsere M\u00e4dchen einen tollen Turniersieg errungen! Mit viel Teamgeist, Einsatz und Spielfreude \u00fcberzeugte die Mannschaft in allen Spielen. Besonders hervorzuheben ist Thalia, die mit &hellip; <a href=\"https:\/\/wordpress.nibis.de\/gsilten\/fasching-2025\/\">Weiterlesen <span class=\"meta-nav\">&rarr;<\/span><\/a><\/p>\n","protected":false},"author":1293,"featured_media":0,"parent":0,"menu_order":0,"comment_status":"closed","ping_status":"closed","template":"","meta":{"footnotes":""},"class_list":["post-2379","page","type-page","status-publish","hentry"],"_links":{"self":[{"href":"https:\/\/wordpress.nibis.de\/gsilten\/wp-json\/wp\/v2\/pages\/2379","targetHints":{"allow":["GET"]}}],"collection":[{"href":"https:\/\/wordpress.nibis.de\/gsilten\/wp-json\/wp\/v2\/pages"}],"about":[{"href":"https:\/\/wordpress.nibis.de\/gsilten\/wp-json\/wp\/v2\/types\/page"}],"author":[{"embeddable":true,"href":"https:\/\/wordpress.nibis.de\/gsilten\/wp-json\/wp\/v2\/users\/1293"}],"replies":[{"embeddable":true,"href":"https:\/\/wordpress.nibis.de\/gsilten\/wp-json\/wp\/v2\/comments?post=2379"}],"version-history":[{"count":4,"href":"https:\/\/wordpress.nibis.de\/gsilten\/wp-json\/wp\/v2\/pages\/2379\/revisions"}],"predecessor-version":[{"id":2760,"href":"https:\/\/wordpress.nibis.de\/gsilten\/wp-json\/wp\/v2\/pages\/2379\/revisions\/2760"}],"wp:attachment":[{"href":"https:\/\/wordpress.nibis.de\/gsilten\/wp-json\/wp\/v2\/media?parent=2379"}],"curies":[{"name":"wp","href":"https:\/\/api.w.org\/{rel}","templated":true}]}}