{"id":2473,"date":"2025-08-10T15:29:37","date_gmt":"2025-08-10T13:29:37","guid":{"rendered":"https:\/\/wordpress.nibis.de\/gsilten\/?page_id=2473"},"modified":"2025-08-10T16:26:32","modified_gmt":"2025-08-10T14:26:32","slug":"sommerfest-mit-trixitt","status":"publish","type":"page","link":"https:\/\/wordpress.nibis.de\/gsilten\/sommerfest-mit-trixitt\/","title":{"rendered":"Sommerfest mit Trixitt"},"content":{"rendered":"\n<p>Am Freitag den 27.06.2025 fand unser j\u00e4hrliches Sommerfest auf dem Sportplatz in Ilten statt. Dieses Jahr mit tatkr\u00e4ftiger Unterst\u00fctzung durch den Verein Trixitt, der tolle Aktivstationen mit verschiedenen Bewegungsspielen zur Verf\u00fcgung stellte und betreute.&nbsp;<\/p>\n\n\n\n<figure class=\"wp-block-image size-large\"><img loading=\"lazy\" decoding=\"async\" width=\"1024\" height=\"768\" src=\"https:\/\/wordpress.nibis.de\/gsilten\/files\/2025\/08\/IMG_8280-1024x768.jpeg\" alt=\"\" class=\"wp-image-2489\" srcset=\"https:\/\/wordpress.nibis.de\/gsilten\/files\/2025\/08\/IMG_8280-1024x768.jpeg 1024w, https:\/\/wordpress.nibis.de\/gsilten\/files\/2025\/08\/IMG_8280-300x225.jpeg 300w, https:\/\/wordpress.nibis.de\/gsilten\/files\/2025\/08\/IMG_8280-768x576.jpeg 768w, https:\/\/wordpress.nibis.de\/gsilten\/files\/2025\/08\/IMG_8280-1536x1152.jpeg 1536w, https:\/\/wordpress.nibis.de\/gsilten\/files\/2025\/08\/IMG_8280-2048x1536.jpeg 2048w\" sizes=\"auto, (max-width: 1024px) 100vw, 1024px\" \/><\/figure>\n\n\n\n<figure class=\"wp-block-image size-large\"><img loading=\"lazy\" decoding=\"async\" width=\"1024\" height=\"768\" src=\"https:\/\/wordpress.nibis.de\/gsilten\/files\/2025\/08\/IMG_8283-1024x768.jpeg\" alt=\"\" class=\"wp-image-2490\" srcset=\"https:\/\/wordpress.nibis.de\/gsilten\/files\/2025\/08\/IMG_8283-1024x768.jpeg 1024w, https:\/\/wordpress.nibis.de\/gsilten\/files\/2025\/08\/IMG_8283-300x225.jpeg 300w, https:\/\/wordpress.nibis.de\/gsilten\/files\/2025\/08\/IMG_8283-768x576.jpeg 768w, https:\/\/wordpress.nibis.de\/gsilten\/files\/2025\/08\/IMG_8283-1536x1152.jpeg 1536w, https:\/\/wordpress.nibis.de\/gsilten\/files\/2025\/08\/IMG_8283-2048x1536.jpeg 2048w\" sizes=\"auto, (max-width: 1024px) 100vw, 1024px\" \/><\/figure>\n\n\n\n<figure class=\"wp-block-image size-large\"><img loading=\"lazy\" decoding=\"async\" width=\"1024\" height=\"768\" src=\"https:\/\/wordpress.nibis.de\/gsilten\/files\/2025\/08\/IMG_8310-1024x768.jpeg\" alt=\"\" class=\"wp-image-2494\" srcset=\"https:\/\/wordpress.nibis.de\/gsilten\/files\/2025\/08\/IMG_8310-1024x768.jpeg 1024w, https:\/\/wordpress.nibis.de\/gsilten\/files\/2025\/08\/IMG_8310-300x225.jpeg 300w, https:\/\/wordpress.nibis.de\/gsilten\/files\/2025\/08\/IMG_8310-768x576.jpeg 768w, https:\/\/wordpress.nibis.de\/gsilten\/files\/2025\/08\/IMG_8310-1536x1152.jpeg 1536w, https:\/\/wordpress.nibis.de\/gsilten\/files\/2025\/08\/IMG_8310-2048x1536.jpeg 2048w\" sizes=\"auto, (max-width: 1024px) 100vw, 1024px\" \/><\/figure>\n\n\n\n\n\n<figure class=\"wp-block-image size-large\"><img loading=\"lazy\" decoding=\"async\" width=\"766\" height=\"1024\" src=\"https:\/\/wordpress.nibis.de\/gsilten\/files\/2025\/08\/IMG_8307-min-766x1024.jpeg\" alt=\"\" class=\"wp-image-2501\" srcset=\"https:\/\/wordpress.nibis.de\/gsilten\/files\/2025\/08\/IMG_8307-min-766x1024.jpeg 766w, https:\/\/wordpress.nibis.de\/gsilten\/files\/2025\/08\/IMG_8307-min-224x300.jpeg 224w, https:\/\/wordpress.nibis.de\/gsilten\/files\/2025\/08\/IMG_8307-min-768x1027.jpeg 768w, https:\/\/wordpress.nibis.de\/gsilten\/files\/2025\/08\/IMG_8307-min-1149x1536.jpeg 1149w, https:\/\/wordpress.nibis.de\/gsilten\/files\/2025\/08\/IMG_8307-min-1532x2048.jpeg 1532w, https:\/\/wordpress.nibis.de\/gsilten\/files\/2025\/08\/IMG_8307-min-scaled.jpeg 1915w\" sizes=\"auto, (max-width: 766px) 100vw, 766px\" \/><\/figure>\n\n\n\n\n","protected":false},"excerpt":{"rendered":"<p>Am Freitag den 27.06.2025 fand unser j\u00e4hrliches Sommerfest auf dem Sportplatz in Ilten statt. Dieses Jahr mit tatkr\u00e4ftiger Unterst\u00fctzung durch den Verein Trixitt, der tolle Aktivstationen mit verschiedenen Bewegungsspielen zur Verf\u00fcgung stellte und betreute.&nbsp;<\/p>\n","protected":false},"author":1293,"featured_media":0,"parent":0,"menu_order":0,"comment_status":"closed","ping_status":"closed","template":"","meta":{"footnotes":""},"class_list":["post-2473","page","type-page","status-publish","hentry"],"_links":{"self":[{"href":"https:\/\/wordpress.nibis.de\/gsilten\/wp-json\/wp\/v2\/pages\/2473","targetHints":{"allow":["GET"]}}],"collection":[{"href":"https:\/\/wordpress.nibis.de\/gsilten\/wp-json\/wp\/v2\/pages"}],"about":[{"href":"https:\/\/wordpress.nibis.de\/gsilten\/wp-json\/wp\/v2\/types\/page"}],"author":[{"embeddable":true,"href":"https:\/\/wordpress.nibis.de\/gsilten\/wp-json\/wp\/v2\/users\/1293"}],"replies":[{"embeddable":true,"href":"https:\/\/wordpress.nibis.de\/gsilten\/wp-json\/wp\/v2\/comments?post=2473"}],"version-history":[{"count":4,"href":"https:\/\/wordpress.nibis.de\/gsilten\/wp-json\/wp\/v2\/pages\/2473\/revisions"}],"predecessor-version":[{"id":2502,"href":"https:\/\/wordpress.nibis.de\/gsilten\/wp-json\/wp\/v2\/pages\/2473\/revisions\/2502"}],"wp:attachment":[{"href":"https:\/\/wordpress.nibis.de\/gsilten\/wp-json\/wp\/v2\/media?parent=2473"}],"curies":[{"name":"wp","href":"https:\/\/api.w.org\/{rel}","templated":true}]}}