{"id":2774,"date":"2026-02-18T18:24:48","date_gmt":"2026-02-18T17:24:48","guid":{"rendered":"https:\/\/wordpress.nibis.de\/gsilten\/?page_id=2774"},"modified":"2026-02-18T18:28:33","modified_gmt":"2026-02-18T17:28:33","slug":"fasching-2026","status":"publish","type":"page","link":"https:\/\/wordpress.nibis.de\/gsilten\/fasching-2026\/","title":{"rendered":"Fasching 2026"},"content":{"rendered":"\n<p data-start=\"107\" data-end=\"374\">Auch in diesem Jahr wurde an unserer Schule wieder ausgelassen Fasching gefeiert. Schon am Morgen kamen alle Kinder und Lehrkr\u00e4fte in fantasievollen und bunten Kost\u00fcmen in die Schule, von Prinzessinnen \u00fcber Superhelden bis hin zu lustigen Tieren war alles vertreten.<\/p>\n<p data-start=\"376\" data-end=\"749\">Ein besonderes Highlight war die fr\u00f6hliche <strong data-start=\"419\" data-end=\"432\">Polonaise<\/strong> durch die ganze Schule. Gemeinsam zog die ganze Schulgemeinschaft lachend und tanzend durch die G\u00e4nge bis in die Aula. Dort fand anschlie\u00dfend eine tolle <strong data-start=\"583\" data-end=\"592\">Disco<\/strong> statt. Zu mitrei\u00dfender Musik wurde getanzt, gesungen und gefeiert. Die Stimmung war gro\u00dfartig und die Aula verwandelte sich in eine richtige Faschingsparty!<\/p>\n<p data-start=\"751\" data-end=\"977\">In den Klassenr\u00e4umen wurde ebenfalls gefeiert. Jede Klasse gestaltete ihr Faschingsfr\u00fchst\u00fcck individuell. Es gab viele leckere Snacks, Spiele und lustige Aktivit\u00e4ten.\u00a0<\/p>\n<p data-start=\"979\" data-end=\"1121\" data-is-last-node=\"\" data-is-only-node=\"\">Der Faschingstag war f\u00fcr alle ein besonderes Erlebnis voller Spa\u00df, Gemeinschaft und guter Laune. Wir freuen uns schon auf das n\u00e4chste Jahr! \ud83c\udf89<\/p>\n\n\n\n<figure class=\"wp-block-image size-large\"><img loading=\"lazy\" decoding=\"async\" width=\"1024\" height=\"768\" src=\"https:\/\/wordpress.nibis.de\/gsilten\/files\/2026\/02\/IMG-20260214-WA0003-1024x768.jpg\" alt=\"\" class=\"wp-image-2780\" srcset=\"https:\/\/wordpress.nibis.de\/gsilten\/files\/2026\/02\/IMG-20260214-WA0003-1024x768.jpg 1024w, https:\/\/wordpress.nibis.de\/gsilten\/files\/2026\/02\/IMG-20260214-WA0003-300x225.jpg 300w, https:\/\/wordpress.nibis.de\/gsilten\/files\/2026\/02\/IMG-20260214-WA0003-768x576.jpg 768w, https:\/\/wordpress.nibis.de\/gsilten\/files\/2026\/02\/IMG-20260214-WA0003-100x75.jpg 100w, https:\/\/wordpress.nibis.de\/gsilten\/files\/2026\/02\/IMG-20260214-WA0003-1536x1152.jpg 1536w, https:\/\/wordpress.nibis.de\/gsilten\/files\/2026\/02\/IMG-20260214-WA0003.jpg 2048w\" sizes=\"auto, (max-width: 1024px) 100vw, 1024px\" \/><\/figure>\n\n\n\n<figure class=\"wp-block-image size-large\"><img loading=\"lazy\" decoding=\"async\" width=\"1024\" height=\"768\" src=\"https:\/\/wordpress.nibis.de\/gsilten\/files\/2026\/02\/IMG-20260214-WA0004-1024x768.jpg\" alt=\"\" class=\"wp-image-2781\" srcset=\"https:\/\/wordpress.nibis.de\/gsilten\/files\/2026\/02\/IMG-20260214-WA0004-1024x768.jpg 1024w, https:\/\/wordpress.nibis.de\/gsilten\/files\/2026\/02\/IMG-20260214-WA0004-300x225.jpg 300w, https:\/\/wordpress.nibis.de\/gsilten\/files\/2026\/02\/IMG-20260214-WA0004-768x576.jpg 768w, https:\/\/wordpress.nibis.de\/gsilten\/files\/2026\/02\/IMG-20260214-WA0004-100x75.jpg 100w, https:\/\/wordpress.nibis.de\/gsilten\/files\/2026\/02\/IMG-20260214-WA0004-1536x1152.jpg 1536w, https:\/\/wordpress.nibis.de\/gsilten\/files\/2026\/02\/IMG-20260214-WA0004.jpg 2048w\" sizes=\"auto, (max-width: 1024px) 100vw, 1024px\" \/><\/figure>\n\n\n\n<figure class=\"wp-block-image size-large\"><img loading=\"lazy\" decoding=\"async\" width=\"1024\" height=\"768\" src=\"https:\/\/wordpress.nibis.de\/gsilten\/files\/2026\/02\/IMG-20260214-WA0005-1024x768.jpg\" alt=\"\" class=\"wp-image-2782\" srcset=\"https:\/\/wordpress.nibis.de\/gsilten\/files\/2026\/02\/IMG-20260214-WA0005-1024x768.jpg 1024w, https:\/\/wordpress.nibis.de\/gsilten\/files\/2026\/02\/IMG-20260214-WA0005-300x225.jpg 300w, https:\/\/wordpress.nibis.de\/gsilten\/files\/2026\/02\/IMG-20260214-WA0005-768x576.jpg 768w, https:\/\/wordpress.nibis.de\/gsilten\/files\/2026\/02\/IMG-20260214-WA0005-100x75.jpg 100w, https:\/\/wordpress.nibis.de\/gsilten\/files\/2026\/02\/IMG-20260214-WA0005-1536x1152.jpg 1536w, https:\/\/wordpress.nibis.de\/gsilten\/files\/2026\/02\/IMG-20260214-WA0005.jpg 2048w\" sizes=\"auto, (max-width: 1024px) 100vw, 1024px\" \/><\/figure>\n\n\n\n<figure class=\"wp-block-image size-large\"><img loading=\"lazy\" decoding=\"async\" width=\"1024\" height=\"768\" src=\"https:\/\/wordpress.nibis.de\/gsilten\/files\/2026\/02\/IMG-20260214-WA0009-1024x768.jpg\" alt=\"\" class=\"wp-image-2783\" srcset=\"https:\/\/wordpress.nibis.de\/gsilten\/files\/2026\/02\/IMG-20260214-WA0009-1024x768.jpg 1024w, https:\/\/wordpress.nibis.de\/gsilten\/files\/2026\/02\/IMG-20260214-WA0009-300x225.jpg 300w, https:\/\/wordpress.nibis.de\/gsilten\/files\/2026\/02\/IMG-20260214-WA0009-768x576.jpg 768w, https:\/\/wordpress.nibis.de\/gsilten\/files\/2026\/02\/IMG-20260214-WA0009-100x75.jpg 100w, https:\/\/wordpress.nibis.de\/gsilten\/files\/2026\/02\/IMG-20260214-WA0009-1536x1152.jpg 1536w, https:\/\/wordpress.nibis.de\/gsilten\/files\/2026\/02\/IMG-20260214-WA0009.jpg 2048w\" sizes=\"auto, (max-width: 1024px) 100vw, 1024px\" \/><\/figure>\n","protected":false},"excerpt":{"rendered":"<p>Auch in diesem Jahr wurde an unserer Schule wieder ausgelassen Fasching gefeiert. Schon am Morgen kamen alle Kinder und Lehrkr\u00e4fte in fantasievollen und bunten Kost\u00fcmen in die Schule, von Prinzessinnen \u00fcber Superhelden bis hin zu lustigen Tieren war alles vertreten. &hellip; <a href=\"https:\/\/wordpress.nibis.de\/gsilten\/fasching-2026\/\">Weiterlesen <span class=\"meta-nav\">&rarr;<\/span><\/a><\/p>\n","protected":false},"author":1293,"featured_media":0,"parent":0,"menu_order":0,"comment_status":"closed","ping_status":"closed","template":"","meta":{"footnotes":""},"class_list":["post-2774","page","type-page","status-publish","hentry"],"_links":{"self":[{"href":"https:\/\/wordpress.nibis.de\/gsilten\/wp-json\/wp\/v2\/pages\/2774","targetHints":{"allow":["GET"]}}],"collection":[{"href":"https:\/\/wordpress.nibis.de\/gsilten\/wp-json\/wp\/v2\/pages"}],"about":[{"href":"https:\/\/wordpress.nibis.de\/gsilten\/wp-json\/wp\/v2\/types\/page"}],"author":[{"embeddable":true,"href":"https:\/\/wordpress.nibis.de\/gsilten\/wp-json\/wp\/v2\/users\/1293"}],"replies":[{"embeddable":true,"href":"https:\/\/wordpress.nibis.de\/gsilten\/wp-json\/wp\/v2\/comments?post=2774"}],"version-history":[{"count":3,"href":"https:\/\/wordpress.nibis.de\/gsilten\/wp-json\/wp\/v2\/pages\/2774\/revisions"}],"predecessor-version":[{"id":2784,"href":"https:\/\/wordpress.nibis.de\/gsilten\/wp-json\/wp\/v2\/pages\/2774\/revisions\/2784"}],"wp:attachment":[{"href":"https:\/\/wordpress.nibis.de\/gsilten\/wp-json\/wp\/v2\/media?parent=2774"}],"curies":[{"name":"wp","href":"https:\/\/api.w.org\/{rel}","templated":true}]}}