{"id":2786,"date":"2026-03-05T21:06:50","date_gmt":"2026-03-05T20:06:50","guid":{"rendered":"https:\/\/wordpress.nibis.de\/gsilten\/?page_id=2786"},"modified":"2026-03-05T21:08:28","modified_gmt":"2026-03-05T20:08:28","slug":"lesetheater","status":"publish","type":"page","link":"https:\/\/wordpress.nibis.de\/gsilten\/lesetheater\/","title":{"rendered":"Lesetheater im Ganztag"},"content":{"rendered":"\n<p data-start=\"57\" data-end=\"120\"><strong data-start=\"57\" data-end=\"120\">Theaterprojekt der Lese-AG: \u201ePriesemut hat auch Geburtstag\u201c<\/strong><\/p>\n<p data-start=\"122\" data-end=\"419\">Die Kinder der Lese-AG im Ganztag haben sich in den vergangenen Wochen intensiv mit der Geschichte <em data-start=\"221\" data-end=\"254\">\u201ePriesemut hat auch Geburtstag\u201c<\/em> von Matthias Sodtke besch\u00e4ftigt. Gemeinsam wurde gelesen, \u00fcber die Figuren gesprochen und \u00fcberlegt, wie sich die Geschichte als kleines Theaterst\u00fcck umsetzen l\u00e4sst.<\/p>\n<p data-start=\"421\" data-end=\"645\">Mit viel Kreativit\u00e4t, Engagement und Freude haben die Kinder schlie\u00dflich ihr eigenes Theaterst\u00fcck entwickelt. Dabei schl\u00fcpften sie in verschiedene Rollen, \u00fcbten Texte, gestalteten Szenen und brachten ihre eigenen Ideen ein.<\/p>\n<p data-start=\"647\" data-end=\"920\">Das Ergebnis kann sich sehen lassen: Ein liebevoll gestaltetes Theaterst\u00fcck rund um Priesemut und seinen besonderen Geburtstag, das zeigt, wie viel Fantasie und Teamarbeit in der Lese-AG steckt. Die Kinder hatten gro\u00dfen Spa\u00df daran, die Geschichte lebendig werden zu lassen.<\/p>\n<p data-start=\"922\" data-end=\"1007\">Ein herzliches Dankesch\u00f6n an alle Beteiligten f\u00fcr ihren Einsatz und die tollen Ideen!<\/p>\n\n\n\n<figure class=\"wp-block-image size-large\"><img loading=\"lazy\" decoding=\"async\" width=\"1024\" height=\"768\" src=\"https:\/\/wordpress.nibis.de\/gsilten\/files\/2026\/03\/Lese-ag-1024x768.jpeg\" alt=\"\" class=\"wp-image-2791\" srcset=\"https:\/\/wordpress.nibis.de\/gsilten\/files\/2026\/03\/Lese-ag-1024x768.jpeg 1024w, https:\/\/wordpress.nibis.de\/gsilten\/files\/2026\/03\/Lese-ag-300x225.jpeg 300w, https:\/\/wordpress.nibis.de\/gsilten\/files\/2026\/03\/Lese-ag-768x576.jpeg 768w, https:\/\/wordpress.nibis.de\/gsilten\/files\/2026\/03\/Lese-ag-100x75.jpeg 100w, https:\/\/wordpress.nibis.de\/gsilten\/files\/2026\/03\/Lese-ag-1536x1152.jpeg 1536w, https:\/\/wordpress.nibis.de\/gsilten\/files\/2026\/03\/Lese-ag-2048x1536.jpeg 2048w\" sizes=\"auto, (max-width: 1024px) 100vw, 1024px\" \/><\/figure>\n\n\n\n<figure class=\"wp-block-image size-large\"><img loading=\"lazy\" decoding=\"async\" width=\"768\" height=\"1024\" src=\"https:\/\/wordpress.nibis.de\/gsilten\/files\/2026\/03\/Lese-ag-2-768x1024.jpeg\" alt=\"\" class=\"wp-image-2793\" srcset=\"https:\/\/wordpress.nibis.de\/gsilten\/files\/2026\/03\/Lese-ag-2-768x1024.jpeg 768w, https:\/\/wordpress.nibis.de\/gsilten\/files\/2026\/03\/Lese-ag-2-225x300.jpeg 225w, https:\/\/wordpress.nibis.de\/gsilten\/files\/2026\/03\/Lese-ag-2-100x133.jpeg 100w, https:\/\/wordpress.nibis.de\/gsilten\/files\/2026\/03\/Lese-ag-2-1152x1536.jpeg 1152w, https:\/\/wordpress.nibis.de\/gsilten\/files\/2026\/03\/Lese-ag-2-1536x2048.jpeg 1536w, https:\/\/wordpress.nibis.de\/gsilten\/files\/2026\/03\/Lese-ag-2-scaled.jpeg 1920w\" sizes=\"auto, (max-width: 768px) 100vw, 768px\" \/><\/figure>\n","protected":false},"excerpt":{"rendered":"<p>Theaterprojekt der Lese-AG: \u201ePriesemut hat auch Geburtstag\u201c Die Kinder der Lese-AG im Ganztag haben sich in den vergangenen Wochen intensiv mit der Geschichte \u201ePriesemut hat auch Geburtstag\u201c von Matthias Sodtke besch\u00e4ftigt. Gemeinsam wurde gelesen, \u00fcber die Figuren gesprochen und \u00fcberlegt, &hellip; <a href=\"https:\/\/wordpress.nibis.de\/gsilten\/lesetheater\/\">Weiterlesen <span class=\"meta-nav\">&rarr;<\/span><\/a><\/p>\n","protected":false},"author":1293,"featured_media":0,"parent":0,"menu_order":0,"comment_status":"closed","ping_status":"closed","template":"","meta":{"footnotes":""},"class_list":["post-2786","page","type-page","status-publish","hentry"],"_links":{"self":[{"href":"https:\/\/wordpress.nibis.de\/gsilten\/wp-json\/wp\/v2\/pages\/2786","targetHints":{"allow":["GET"]}}],"collection":[{"href":"https:\/\/wordpress.nibis.de\/gsilten\/wp-json\/wp\/v2\/pages"}],"about":[{"href":"https:\/\/wordpress.nibis.de\/gsilten\/wp-json\/wp\/v2\/types\/page"}],"author":[{"embeddable":true,"href":"https:\/\/wordpress.nibis.de\/gsilten\/wp-json\/wp\/v2\/users\/1293"}],"replies":[{"embeddable":true,"href":"https:\/\/wordpress.nibis.de\/gsilten\/wp-json\/wp\/v2\/comments?post=2786"}],"version-history":[{"count":3,"href":"https:\/\/wordpress.nibis.de\/gsilten\/wp-json\/wp\/v2\/pages\/2786\/revisions"}],"predecessor-version":[{"id":2794,"href":"https:\/\/wordpress.nibis.de\/gsilten\/wp-json\/wp\/v2\/pages\/2786\/revisions\/2794"}],"wp:attachment":[{"href":"https:\/\/wordpress.nibis.de\/gsilten\/wp-json\/wp\/v2\/media?parent=2786"}],"curies":[{"name":"wp","href":"https:\/\/api.w.org\/{rel}","templated":true}]}}