{"id":335,"date":"2017-08-05T16:51:01","date_gmt":"2017-08-05T14:51:01","guid":{"rendered":"http:\/\/wordpress.nibis.de\/gsilten\/?page_id=335"},"modified":"2023-09-11T11:39:47","modified_gmt":"2023-09-11T09:39:47","slug":"die-schule","status":"publish","type":"page","link":"https:\/\/wordpress.nibis.de\/gsilten\/ueber-uns\/die-schule\/","title":{"rendered":"Die Schule"},"content":{"rendered":"<p>Die Wilhelm-Raabe-Schule ist eine von f\u00fcnf Grundschulen der Stadt Sehnde. Sie liegt im Ortsteil Ilten und hat aktuell 182 Sch\u00fclerinnen und Sch\u00fcler in 8 Klassen. Die Wilhelm-Raabe-Schule ist eine offene Ganztagsschule. Dies bedeutet, dass die Kinder entweder t\u00e4glich f\u00fcnf Zeitstunden in der Schule (Verl\u00e4ssliche Grundschule) oder je nach Elternwunsch einzelne oder alle Tage im Ganztag angemeldet sind (8 Stunden Schule).<\/p>\n\n","protected":false},"excerpt":{"rendered":"<p>Die Wilhelm-Raabe-Schule ist eine von f\u00fcnf Grundschulen der Stadt Sehnde. Sie liegt im Ortsteil Ilten und hat aktuell 182 Sch\u00fclerinnen und Sch\u00fcler in 8 Klassen. Die Wilhelm-Raabe-Schule ist eine offene Ganztagsschule. Dies bedeutet, dass die Kinder entweder t\u00e4glich f\u00fcnf Zeitstunden &hellip; <a href=\"https:\/\/wordpress.nibis.de\/gsilten\/ueber-uns\/die-schule\/\">Weiterlesen <span class=\"meta-nav\">&rarr;<\/span><\/a><\/p>\n","protected":false},"author":1293,"featured_media":0,"parent":27,"menu_order":0,"comment_status":"closed","ping_status":"closed","template":"","meta":{"footnotes":""},"class_list":["post-335","page","type-page","status-publish","hentry"],"_links":{"self":[{"href":"https:\/\/wordpress.nibis.de\/gsilten\/wp-json\/wp\/v2\/pages\/335","targetHints":{"allow":["GET"]}}],"collection":[{"href":"https:\/\/wordpress.nibis.de\/gsilten\/wp-json\/wp\/v2\/pages"}],"about":[{"href":"https:\/\/wordpress.nibis.de\/gsilten\/wp-json\/wp\/v2\/types\/page"}],"author":[{"embeddable":true,"href":"https:\/\/wordpress.nibis.de\/gsilten\/wp-json\/wp\/v2\/users\/1293"}],"replies":[{"embeddable":true,"href":"https:\/\/wordpress.nibis.de\/gsilten\/wp-json\/wp\/v2\/comments?post=335"}],"version-history":[{"count":5,"href":"https:\/\/wordpress.nibis.de\/gsilten\/wp-json\/wp\/v2\/pages\/335\/revisions"}],"predecessor-version":[{"id":2051,"href":"https:\/\/wordpress.nibis.de\/gsilten\/wp-json\/wp\/v2\/pages\/335\/revisions\/2051"}],"up":[{"embeddable":true,"href":"https:\/\/wordpress.nibis.de\/gsilten\/wp-json\/wp\/v2\/pages\/27"}],"wp:attachment":[{"href":"https:\/\/wordpress.nibis.de\/gsilten\/wp-json\/wp\/v2\/media?parent=335"}],"curies":[{"name":"wp","href":"https:\/\/api.w.org\/{rel}","templated":true}]}}