{"id":46,"date":"2017-03-03T11:16:56","date_gmt":"2017-03-03T10:16:56","guid":{"rendered":"http:\/\/wordpress.nibis.de\/gsilten\/?page_id=46"},"modified":"2025-01-03T16:43:34","modified_gmt":"2025-01-03T15:43:34","slug":"galerie","status":"publish","type":"page","link":"https:\/\/wordpress.nibis.de\/gsilten\/galerie\/","title":{"rendered":"Galerie"},"content":{"rendered":"<p>Bitte w\u00e4hlen Sie eine Galerie \u00fcber das Galerie-Men\u00fc aus.<\/p>\n\n\n<h2 class=\"wp-block-heading\"><\/h2>\n\n\n\n\n\n\n","protected":false},"excerpt":{"rendered":"<p>Bitte w\u00e4hlen Sie eine Galerie \u00fcber das Galerie-Men\u00fc aus.<\/p>\n","protected":false},"author":1293,"featured_media":0,"parent":0,"menu_order":0,"comment_status":"closed","ping_status":"closed","template":"","meta":{"footnotes":""},"class_list":["post-46","page","type-page","status-publish","hentry"],"_links":{"self":[{"href":"https:\/\/wordpress.nibis.de\/gsilten\/wp-json\/wp\/v2\/pages\/46","targetHints":{"allow":["GET"]}}],"collection":[{"href":"https:\/\/wordpress.nibis.de\/gsilten\/wp-json\/wp\/v2\/pages"}],"about":[{"href":"https:\/\/wordpress.nibis.de\/gsilten\/wp-json\/wp\/v2\/types\/page"}],"author":[{"embeddable":true,"href":"https:\/\/wordpress.nibis.de\/gsilten\/wp-json\/wp\/v2\/users\/1293"}],"replies":[{"embeddable":true,"href":"https:\/\/wordpress.nibis.de\/gsilten\/wp-json\/wp\/v2\/comments?post=46"}],"version-history":[{"count":11,"href":"https:\/\/wordpress.nibis.de\/gsilten\/wp-json\/wp\/v2\/pages\/46\/revisions"}],"predecessor-version":[{"id":2285,"href":"https:\/\/wordpress.nibis.de\/gsilten\/wp-json\/wp\/v2\/pages\/46\/revisions\/2285"}],"wp:attachment":[{"href":"https:\/\/wordpress.nibis.de\/gsilten\/wp-json\/wp\/v2\/media?parent=46"}],"curies":[{"name":"wp","href":"https:\/\/api.w.org\/{rel}","templated":true}]}}