{"id":67,"date":"2017-03-03T11:58:37","date_gmt":"2017-03-03T10:58:37","guid":{"rendered":"http:\/\/wordpress.nibis.de\/gsilten\/?page_id=67"},"modified":"2026-02-15T18:45:24","modified_gmt":"2026-02-15T17:45:24","slug":"dokumente","status":"publish","type":"page","link":"https:\/\/wordpress.nibis.de\/gsilten\/dokumente\/","title":{"rendered":"Dokumente"},"content":{"rendered":"<p>Hier finden Sie einige hilfreiche Formulare zum Herunterladen:<\/p>\n<p><a href=\"https:\/\/wordpress.nibis.de\/gsilten\/files\/2023\/03\/Sorgeberechtigung-Vollmacht.pdf\" target=\"_blank\" rel=\"noopener noreferrer\">Erkl\u00e4rung zum Sorgerecht<\/a><\/p>\n<p><a href=\"https:\/\/wordpress.nibis.de\/gsilten\/files\/2024\/08\/Einwilligung_zur_Anfertigung_und_Veroeffentlichung_von_Fotoaufnahmen.pdf\" target=\"_blank\" rel=\"noopener\">Einwilligung zur Anfertigung und Ver\u00f6ffentlichung von Fotoaufnahmen<\/a><\/p>\n<p><a href=\"http:\/\/wordpress.nibis.de\/gsilten\/files\/2017\/03\/Fahrradgefahren.pdf\" target=\"_blank\" rel=\"noopener noreferrer\">Gefahren beim Radfahren<\/a><\/p>\n<p><a href=\"https:\/\/wordpress.nibis.de\/gsilten\/files\/2026\/02\/Schulanmeldung_neuWRS.pdf\" target=\"_blank\" rel=\"noopener noreferrer\">Sch\u00fcler-Aufnahmebogen<\/a><\/p>\n<p><a href=\"https:\/\/wordpress.nibis.de\/gsilten\/files\/2021\/06\/Anmeldung-zur-Ausleihe-von-Lernmitteln-Juni-21.pdf\" target=\"_blank\" rel=\"noopener noreferrer\">Antrag zur Ausleihe von Lernmitteln (Juni 2021)<\/a><\/p>\n<p><a href=\"https:\/\/wordpress.nibis.de\/gsilten\/files\/2023\/04\/Fahrrad-fahren.pdf\">Erkl\u00e4rung zur Nutzung des Fahrrades\u00a0<\/a><\/p>\n<p><a href=\"https:\/\/wordpress.nibis.de\/gsilten\/files\/2023\/04\/Rollerfahren.pdf\">Erkl\u00e4rung zur Nutzung des Rollers<\/a><\/p>\n\n\n<p><\/p>\n\n\n\n<p><a href=\"https:\/\/wordpress.nibis.de\/gsilten\/files\/2023\/11\/Anmeldung-Ganztag-Klasse-2-4.pdf\">Anmeldung-Ganztag-Klasse-2-4<\/a><\/p>\n<p><a href=\"https:\/\/wordpress.nibis.de\/gsilten\/files\/2023\/11\/Anmeldung-Ganztag-zukuenftige-Klasse-1_NEU-1.pdf\">Anmeldung-Ganztag-zukuenftige-Klasse-1_NEU-1<\/a><\/p>\n<p><a href=\"https:\/\/wordpress.nibis.de\/gsilten\/files\/2023\/11\/Abfrage-Ganztag-2.-Halbjahr_2023.pdf\">Abfrage-Ganztag-2.-Halbjahr_2023<\/a><\/p>\n<p><a href=\"https:\/\/wordpress.nibis.de\/gsilten\/files\/2023\/11\/FAQ-Ganztag.pdf\">FAQ-Ganztag<\/a><\/p>\n","protected":false},"excerpt":{"rendered":"<p>Hier finden Sie einige hilfreiche Formulare zum Herunterladen: Erkl\u00e4rung zum Sorgerecht Einwilligung zur Anfertigung und Ver\u00f6ffentlichung von Fotoaufnahmen Gefahren beim Radfahren Sch\u00fcler-Aufnahmebogen Antrag zur Ausleihe von Lernmitteln (Juni 2021) Erkl\u00e4rung zur Nutzung des Fahrrades\u00a0 Erkl\u00e4rung zur Nutzung des Rollers Anmeldung-Ganztag-Klasse-2-4 &hellip; <a href=\"https:\/\/wordpress.nibis.de\/gsilten\/dokumente\/\">Weiterlesen <span class=\"meta-nav\">&rarr;<\/span><\/a><\/p>\n","protected":false},"author":1293,"featured_media":0,"parent":0,"menu_order":0,"comment_status":"closed","ping_status":"closed","template":"","meta":{"footnotes":""},"class_list":["post-67","page","type-page","status-publish","hentry"],"_links":{"self":[{"href":"https:\/\/wordpress.nibis.de\/gsilten\/wp-json\/wp\/v2\/pages\/67","targetHints":{"allow":["GET"]}}],"collection":[{"href":"https:\/\/wordpress.nibis.de\/gsilten\/wp-json\/wp\/v2\/pages"}],"about":[{"href":"https:\/\/wordpress.nibis.de\/gsilten\/wp-json\/wp\/v2\/types\/page"}],"author":[{"embeddable":true,"href":"https:\/\/wordpress.nibis.de\/gsilten\/wp-json\/wp\/v2\/users\/1293"}],"replies":[{"embeddable":true,"href":"https:\/\/wordpress.nibis.de\/gsilten\/wp-json\/wp\/v2\/comments?post=67"}],"version-history":[{"count":27,"href":"https:\/\/wordpress.nibis.de\/gsilten\/wp-json\/wp\/v2\/pages\/67\/revisions"}],"predecessor-version":[{"id":2765,"href":"https:\/\/wordpress.nibis.de\/gsilten\/wp-json\/wp\/v2\/pages\/67\/revisions\/2765"}],"wp:attachment":[{"href":"https:\/\/wordpress.nibis.de\/gsilten\/wp-json\/wp\/v2\/media?parent=67"}],"curies":[{"name":"wp","href":"https:\/\/api.w.org\/{rel}","templated":true}]}}