{"id":7,"date":"2017-03-03T10:09:38","date_gmt":"2017-03-03T09:09:38","guid":{"rendered":"http:\/\/wordpress.nibis.de\/gsilten\/?page_id=7"},"modified":"2024-07-26T16:44:05","modified_gmt":"2024-07-26T14:44:05","slug":"willkommen","status":"publish","type":"page","link":"https:\/\/wordpress.nibis.de\/gsilten\/","title":{"rendered":""},"content":{"rendered":"<p><strong>Herzlich Willkommen\u2026<\/strong><\/p>\n<p>\u2026auf den Seiten der Wilhelm-Raabe-Schule Ilten. Wir freuen uns, Ihnen unsere Schule vorzustellen und laden Sie ganz herzlich zum St\u00f6bern, Informieren und Mitmachen ein. Hier findet sich alles Wichtige und Interessante rund um unsere Schule.<\/p>\n<p>Das sind wir:<\/p>\n<p>Unsere zwei- bzw. dreiz\u00fcgige Schule liegt in Ilten, einem Ortsteil der Stadt Sehnde. Wir sind eine offene Ganztagsschule, die zur Zeit 190 Kinder in 9 Klassen besuchen.<\/p>\n<p>Besonders wichtig sind uns ein gutes Miteinander, ein wertsch\u00e4tzender und respektvoller Umgang mit- und untereinander, eine angenehme Lern- und Arbeitsatmosph\u00e4re und die F\u00f6rderung von selbstst\u00e4ndigem und kooperativem Lernen. Wir pflegen und sch\u00e4tzen eine gute Zusammenarbeit mit unseren au\u00dferschulischen Partnern.<\/p>\n<p>Und nun w\u00fcnschen wir viel Spa\u00df beim Suchen und Schauen!<\/p>\n<p><em>Das Kollegium der Wilhelm-Raabe-Schule Ilten<\/em><\/p>\n","protected":false},"excerpt":{"rendered":"<p>Herzlich Willkommen\u2026 \u2026auf den Seiten der Wilhelm-Raabe-Schule Ilten. Wir freuen uns, Ihnen unsere Schule vorzustellen und laden Sie ganz herzlich zum St\u00f6bern, Informieren und Mitmachen ein. Hier findet sich alles Wichtige und Interessante rund um unsere Schule. Das sind wir: &hellip; <a href=\"https:\/\/wordpress.nibis.de\/gsilten\/\">Weiterlesen <span class=\"meta-nav\">&rarr;<\/span><\/a><\/p>\n","protected":false},"author":1293,"featured_media":0,"parent":0,"menu_order":0,"comment_status":"closed","ping_status":"closed","template":"","meta":{"footnotes":""},"class_list":["post-7","page","type-page","status-publish","hentry"],"_links":{"self":[{"href":"https:\/\/wordpress.nibis.de\/gsilten\/wp-json\/wp\/v2\/pages\/7","targetHints":{"allow":["GET"]}}],"collection":[{"href":"https:\/\/wordpress.nibis.de\/gsilten\/wp-json\/wp\/v2\/pages"}],"about":[{"href":"https:\/\/wordpress.nibis.de\/gsilten\/wp-json\/wp\/v2\/types\/page"}],"author":[{"embeddable":true,"href":"https:\/\/wordpress.nibis.de\/gsilten\/wp-json\/wp\/v2\/users\/1293"}],"replies":[{"embeddable":true,"href":"https:\/\/wordpress.nibis.de\/gsilten\/wp-json\/wp\/v2\/comments?post=7"}],"version-history":[{"count":87,"href":"https:\/\/wordpress.nibis.de\/gsilten\/wp-json\/wp\/v2\/pages\/7\/revisions"}],"predecessor-version":[{"id":2109,"href":"https:\/\/wordpress.nibis.de\/gsilten\/wp-json\/wp\/v2\/pages\/7\/revisions\/2109"}],"wp:attachment":[{"href":"https:\/\/wordpress.nibis.de\/gsilten\/wp-json\/wp\/v2\/media?parent=7"}],"curies":[{"name":"wp","href":"https:\/\/api.w.org\/{rel}","templated":true}]}}