{"id":256,"date":"2018-08-29T20:52:09","date_gmt":"2018-08-29T18:52:09","guid":{"rendered":"http:\/\/wordpress.nibis.de\/gsimspiet\/?page_id=256"},"modified":"2025-08-12T21:03:27","modified_gmt":"2025-08-12T19:03:27","slug":"herzlich-willkommen","status":"publish","type":"page","link":"https:\/\/wordpress.nibis.de\/gsimspiet\/","title":{"rendered":"Herzlich Willkommen"},"content":{"rendered":"\n\n<p><img loading=\"lazy\" decoding=\"async\" class=\"alignnone wp-image-247\" src=\"http:\/\/wordpress.nibis.de\/gsimspiet\/files\/2018\/08\/SAM_0765-300x225.jpg\" alt=\"\" width=\"121\" height=\"91\" \/><img loading=\"lazy\" decoding=\"async\" class=\"alignnone wp-image-250\" src=\"http:\/\/wordpress.nibis.de\/gsimspiet\/files\/2018\/08\/SAM_0768-300x225.jpg\" alt=\"\" width=\"121\" height=\"91\" \/><img loading=\"lazy\" decoding=\"async\" class=\"alignnone wp-image-252\" src=\"http:\/\/wordpress.nibis.de\/gsimspiet\/files\/2018\/08\/SAM_0761-300x225.jpg\" alt=\"\" width=\"121\" height=\"91\" \/><img loading=\"lazy\" decoding=\"async\" class=\"alignnone wp-image-251\" src=\"http:\/\/wordpress.nibis.de\/gsimspiet\/files\/2018\/08\/SAM_0769-300x225.jpg\" alt=\"\" width=\"121\" height=\"91\" \/><img loading=\"lazy\" decoding=\"async\" class=\"alignnone wp-image-248\" src=\"http:\/\/wordpress.nibis.de\/gsimspiet\/files\/2018\/08\/SAM_0766-300x225.jpg\" alt=\"\" width=\"121\" height=\"91\" \/><br \/><span style=\"font-family: arial, helvetica, sans-serif;font-size: 8pt\">plattdeutsch\u00a0\u00a0\u00a0\u00a0\u00a0\u00a0\u00a0\u00a0\u00a0\u00a0\u00a0\u00a0\u00a0\u00a0\u00a0\u00a0\u00a0\u00a0\u00a0\u00a0 englisch\u00a0\u00a0\u00a0\u00a0\u00a0\u00a0\u00a0\u00a0\u00a0\u00a0\u00a0\u00a0\u00a0\u00a0\u00a0\u00a0\u00a0\u00a0\u00a0\u00a0\u00a0\u00a0\u00a0\u00a0\u00a0\u00a0 russisch\u00a0\u00a0\u00a0\u00a0\u00a0\u00a0\u00a0\u00a0\u00a0\u00a0\u00a0\u00a0\u00a0\u00a0\u00a0\u00a0\u00a0\u00a0\u00a0\u00a0\u00a0\u00a0\u00a0\u00a0\u00a0 t\u00fcrkisch\u00a0\u00a0\u00a0\u00a0\u00a0\u00a0\u00a0\u00a0\u00a0\u00a0\u00a0\u00a0\u00a0\u00a0\u00a0\u00a0\u00a0\u00a0\u00a0\u00a0\u00a0\u00a0\u00a0\u00a0\u00a0\u00a0\u00a0 vietnamesisch<\/span><\/p>\n<p style=\"text-align: left\">\u00a0<\/p>\n<p>Liebe Besucherinnen und Besucher unserer Internetseite,<\/p>\n<p>als Schulleiterin begr\u00fc\u00dfe ich Sie auf unserer Schulhomepage. Hier gibt es viele Informationen und Neuigkeiten rund um die Schule Im Spiet.<\/p>\n<p>Viel Spa\u00df beim St\u00f6bern,<br \/>Ivonne Behnke<\/p>\n<p>\u00a0<\/p>\n<p><span style=\"color: #008000\">Moin mitnanner, <\/span><br \/><span style=\"color: #008000\">up disse Sied finden ji &#8217;n b\u00fclt Informationen un Neeis wat uns School angeiht.<\/span><br \/><span style=\"color: #008000\">Kiekt jo doch eenfach &#8217;n bietje um.<\/span><br \/><span style=\"color: #008000\">V\u00f6\u00f6l Spa\u00df daarbi<\/span><\/p>\n<p>\u00a0<\/p>\n<p><img loading=\"lazy\" decoding=\"async\" class=\"alignnone wp-image-244\" src=\"http:\/\/wordpress.nibis.de\/gsimspiet\/files\/2018\/08\/SAM_0762-300x225.jpg\" alt=\"\" width=\"120\" height=\"90\" \/><img loading=\"lazy\" decoding=\"async\" class=\"alignnone wp-image-246\" src=\"http:\/\/wordpress.nibis.de\/gsimspiet\/files\/2018\/08\/SAM_0764-300x225.jpg\" alt=\"\" width=\"121\" height=\"91\" \/><img loading=\"lazy\" decoding=\"async\" class=\"alignnone wp-image-249\" src=\"http:\/\/wordpress.nibis.de\/gsimspiet\/files\/2018\/08\/SAM_0767-300x225.jpg\" alt=\"\" width=\"121\" height=\"91\" \/><img loading=\"lazy\" decoding=\"async\" class=\"alignnone wp-image-253\" src=\"http:\/\/wordpress.nibis.de\/gsimspiet\/files\/2018\/08\/SAM_0770-300x225.jpg\" alt=\"\" width=\"120\" height=\"90\" \/><img loading=\"lazy\" decoding=\"async\" class=\"alignnone wp-image-245\" src=\"http:\/\/wordpress.nibis.de\/gsimspiet\/files\/2018\/08\/SAM_0763-300x225.jpg\" alt=\"\" width=\"120\" height=\"90\" \/><br \/><span style=\"font-family: arial, helvetica, sans-serif;font-size: 8pt\">chinesisch\u00a0\u00a0\u00a0\u00a0\u00a0\u00a0\u00a0\u00a0\u00a0\u00a0\u00a0\u00a0\u00a0\u00a0\u00a0\u00a0\u00a0\u00a0\u00a0\u00a0\u00a0\u00a0 deutsch\u00a0\u00a0\u00a0\u00a0\u00a0\u00a0\u00a0\u00a0\u00a0\u00a0\u00a0\u00a0\u00a0\u00a0\u00a0\u00a0\u00a0\u00a0\u00a0\u00a0\u00a0\u00a0\u00a0\u00a0\u00a0\u00a0\u00a0 thail\u00e4ndisch\u00a0\u00a0\u00a0\u00a0\u00a0\u00a0\u00a0\u00a0\u00a0\u00a0\u00a0\u00a0\u00a0\u00a0\u00a0\u00a0\u00a0\u00a0\u00a0\u00a0 polnisch\u00a0\u00a0\u00a0\u00a0\u00a0\u00a0\u00a0\u00a0\u00a0\u00a0\u00a0\u00a0\u00a0\u00a0\u00a0\u00a0\u00a0\u00a0\u00a0\u00a0\u00a0\u00a0\u00a0\u00a0\u00a0\u00a0 arabisch<\/span><\/p>\n\n\n<p class=\"has-text-color\" style=\"color:#a3000f\"><br><br><br><\/p>\n","protected":false},"excerpt":{"rendered":"<p>plattdeutsch\u00a0\u00a0\u00a0\u00a0\u00a0\u00a0\u00a0\u00a0\u00a0\u00a0\u00a0\u00a0\u00a0\u00a0\u00a0\u00a0\u00a0\u00a0\u00a0\u00a0 englisch\u00a0\u00a0\u00a0\u00a0\u00a0\u00a0\u00a0\u00a0\u00a0\u00a0\u00a0\u00a0\u00a0\u00a0\u00a0\u00a0\u00a0\u00a0\u00a0\u00a0\u00a0\u00a0\u00a0\u00a0\u00a0\u00a0 russisch\u00a0\u00a0\u00a0\u00a0\u00a0\u00a0\u00a0\u00a0\u00a0\u00a0\u00a0\u00a0\u00a0\u00a0\u00a0\u00a0\u00a0\u00a0\u00a0\u00a0\u00a0\u00a0\u00a0\u00a0\u00a0 t\u00fcrkisch\u00a0\u00a0\u00a0\u00a0\u00a0\u00a0\u00a0\u00a0\u00a0\u00a0\u00a0\u00a0\u00a0\u00a0\u00a0\u00a0\u00a0\u00a0\u00a0\u00a0\u00a0\u00a0\u00a0\u00a0\u00a0\u00a0\u00a0 vietnamesisch \u00a0 Liebe Besucherinnen und Besucher unserer Internetseite, als Schulleiterin begr\u00fc\u00dfe ich Sie auf unserer Schulhomepage. Hier gibt es viele Informationen und Neuigkeiten rund um die Schule Im Spiet. Viel Spa\u00df beim St\u00f6bern,Ivonne Behnke \u00a0 Moin &hellip; <a href=\"https:\/\/wordpress.nibis.de\/gsimspiet\/\">Weiterlesen <span class=\"meta-nav\">&rarr;<\/span><\/a><\/p>\n","protected":false},"author":9192608,"featured_media":0,"parent":0,"menu_order":0,"comment_status":"closed","ping_status":"closed","template":"","meta":{"footnotes":""},"class_list":["post-256","page","type-page","status-publish","hentry"],"_links":{"self":[{"href":"https:\/\/wordpress.nibis.de\/gsimspiet\/wp-json\/wp\/v2\/pages\/256","targetHints":{"allow":["GET"]}}],"collection":[{"href":"https:\/\/wordpress.nibis.de\/gsimspiet\/wp-json\/wp\/v2\/pages"}],"about":[{"href":"https:\/\/wordpress.nibis.de\/gsimspiet\/wp-json\/wp\/v2\/types\/page"}],"author":[{"embeddable":true,"href":"https:\/\/wordpress.nibis.de\/gsimspiet\/wp-json\/wp\/v2\/users\/9192608"}],"replies":[{"embeddable":true,"href":"https:\/\/wordpress.nibis.de\/gsimspiet\/wp-json\/wp\/v2\/comments?post=256"}],"version-history":[{"count":120,"href":"https:\/\/wordpress.nibis.de\/gsimspiet\/wp-json\/wp\/v2\/pages\/256\/revisions"}],"predecessor-version":[{"id":4275,"href":"https:\/\/wordpress.nibis.de\/gsimspiet\/wp-json\/wp\/v2\/pages\/256\/revisions\/4275"}],"wp:attachment":[{"href":"https:\/\/wordpress.nibis.de\/gsimspiet\/wp-json\/wp\/v2\/media?parent=256"}],"curies":[{"name":"wp","href":"https:\/\/api.w.org\/{rel}","templated":true}]}}