{"id":36,"date":"2018-08-15T22:11:18","date_gmt":"2018-08-15T20:11:18","guid":{"rendered":"http:\/\/wordpress.nibis.de\/gsimspiet\/?page_id=36"},"modified":"2023-09-30T10:12:56","modified_gmt":"2023-09-30T08:12:56","slug":"schulvorstand","status":"publish","type":"page","link":"https:\/\/wordpress.nibis.de\/gsimspiet\/schulvorstand\/","title":{"rendered":"Schulvorstand"},"content":{"rendered":"\n<p>Folgende Lehrkr\u00e4fte sind aktuell Mitglied im Schulvorstand:<\/p>\n\n\n\n<p>Frau Kalkwarf<br>Frau Jachan<br>Frau Jan\u00dfen<br>Frau Neemann<\/p>\n\n\n\n<p>Folgende Elternvertreter sind aktuell Mitglied im Schulvorstand:<\/p>\n\n\n\n<p>Frau Joachims<br>Frau Ratajczak<br>Frau Diekmann<br>Frau Durschnabel-Fekken<\/p>\n\n\n\n\n\n<p>https:\/\/www.rlsb.de\/themen\/schulorganisation\/schulverfassung\/schulverfassung:<br><br>&#8222;Dem Schulvorstand obliegt die wichtige Aufgabe, die Arbeit der Schule mit dem Ziel der Qualit\u00e4tsentwicklung zu gestalten. Die Entscheidungsbefugnisse des Schulvorstandes sind in \u00a7 38 a Abs. 3 NSchG abschlie\u00dfend festgelegt. Der Schulvorstand entscheidet u. a. \u00fcber den von der Schulleiterin\/dem Schulleiter aufgestellten Plan \u00fcber die Verwendung der Haushaltsmittel, die Zusammenarbeit mit anderen Schulen, Schulpartnerschaften, die Ausgestaltung der Stundentafel, Grunds\u00e4tze f\u00fcr die Durchf\u00fchrung von Projektwochen, f\u00fcr die Werbung und das Sponsoring in der Schule und f\u00fcr die j\u00e4hrliche \u00dcberpr\u00fcfung der Arbeit der Schule nach \u00a7 32 Abs. 3 NSchG .&#8220;<\/p>\n","protected":false},"excerpt":{"rendered":"<p>Folgende Lehrkr\u00e4fte sind aktuell Mitglied im Schulvorstand: Frau KalkwarfFrau JachanFrau Jan\u00dfenFrau Neemann Folgende Elternvertreter sind aktuell Mitglied im Schulvorstand: Frau JoachimsFrau RatajczakFrau DiekmannFrau Durschnabel-Fekken https:\/\/www.rlsb.de\/themen\/schulorganisation\/schulverfassung\/schulverfassung: &#8222;Dem Schulvorstand obliegt die wichtige Aufgabe, die Arbeit der Schule mit dem Ziel der Qualit\u00e4tsentwicklung &hellip; <a href=\"https:\/\/wordpress.nibis.de\/gsimspiet\/schulvorstand\/\">Weiterlesen <span class=\"meta-nav\">&rarr;<\/span><\/a><\/p>\n","protected":false},"author":9192608,"featured_media":0,"parent":0,"menu_order":0,"comment_status":"closed","ping_status":"closed","template":"","meta":{"footnotes":""},"class_list":["post-36","page","type-page","status-publish","hentry"],"_links":{"self":[{"href":"https:\/\/wordpress.nibis.de\/gsimspiet\/wp-json\/wp\/v2\/pages\/36","targetHints":{"allow":["GET"]}}],"collection":[{"href":"https:\/\/wordpress.nibis.de\/gsimspiet\/wp-json\/wp\/v2\/pages"}],"about":[{"href":"https:\/\/wordpress.nibis.de\/gsimspiet\/wp-json\/wp\/v2\/types\/page"}],"author":[{"embeddable":true,"href":"https:\/\/wordpress.nibis.de\/gsimspiet\/wp-json\/wp\/v2\/users\/9192608"}],"replies":[{"embeddable":true,"href":"https:\/\/wordpress.nibis.de\/gsimspiet\/wp-json\/wp\/v2\/comments?post=36"}],"version-history":[{"count":14,"href":"https:\/\/wordpress.nibis.de\/gsimspiet\/wp-json\/wp\/v2\/pages\/36\/revisions"}],"predecessor-version":[{"id":3567,"href":"https:\/\/wordpress.nibis.de\/gsimspiet\/wp-json\/wp\/v2\/pages\/36\/revisions\/3567"}],"wp:attachment":[{"href":"https:\/\/wordpress.nibis.de\/gsimspiet\/wp-json\/wp\/v2\/media?parent=36"}],"curies":[{"name":"wp","href":"https:\/\/api.w.org\/{rel}","templated":true}]}}