{"id":40,"date":"2018-08-15T22:11:41","date_gmt":"2018-08-15T20:11:41","guid":{"rendered":"http:\/\/wordpress.nibis.de\/gsimspiet\/?page_id=40"},"modified":"2026-03-20T16:32:47","modified_gmt":"2026-03-20T15:32:47","slug":"schulsozialarbeit","status":"publish","type":"page","link":"https:\/\/wordpress.nibis.de\/gsimspiet\/schulsozialarbeit\/","title":{"rendered":"Schulsozialarbeit"},"content":{"rendered":"<p>Liebe Eltern, mein Name ist <strong>Bettina Jenssen<\/strong>.<\/p>\n<p>Zu meinen Aufgabenbereichen geh\u00f6rt die Organisation der Ganztagsschule, der Unterricht &#8222;Soziales Lernen&#8220; in den einzelnen Klassen und das F\u00fchren von Gespr\u00e4chen.<br \/><br \/>Ich \u00fcbernehme die praktische Ausbildung von Erziehern an unserer Schule und bin f\u00fcr die Netzwerkarbeit, zum Beispiel mit dem Kinderschutzbund, zust\u00e4ndig.<\/p>\n<p>&#8212;&#8212;&#8212;&#8212;&#8212;&#8212;&#8212;&#8212;&#8212;&#8212;&#8212;&#8212;&#8212;&#8212;&#8212;&#8212;&#8212;&#8212;&#8212;&#8212;&#8212;&#8212;&#8212;&#8212;&#8212;&#8212;&#8212;&#8212;&#8212;&#8212;&#8212;&#8212;&#8212;&#8212;&#8212;&#8212;-<\/p>\n<p style=\"text-align: justify\">Mein Name ist <strong>Jasmin Grau<\/strong> und ich arbeite seit September 2014 als Erzieherin an unserer Schule.<\/p>\n<p style=\"text-align: justify\">Ich begleite Sch\u00fclerinnen und Sch\u00fcler mit Unterst\u00fctzungsbedarf im emotionalen und sozialen Bereich im Schulalltag. Au\u00dferdem bin ich in der Vorkasse t\u00e4tig.<\/p>\n<p>&#8212;&#8212;&#8212;&#8212;&#8212;&#8212;&#8212;&#8212;&#8212;&#8212;&#8212;&#8212;&#8212;&#8212;&#8212;&#8212;&#8212;&#8212;&#8212;&#8212;&#8212;&#8212;&#8212;&#8212;&#8212;&#8212;&#8212;&#8212;&#8212;&#8212;&#8212;&#8212;&#8212;&#8212;&#8212;&#8212;-<\/p>\n\n\n<p>Mein Name ist <strong>Wiebke Engels<\/strong>.<br \/><br \/>Ich bin Sozialp\u00e4dagogin. Ich f\u00fchre unter anderem Gespr\u00e4che mit Sch\u00fclerinnen und Sch\u00fclern, Eltern und anderen Institutionen, wie dem Jugendamt. Zudem bilde ich Kinder des Jahrgangs 3 zu Streitschlichterinnen und Streitschlichtern aus und treffe mich alle 2 Wochen mit Sch\u00fclerinnen und Sch\u00fclern der 3. und 4. Klasse zum Sch\u00fclerparlament. <br \/><br \/>Im Vormittags-und Nachmittagsbereich mache ich Yoga und Entspannung mit den Kindern.<\/p>\n","protected":false},"excerpt":{"rendered":"<p>Liebe Eltern, mein Name ist Bettina Jenssen. Zu meinen Aufgabenbereichen geh\u00f6rt die Organisation der Ganztagsschule, der Unterricht &#8222;Soziales Lernen&#8220; in den einzelnen Klassen und das F\u00fchren von Gespr\u00e4chen. Ich \u00fcbernehme die praktische Ausbildung von Erziehern an unserer Schule und bin &hellip; <a href=\"https:\/\/wordpress.nibis.de\/gsimspiet\/schulsozialarbeit\/\">Weiterlesen <span class=\"meta-nav\">&rarr;<\/span><\/a><\/p>\n","protected":false},"author":9192608,"featured_media":0,"parent":0,"menu_order":0,"comment_status":"closed","ping_status":"closed","template":"","meta":{"footnotes":""},"class_list":["post-40","page","type-page","status-publish","hentry"],"_links":{"self":[{"href":"https:\/\/wordpress.nibis.de\/gsimspiet\/wp-json\/wp\/v2\/pages\/40","targetHints":{"allow":["GET"]}}],"collection":[{"href":"https:\/\/wordpress.nibis.de\/gsimspiet\/wp-json\/wp\/v2\/pages"}],"about":[{"href":"https:\/\/wordpress.nibis.de\/gsimspiet\/wp-json\/wp\/v2\/types\/page"}],"author":[{"embeddable":true,"href":"https:\/\/wordpress.nibis.de\/gsimspiet\/wp-json\/wp\/v2\/users\/9192608"}],"replies":[{"embeddable":true,"href":"https:\/\/wordpress.nibis.de\/gsimspiet\/wp-json\/wp\/v2\/comments?post=40"}],"version-history":[{"count":13,"href":"https:\/\/wordpress.nibis.de\/gsimspiet\/wp-json\/wp\/v2\/pages\/40\/revisions"}],"predecessor-version":[{"id":4610,"href":"https:\/\/wordpress.nibis.de\/gsimspiet\/wp-json\/wp\/v2\/pages\/40\/revisions\/4610"}],"wp:attachment":[{"href":"https:\/\/wordpress.nibis.de\/gsimspiet\/wp-json\/wp\/v2\/media?parent=40"}],"curies":[{"name":"wp","href":"https:\/\/api.w.org\/{rel}","templated":true}]}}