{"id":4020,"date":"2024-12-01T22:32:45","date_gmt":"2024-12-01T21:32:45","guid":{"rendered":"https:\/\/wordpress.nibis.de\/gsimspiet\/?page_id=4020"},"modified":"2024-12-19T23:10:07","modified_gmt":"2024-12-19T22:10:07","slug":"plattduetsk-wiehnachten","status":"publish","type":"page","link":"https:\/\/wordpress.nibis.de\/gsimspiet\/plattduetsk-wiehnachten\/","title":{"rendered":"Plattd\u00fc\u00fctsk Wiehnachten"},"content":{"rendered":"\n<p>20. Dezember &#8211; de leste Schooldag!<\/p>\n\n\n\n<div class=\"wp-block-image is-style-rounded\"><figure class=\"aligncenter size-large is-resized\"><img loading=\"lazy\" decoding=\"async\" src=\"https:\/\/wordpress.nibis.de\/gsimspiet\/files\/2018\/09\/SAM_1189-e1545656560978-450x600.jpg\" alt=\"\" class=\"wp-image-662\" width=\"321\" height=\"428\" srcset=\"https:\/\/wordpress.nibis.de\/gsimspiet\/files\/2018\/09\/SAM_1189-e1545656560978-450x600.jpg 450w, https:\/\/wordpress.nibis.de\/gsimspiet\/files\/2018\/09\/SAM_1189-e1545656560978-225x300.jpg 225w, https:\/\/wordpress.nibis.de\/gsimspiet\/files\/2018\/09\/SAM_1189-e1545656560978.jpg 600w\" sizes=\"auto, (max-width: 321px) 100vw, 321px\" \/><figcaption>Mooi Feerjen, mooi Fierdagen un dat Allerbest f\u00f6r dat tokomend Jahr!<\/figcaption><\/figure><\/div>\n\n\n\n<p><\/p>\n\n\n\n<p>19. Dezember<\/p>\n\n\n\n<div class=\"wp-block-media-text alignwide has-media-on-the-right is-stacked-on-mobile\"><figure class=\"wp-block-media-text__media\"><img loading=\"lazy\" decoding=\"async\" width=\"450\" height=\"600\" src=\"https:\/\/wordpress.nibis.de\/gsimspiet\/files\/2024\/12\/Bild3d-rotated-e1734644474884-450x600.jpg\" alt=\"\" class=\"wp-image-4102 size-full\" \/><\/figure><div class=\"wp-block-media-text__content\">\n<p>Un de Engel see:<br>Weest neet bang!<br>ik do jo groot Freid kunt,<br>de \u00f6ver jo Volk kummt.<br>Denn jo is vandaag de Heiland geboren<br>dat is Christus, de Herr ut de Stadt Davids.<br>(Lukas 2, 10+11)<\/p>\n<\/div><\/div>\n\n\n\n<p>18. Dezember<\/p>\n\n\n\n<div class=\"wp-block-media-text alignwide is-stacked-on-mobile\" style=\"grid-template-columns:41% auto\"><figure class=\"wp-block-media-text__media\"><img loading=\"lazy\" decoding=\"async\" width=\"800\" height=\"600\" src=\"https:\/\/wordpress.nibis.de\/gsimspiet\/files\/2024\/12\/20241219_221006-800x600.jpg\" alt=\"\" class=\"wp-image-4098 size-full\" \/><\/figure><div class=\"wp-block-media-text__content\">\n<p>1. Steern \u00f6ver Bethlehem, wies uns de Weg,<br>liek na de Kr\u00fcpp daar hen, so is uns seggt!<br>St\u00fc\u00fcr du een L\u00fccht voran, bit wi daar s\u00fcnd.<br>Steern \u00f6ver Bethlehem, wies uns dat Kind!<\/p>\n\n\n\n<p>2. Steern \u00f6ver Bethlehem, nu bliffst du stahn,<br>lettst uns dat Wunner sehn, b\u00fcst mit uns gahn.<br>Wat daar passeert is, n\u00fcms harr dat docht,<br>Steern \u00f6ver Bethlehem, in disse Nacht.<\/p>\n\n\n\n<p>3. Steern \u00f6ver Bethlehem, nu s\u00fcnd wi daar.<br>Kiek, disse arme Stall, daar word dat wahr:<br>Wi finnen Gott sien S\u00f6hn un beden an,<br>Steern \u00f6ver Bethlehem, du schienst v\u00f6ran!<\/p>\n\n\n\n<p class=\"has-small-font-size\">(plattdt. Text: Imke Schwarz)<\/p>\n<\/div><\/div>\n\n\n\n<p>17. Dezember<br><br>Wienachten<br><br>Wienachten,<br>dat is neet<br>de Mann<br>met de gries Baart,<br>de mit de Finger<br>up di wiest,<br>de di wahrschoet.<br><br>Wienachten,<br>dat is<br>dat Kijd<br>in de Kr\u00fcpp,<br>dat sien Armkes<br>utstreckt<br>un seggt<br>Kumm!<\/p>\n\n\n\n<p>16. Dezember <\/p>\n\n\n\n<div class=\"wp-block-media-text alignwide is-stacked-on-mobile\" style=\"grid-template-columns:44% auto\"><figure class=\"wp-block-media-text__media\"><img loading=\"lazy\" decoding=\"async\" width=\"450\" height=\"600\" src=\"https:\/\/wordpress.nibis.de\/gsimspiet\/files\/2024\/12\/20241127_140408-450x600.jpg\" alt=\"\" class=\"wp-image-4087 size-full\" \/><\/figure><div class=\"wp-block-media-text__content\">\n<p>Wiehnachtsl\u00fccht<br><br>Waar Wiehnachtsl\u00fccht brannt,<br>worden de Dagen so still \u2026.<br>un de Alldag is neet mehr so luut.<br>Waar Wiehnachtsl\u00fccht brannt,<br>worden de Dagen so hell \u2026.<br>un de Alldag is neet mehr so gries.<br>Waar Wiehnachtsl\u00fccht brannt,<br>worden de Dagen so warm \u2026.<br>un de Alldag is neet mehr so kold<br>Waar Wiehnachtsl\u00fccht brannt,<br>wasst in de Harten de Leev \u2026.<br>un de Glowen an Freeden op Eer!<\/p>\n\n\n\n<p class=\"has-small-font-size\">(Hans Hansen Palmus) (4)<\/p>\n<\/div><\/div>\n\n\n\n<p>15. Dezember &#8211; 3. Advent &#8211;<br><br>Stille Nacht<br><br>Stille Nacht, hillige Nacht!<br>Allens sl\u00f6ppt, waak is sacht<br>blots dat trulich hoochhillige Paar.<br>O leev Christkind mit lockige Haar,<br>slaap in himmlische Roh,<br>slaap in himmlische Roh.<\/p>\n\n\n\n<p>Stille Nacht, hillige Nacht!<br>Harders h\u00f6\u00f6rn as eerst&#8216; de Pracht;<br>d\u00f6r de Engel Halleluja<br>t\u00f6\u00f6nt dat luut nu van wieder un nah:<br>Christ, de Retter, is dor,<br>Christ, de Retter, is dor.<\/p>\n\n\n\n<p>Stille Nacht, hillige Nacht!<br>Gott sien S\u00f6hn, o wat lacht<br>Leev ut dienen g\u00f6ttlichen Mund,<br>giff de Tiet f\u00f6r de Rettung uns kund,<br>Christ, d\u00f6r diene Geburt,<br>Christ, d\u00f6r diene Geburt.<\/p>\n\n\n\n<p class=\"has-small-font-size\">(Plattd\u00fc\u00fctsk: Hans-Georg Peters) <\/p>\n\n\n\n<p style=\"font-size:10px\"><span style=\"color:#fff\" class=\"tadv-color\">(3)<\/span><\/p>\n\n\n\n<p>14. Dezember<br><br>W &#8211; Wintertied<br>I &#8211; Ies un Sneei<br>E &#8211; Engelkes singen<br>H &#8211; Hallelujah<br>N &#8211; Na Bethlehem geih&#8217;t hen<br>A &#8211; s&#8216; Avends of midden in de Nacht<br>C &#8211; Christkindje kummt<br>H &#8211; Herders up dat Feld<br>T &#8211; Troo K\u00f6nigen folgen de Steern<br>E &#8211; Esel un Ossen<br>N &#8211; N\u00f6ten un Krinthen<\/p>\n\n\n\n<p>13. Dezember<br><br>Wunskzedel<\/p>\n\n\n\n<p>Wat w\u00fcnskt du di to Wiehnachten?<br>Sp\u00f6lt\u00fc\u00fcg? Boken? Kleer? Viellicht en Fahrrad?<br>Wat giffst du dien Ollen of S\u00fcsters of Br\u00f6rs to Wiehnachten?<\/p>\n\n\n\n<figure class=\"wp-block-image size-large\"><img loading=\"lazy\" decoding=\"async\" width=\"800\" height=\"282\" src=\"https:\/\/wordpress.nibis.de\/gsimspiet\/files\/2024\/12\/Weihnachtsmann-800x282.jpg\" alt=\"\" class=\"wp-image-4082\" srcset=\"https:\/\/wordpress.nibis.de\/gsimspiet\/files\/2024\/12\/Weihnachtsmann-800x282.jpg 800w, https:\/\/wordpress.nibis.de\/gsimspiet\/files\/2024\/12\/Weihnachtsmann-300x106.jpg 300w, https:\/\/wordpress.nibis.de\/gsimspiet\/files\/2024\/12\/Weihnachtsmann-768x271.jpg 768w, https:\/\/wordpress.nibis.de\/gsimspiet\/files\/2024\/12\/Weihnachtsmann.jpg 1000w\" sizes=\"auto, (max-width: 800px) 100vw, 800px\" \/><\/figure>\n\n\n\n<p><\/p>\n\n\n\n<p>12. Dezember<br><br>Witte Wiehnachten?!<br><br>Fehlt di ok Sneei f\u00f6r de rechte Wiehnachts-Luun?<br>Denn kl\u00fcter mit uns dien egen Sneeikeerl. <br>Du bruukst en Glas, Botterbroodpapier un Kliester, Resten van swart un geelrood Papier f\u00f6r de Ogen un de N\u00f6\u00f6s.<\/p>\n\n\n\n<div class=\"wp-block-image is-style-rounded\"><figure class=\"aligncenter size-full is-resized\"><img loading=\"lazy\" decoding=\"async\" src=\"https:\/\/wordpress.nibis.de\/gsimspiet\/files\/2024\/12\/Schneemannglas.jpg\" alt=\"\" class=\"wp-image-4077\" width=\"396\" height=\"296\" srcset=\"https:\/\/wordpress.nibis.de\/gsimspiet\/files\/2024\/12\/Schneemannglas.jpg 700w, https:\/\/wordpress.nibis.de\/gsimspiet\/files\/2024\/12\/Schneemannglas-300x225.jpg 300w\" sizes=\"auto, (max-width: 396px) 100vw, 396px\" \/><figcaption>Sneeikeerls in de 1c<\/figcaption><\/figure><\/div>\n\n\n\n<p class=\"has-white-color has-white-background-color has-text-color has-background\">k<\/p>\n\n\n\n<p>11. Dezember<br><br>Sing mit uns!<br><br>Bold is all Wiehnachtstied (Bald schon ist Weihnachtszeit)<\/p>\n\n\n\n<p>Bald is all Wiehnachtstied, l\u00fcstige Tied, <br>nu is de Wiehnachtsmann gaar neet mehr wied.<\/p>\n\n\n\n<p>L\u00fcster mal, he kloppt all buten an d&#8216; D\u00f6\u00f6r, <br>mit sien mooi Schimmelke, steiht he daarv\u00f6r.<\/p>\n\n\n\n<p>Legg ik f\u00f6r\u2019t Schimmelke Hei v\u00f6r dat Huus, <br>packt gliek Knecht Ruprecht de grote Sack ut.<\/p>\n\n\n\n<p>Pepern\u00f6\u00f6t, Appelkes, Mandels un Krinth, <br>alles dat hett he f\u00f6r\u2019t leeve Kind.<\/p>\n\n\n\n<p><span style=\"color:#fff\" class=\"tadv-color\">k<\/span><\/p>\n\n\n\n<p>10. Dezember<\/p>\n\n\n\n<div class=\"wp-block-image is-style-rounded\"><figure class=\"aligncenter size-full is-resized\"><img loading=\"lazy\" decoding=\"async\" src=\"https:\/\/wordpress.nibis.de\/gsimspiet\/files\/2024\/12\/Adventsmorgen-Aula.jpg\" alt=\"\" class=\"wp-image-4057\" width=\"247\" height=\"304\" srcset=\"https:\/\/wordpress.nibis.de\/gsimspiet\/files\/2024\/12\/Adventsmorgen-Aula.jpg 391w, https:\/\/wordpress.nibis.de\/gsimspiet\/files\/2024\/12\/Adventsmorgen-Aula-243x300.jpg 243w\" sizes=\"auto, (max-width: 247px) 100vw, 247px\" \/><figcaption>Musik van uns Trumpeten-Klasse:<br>M\u00f6rgen kummt de Wiehnachtsmann<\/figcaption><\/figure><\/div>\n\n\n\n<p>9. Dezember <br><br>L\u00fcttje Jan telefoneert mit de Wiehnachtsmann<\/p>\n\n\n\n<p>Hallo! Hallo! Wiehnachtsmann!<br>B\u00fcst du daar? Ja, hier is Jan.<br>Och, ik wull man evkes fragen, <br>bruukst du H\u00fclp bi `t Sackendragen?<\/p>\n\n\n\n<p>Moder see, in disse Jahr<br>kwammst du nich mehr. Is dat wahr?<br>Vader see, du kunnst neet lopen,<br>he wull s\u00fclvens man wat kopen.<br><br>Wiehnachtsmann, nee, dat was naar!<br>Lehn doch Vaders neje Kaar!<br>Of sall di uns Eilert halen?<br>Vader kann \u00b4t Benzin betahlen.<br><br>Un dien Peerd? Dat blifft in d\u2019 Stall.<br>Wat, dat geiht neet? Dat word mall?<br>Hett al Sinn an Kohl un Zucker?<br>Magg kien Autos mit Getucker?<br><br>Ja, wat maakt wi dann? Oh weh!&#8230;<br>Wat seggst du? Dat kummt up Stee?<br>Och, wat b\u00fcn ik nu weer bliede!<br>Wiehnachtsmann, kumm bold un riede!<\/p>\n\n\n\n<p>(Greta Schoon)<\/p>\n\n\n\n<p><span style=\"color:#fff\" class=\"tadv-color\">k<\/span><\/p>\n\n\n\n<p><\/p>\n\n\n\n<p>8. Dezember &#8211; 2. Advent &#8211;<br><br>Rezept f\u00f6r Wiehnachtskookjes<br><br>Du bruukst:<br>&#8211; 250g Mehl<br>&#8211; 90g Zucker<br>&#8211; 125g kolle Botter<br>&#8211; 1 Ei<br><br>Geev Mehl, Zucker, Botter un dat Ei in en Kumm un knuudje dat, so dat dat en mojen Deeg wordt. Du kannst dat mit en Maschien of mit dien Hannen maken. <br>De Deeg mutt denn f\u00f6r tominnst 30 Min\u00fcten in de K\u00f6hlschapp.<br>Denn rullst du de Deeg up un steckst dien Kookjes ut: Steerns, Dannenbomen, Hartjes,&#8230;<br>De Kookjes kommen up dat Blick un f\u00f6r 10-12 Min\u00fcten bi 175\u00b0C in de Backovend.<br><br>De klaar Kookjes kannst du mit smulten Zuckerlaa of bunte Zuckerparrels mooimaken.<br><br><span style=\"color:#fff\" class=\"tadv-color\">k<\/span><br><\/p>\n\n\n\n<p>7.Dezember<\/p>\n\n\n\n<p>In uns Schoolk\u00f6ken wordt weer backen &#8211; dat maakt Spaa\u00df, ruckt good un smeckt noch beter!<\/p>\n\n\n\n<figure class=\"wp-block-gallery has-nested-images columns-default is-cropped wp-block-gallery-1 is-layout-flex wp-block-gallery-is-layout-flex\">\n<figure class=\"wp-block-image size-large is-style-rounded\"><img loading=\"lazy\" decoding=\"async\" width=\"500\" height=\"667\" data-id=\"3678\" src=\"https:\/\/wordpress.nibis.de\/gsimspiet\/files\/2023\/12\/Kekse-rotated.jpg\" alt=\"\" class=\"wp-image-3678\" srcset=\"https:\/\/wordpress.nibis.de\/gsimspiet\/files\/2023\/12\/Kekse-rotated.jpg 500w, https:\/\/wordpress.nibis.de\/gsimspiet\/files\/2023\/12\/Kekse-225x300.jpg 225w, https:\/\/wordpress.nibis.de\/gsimspiet\/files\/2023\/12\/Kekse-450x600.jpg 450w\" sizes=\"auto, (max-width: 500px) 100vw, 500px\" \/><\/figure>\n\n\n\n<figure class=\"wp-block-image size-large is-style-rounded\"><img decoding=\"async\" data-id=\"4050\" src=\"https:\/\/wordpress.nibis.de\/gsimspiet\/files\/2024\/12\/20241206_101422-scaled.jpg\" alt=\"\" class=\"wp-image-4050\" \/><\/figure>\n<\/figure>\n\n\n\n<p><span style=\"color:#fff\" class=\"tadv-color\">k<\/span><\/p>\n\n\n\n<p><span style=\"color:#fff\" class=\"tadv-color\">k<\/span><\/p>\n\n\n\n<p>6. Dezember<\/p>\n\n\n\n<p>S\u00fcnnerklaas<\/p>\n\n\n\n<p>S\u00fcnnerklaas, ik mag di beden,<br>gah neet an uns\u2019 Huus v\u00f6rbi;<br>Gr\u00f6\u00f6nkohl liggt al up uns\u2019 Teller<br>van mien S\u00fcster un van mi!<\/p>\n\n\n\n<p>Vader seggt, du kannst neet komen,<br>wiel du harst van\u2019t Jahr keen Geld!<br>Man uns\u2019 Moder lachte bliede:<br>S\u00fcnnerklaas h\u00f6rt d\u2019 hele Welt!<\/p>\n\n\n\n<p>V\u00f6\u00f6l bruukt dat ja heelneet wesen,<br>\u2019n bietje maak uns ok al blied;<br>s\u00fcnd ja noch so v\u00f6le Kinner<br>up dien Weg so groot un wiet!<\/p>\n\n\n\n<p>Unse Huus hett Nummer twalven!<br>S\u00fcnnerklaas, weest dat ok noch?<br>Un wi hebben moje sungen,<br>S\u00fcnnerklaas dat freit di doch!<br><br>(Karl B\u00f6ke) (2)<\/p>\n\n\n\n<div class=\"wp-block-image is-style-rounded\"><figure class=\"aligncenter size-full is-resized\"><img loading=\"lazy\" decoding=\"async\" src=\"https:\/\/wordpress.nibis.de\/gsimspiet\/files\/2020\/12\/M\u00fctze.jpg\" alt=\"\" class=\"wp-image-1908\" width=\"245\" height=\"319\" srcset=\"https:\/\/wordpress.nibis.de\/gsimspiet\/files\/2020\/12\/M\u00fctze.jpg 438w, https:\/\/wordpress.nibis.de\/gsimspiet\/files\/2020\/12\/M\u00fctze-231x300.jpg 231w\" sizes=\"auto, (max-width: 245px) 100vw, 245px\" \/><figcaption>L\u00fcttje S\u00fcnnerklaas-Kinner (Troddelm\u00fctzendag 2020)<\/figcaption><\/figure><\/div>\n\n\n\n<p><span style=\"color:#fff\" class=\"tadv-color\">k<\/span><\/p>\n\n\n\n<p>5. Dezember<\/p>\n\n\n\n<p>Kiek ins, wat is de Himmel so rood!<br>Dat s\u00fcnd de Engels, se backen dat Brood.<br>Se backen de Wiehnachtsmann sien Stuten<br>v\u00f6r all de l\u00fcttje Leckersnuten.<br>Nu flink de Tellers unner dat Bedd,<br>un leggt jo hen un weest recht nett!<br>De S\u00fcnnerklaas steiht v\u00f6r de D\u00f6\u00f6r;<br>de Wiehnachtsmann, de schickt hum her.<br>Wat de Engels backt hebben, dat sall&#8217;n ji probeeren,<br>un smeckt jo dat good, so h\u00f6r&#8217;n se dat geern,<br>un de Wiehnachtsmann sm\u00fcstert: \u201eNu backt man mehr!\u201c<br>Och, wenn\u2019t doch man eerst Wiehnachten weer!<br><br>Neet vergeten, m\u00f6rgen is S\u00fcnnerklaas &#8211; daarum sett man all jo Troddelm\u00fctzen up de Kopp!<\/p>\n\n\n\n<p><span style=\"color:#fff\" class=\"tadv-color\">k<\/span><\/p>\n\n\n\n<p>4. Dezember<\/p>\n\n\n\n<div class=\"wp-block-image is-style-rounded\"><figure class=\"aligncenter size-large is-resized\"><img loading=\"lazy\" decoding=\"async\" src=\"https:\/\/wordpress.nibis.de\/gsimspiet\/files\/2023\/12\/Dekoration-Plattdeutsch-800x600.jpg\" alt=\"\" class=\"wp-image-3677\" width=\"529\" height=\"396\" srcset=\"https:\/\/wordpress.nibis.de\/gsimspiet\/files\/2023\/12\/Dekoration-Plattdeutsch-800x600.jpg 800w, https:\/\/wordpress.nibis.de\/gsimspiet\/files\/2023\/12\/Dekoration-Plattdeutsch-300x225.jpg 300w, https:\/\/wordpress.nibis.de\/gsimspiet\/files\/2023\/12\/Dekoration-Plattdeutsch-768x576.jpg 768w, https:\/\/wordpress.nibis.de\/gsimspiet\/files\/2023\/12\/Dekoration-Plattdeutsch.jpg 1200w\" sizes=\"auto, (max-width: 529px) 100vw, 529px\" \/><\/figure><\/div>\n\n\n\n<p>Vandaag kriegen ji enige Wiehnachtsworden to weten:<br>de Steern = der Stern<br>de Kugel = die Kugel<br>dat Engelke = der Engel<br>de Troddelm\u00fctz = die Weihnachtsm\u00fctze<br>de Dannenboom = der Tannenbaum<br>de Slickstang = die Zuckerstange<br>de Schlittschoh of  (noch beter) de Sch\u00f6fel = der Schlittschuh<\/p>\n\n\n\n<p><span style=\"color:#fff\" class=\"tadv-color\">k<\/span><\/p>\n\n\n\n<p>3. Dezember<\/p>\n\n\n\n<div class=\"wp-block-media-text alignwide is-stacked-on-mobile is-style-default\" style=\"grid-template-columns:42% auto\"><figure class=\"wp-block-media-text__media\"><img loading=\"lazy\" decoding=\"async\" width=\"447\" height=\"600\" src=\"https:\/\/wordpress.nibis.de\/gsimspiet\/files\/2024\/12\/20241202_082528-447x600.jpg\" alt=\"\" class=\"wp-image-4026 size-full\" \/><\/figure><div class=\"wp-block-media-text__content\">\n<p>O Dannenboom, o Dannenboom<br>(O Tannenbaum)<br><br>O Dannenboom, o Dannenboom,<br>wo gr\u00f6\u00f6n s\u00fcnd diene Bladen!<br>Du gr\u00f6\u00f6nst nich bloot, in d&#8216; S\u00f6mmertied.<br>Nee, ok in d&#8216; Winter, wenn dat sneeit.  <br>O Dannenboom, o Dannenboom,<br>wo gr\u00f6\u00f6n s\u00fcnd diene Bladen!<\/p>\n\n\n\n<p><\/p>\n\n\n\n<p>Uns Dannenboom steiht disse Jahr in de Aula. Maandag s&#8217;M\u00f6rgens treffen s\u00fck all Minsken van de School hier un musizeren mitnanner. <\/p>\n<\/div><\/div>\n\n\n\n<p><span style=\"color:#fff\" class=\"tadv-color\">k<\/span><\/p>\n\n\n\n<p>2. Dezember<br><br>Wiehnachtstied<br><br>Nu hebben wi weer Wiehnachtstied<br>un freien uns op dat Fest.<br>Dat is noch een paar Weken wied,<br>doch van dat Jahr dat Best!<br>Ut Zuckerlaa de Wiehnachtsmann,<br>v\u00f6\u00f6l Dannengr\u00f6\u00f6n un Engelshaar,<br>de lachen di \u00f6verall all an.<br>Nu is bald Hilligabend daar.<br><br>(unbekannt)(1)<\/p>\n\n\n\n<p><span style=\"color:#fff\" class=\"tadv-color\">k<\/span><\/p>\n\n\n\n<p>1. Dezember &#8211; 1. Advent &#8211;<br><br>Nu is dat endlich weer so wied: Wiehnachten kummt! Vandaag d\u00fcren wi de eerste D\u00f6\u00f6r van de Adventsklenner open maken. Als elke Jahr hebben wi uns Klenner in de Fensters hangen.<\/p>\n\n\n\n<div class=\"wp-block-image is-style-rounded\"><figure class=\"aligncenter size-full is-resized\"><img loading=\"lazy\" decoding=\"async\" src=\"https:\/\/wordpress.nibis.de\/gsimspiet\/files\/2018\/08\/SAM_1045-e1633534355465.jpg\" alt=\"\" class=\"wp-image-557\" width=\"394\" height=\"295\" \/><figcaption>Unser Adventskalender<\/figcaption><\/figure><\/div>\n\n\n\n<p style=\"font-size:12px\">De Texten hebben wi s\u00fclvst schreven of funnen (un umschreven in ostfreeske Platt) bi: <br>1 winter-wonderland.de (2. Dezember) <br>2 leer.de (6. Dezember)<br>3 plattpartu.de (15. Dezember)<br>4 oldenburgische-landschaft.de (16. Dezember)<\/p>\n\n\n\n<p><\/p>\n\n\n\n<p>\u00a0<\/p>\n<p>\u00a0<\/p>\n","protected":false},"excerpt":{"rendered":"<p>20. Dezember &#8211; de leste Schooldag! 19. Dezember Un de Engel see:Weest neet bang!ik do jo groot Freid kunt,de \u00f6ver jo Volk kummt.Denn jo is vandaag de Heiland geborendat is Christus, de Herr ut de Stadt Davids.(Lukas 2, 10+11) 18. &hellip; <a href=\"https:\/\/wordpress.nibis.de\/gsimspiet\/plattduetsk-wiehnachten\/\">Weiterlesen <span class=\"meta-nav\">&rarr;<\/span><\/a><\/p>\n","protected":false},"author":9192608,"featured_media":0,"parent":0,"menu_order":0,"comment_status":"closed","ping_status":"closed","template":"","meta":{"footnotes":""},"class_list":["post-4020","page","type-page","status-publish","hentry"],"_links":{"self":[{"href":"https:\/\/wordpress.nibis.de\/gsimspiet\/wp-json\/wp\/v2\/pages\/4020","targetHints":{"allow":["GET"]}}],"collection":[{"href":"https:\/\/wordpress.nibis.de\/gsimspiet\/wp-json\/wp\/v2\/pages"}],"about":[{"href":"https:\/\/wordpress.nibis.de\/gsimspiet\/wp-json\/wp\/v2\/types\/page"}],"author":[{"embeddable":true,"href":"https:\/\/wordpress.nibis.de\/gsimspiet\/wp-json\/wp\/v2\/users\/9192608"}],"replies":[{"embeddable":true,"href":"https:\/\/wordpress.nibis.de\/gsimspiet\/wp-json\/wp\/v2\/comments?post=4020"}],"version-history":[{"count":27,"href":"https:\/\/wordpress.nibis.de\/gsimspiet\/wp-json\/wp\/v2\/pages\/4020\/revisions"}],"predecessor-version":[{"id":4112,"href":"https:\/\/wordpress.nibis.de\/gsimspiet\/wp-json\/wp\/v2\/pages\/4020\/revisions\/4112"}],"wp:attachment":[{"href":"https:\/\/wordpress.nibis.de\/gsimspiet\/wp-json\/wp\/v2\/media?parent=4020"}],"curies":[{"name":"wp","href":"https:\/\/api.w.org\/{rel}","templated":true}]}}