{"id":4248,"date":"2025-07-31T18:15:01","date_gmt":"2025-07-31T16:15:01","guid":{"rendered":"https:\/\/wordpress.nibis.de\/gsimspiet\/?page_id=4248"},"modified":"2025-07-31T19:38:08","modified_gmt":"2025-07-31T17:38:08","slug":"archiv-up-platt","status":"publish","type":"page","link":"https:\/\/wordpress.nibis.de\/gsimspiet\/archiv-up-platt\/","title":{"rendered":"Archiv &#8211; up Platt"},"content":{"rendered":"\n<p>Schooljahr 2021\/ 2022<\/p>\n\n\n\n<p>Mai 2022<br><strong>Bruudpaden leggen<\/strong><br>Wi hebben mit 29 Sch\u00f6lers ut all 4 Klassenstufen Bl\u00f6men sammelt und Bruudpaden leggt. <br>Dat Leggen van Bruudpaden is een Tradition, de bes\u00fcnner in un um N\u00f6rden bekannt is. <br>Wi s\u00fcnd uns nu seker: Traditionen s\u00fcnd neet to &#8222;stuur&#8220; f\u00f6r de Kinner ut de 1. Klassen un ook neet to &#8222;kindsk&#8220; f\u00f6r de Groten ut de 4. Klassen. De Kinner hebben Biller van Hartjes, Schippen, Filappers, &#8230; leggt. Aver ook uns School-Boom mit dat Hartje in de Stamm un uns plattd\u00fc\u00fctske &#8222;Moin&#8220; d\u00fcren nat\u00fcrelk neet fehlen. <\/p>\n\n\n\n<p><strong>Plattd\u00fctske School<\/strong><br>Middeweek, 11.5.2022, s\u00fcnd wi mit dree Kinner ut de Klasse 4b un twee Mesters na L\u00fcnb\u00f6rg fahren um een heel bes\u00fcnner Utteken antonehmen. Uns Kultusminister Herr Tonne hett 17 Scholen ut Nedersassen as &#8222;Plattd\u00fctske School&#8220; uttekent. Um 7.46h s\u00fcnd wi mit de Iesenbahn  losfahren. In Bremen un in Hamb\u00f6rg mussen wi umstiegen. K\u00f6rt v\u00f6r 13.00h s\u00fcnd wi in L\u00fcnb\u00f6rg ankommen. Erst geev dat een bietje wat to Eeten und Drinken, denn geev dat de Urkunn un een mooi Schild f\u00f6r uns School-Ingangsd\u00f6\u00f6r. Achterann hebben wi uns L\u00fcnb\u00f6rg ankeken, lecker Ies eten un denn s\u00fcnd wi mit de Iesenbahn tor\u00fcg na Huus fahren. In Bremen hebben wi haast uns Zug verpasst! Um 20.06h s\u00fcnd wi p\u00fcnktlich weer in N\u00f6rden ankommen. <\/p>\n\n\n\n<p><strong>Kiek in mien Pott<\/strong><br>Wat eten uns Mitsch\u00f6lers ut anner Lannen an&#8217;t Leevsten? Na een k\u00f6rte Tied s\u00fcnd all d\u00fcchtig v\u00f6\u00f6l Rezepten ofgeven worden. Dat een of anner Eten hebben wi nu all kokt of backt &#8211; smakelk!!!<\/p>\n\n\n\n<p><\/p>\n\n\n\n<p>April 2022<br><strong>De Maiboom steiht<\/strong><br>Wi hebben uns Maiboom upstellt un dat bi good Weer heel d\u00fcchtig fiert! De Musik weer good un luud, dat Eten smakelk. So kann de S\u00f6mmer wiedergahn. <\/p>\n\n\n\n<p><strong>Een Haart bi de Ingang<\/strong><br>Dat Haartje ut Tulpen bleiht! S\u00fccht dat neet good ut?<\/p>\n\n\n\n<p>Wi w\u00fcnsken all Sch\u00f6lers un h\u00f6r Familien fein Feerjen un mooi Fierdagen. <\/p>\n\n\n\n<p>Februar 2022<br><strong>100 Dagen<\/strong> s\u00fcnd de L\u00fcttjen nu all in de School. Se hebben ook all &#8217;n heel b\u00fclt lernt un hebben s\u00fck de Jubil\u00e4umsfier woll verdeent. <br>De Bl\u00f6men an de Boog hebben se s\u00fclvst maakt un so ook ostfreesk Bruukdoom kennenlehrt.<\/p>\n\n\n\n<p><strong>De Polizeipuppenb\u00fchn kummt<\/strong><br>Bruno mutt de Straat \u00f6verqueren. Wo maakt he dat bloot?<br>Links kieken &#8211; rechts kieken &#8211; links kieken. Wenn all Autos stahnblieven, denn kann dat losgahn. Un up dat Rad de Fahrradhelm neet vergeten!<\/p>\n\n\n\n<p>Januar 2022<br><strong>Ofscheed nehmen<\/strong><br>De l\u00fcttje Keerl Wilje hett d\u00fcchtig Unsinn dreven. In jede Klassenzimmer hett he sien Ofscheed fiert un s\u00fcck een bietje wat &#8222;malls&#8220; infallen laten: hier fehlen de Stohlen, door gifft dat arige Schoolfacken up de St\u00fcnnenplan&#8230; Nu geiht he weer up grote Reis un kummt hopentlik anner November tor\u00fcch um bi uns up de Schoolhoff to wohnen.<\/p>\n\n\n\n<p><strong>Plattd\u00fc\u00fctsk in d&#8216; Januarmaant <\/strong><br>Wiel wi immer noch nichts \u201erichtiges\u201c mitnanner maken d\u00fcren, sammeln wi all f\u00f6r uns alleen* &#8211; an &#8218;t Enn wordt dat dann tosammen brocht un wi hebben (hopentlik) een kumpleet Platt ABC.<br>*Ollen, Grootollen un Fr\u00fcnnen k\u00f6nnen seker helpen<\/p>\n\n\n\n<p>Thema: In d&#8216; School\/ Rund um d&#8216; School<br><br>A ___<br>B ___ Book (Buch)<br>C ___<br>&#8230;<br>U ___ Unnericht (Unterricht)<br>&#8230;<br>XYZ ___<\/p>\n\n\n\n<p><span style=\"color:#000\" class=\"tadv-color\"><strong>Wi koken nu &#8222;in bunt&#8220;!<\/strong><br>In de K\u00f6ken hebben wi nu Gereedskuppen in verscheden Farven. Jede Kockeck hett sien egen Farv. So sall dat mit dat upr\u00fcmen eenfacher wesen. Of dat stimmt?<\/span><\/p>\n\n\n\n<p>November 2021<br><\/p>\n\n\n\n<p class=\"has-text-align-left has-black-color has-text-color\"><strong>Bunt s\u00fcnd Busk un Bomen<\/strong><br><br>Bunt s\u00fcnd Busk un Bomen,<br>Harvsttied is nu komen, <br>geel is\u2019t Stoppelfeld.<br>Bunte Bladen weihen, <br>lesde Bl\u00f6men bleihen, <br>koller ward de Welt.<\/p>\n\n\n\n<p class=\"has-text-align-left\">V\u00f6gelbej\u2019n un Heide<br>l\u00fcchten wiedhen beide<br><span style=\"color:#000\" class=\"tadv-color\">in all roode Kl\u00f6r\u2019n.<br>Bunte Draken sweven<br>an een s\u00fcnnig Heven, <br>gr\u00f6ten uns van feern.<\/span><\/p>\n\n\n\n<p class=\"has-text-align-left\">Tuffelf\u00fcren brannen,<br>flietig flinke Hannen <br>hebbt de Tuffels r\u00fcddt.<br>Kranzen heel ut \u00d6hren<br>hangen \u00f6ver\u2019t <span style=\"color:#000\" class=\"tadv-color\">D\u00f6ren. <br>Elk un een fiert mit.<\/span><\/p>\n\n\n\n<p class=\"has-text-align-left has-black-color has-text-color\">Fleit h\u00f6r ik un Geige,<br>Dag geiht nu to Neige. <br>Un bi\u2019t Avendrood<br>Arnteleder klingen.<br>Junge L\u00fc besingen <br>Arbeid, Koorn un Brood.<br><br>\u00d6versett van Karin Steiner 25.10.2011 <br>de-plattsnackers.de<\/p>\n\n\n\n<p>Oktober 2021<br><span style=\"color:#000\" class=\"tadv-color\"><strong>Laat mi man lopen<\/strong><\/span><br><span style=\"color:#000\" class=\"tadv-color\">Dat weer dat Thema van een Wettbewerb, f\u00f6r de wi in dat leste Schooljahr<\/span><span style=\"color:#0066cc\" class=\"tadv-color\"> <\/span><span style=\"color:#000\" class=\"tadv-color\">mit de Plattd\u00fctsk-Klasse een Film dreiht hebben. Un dat Motto passt ook good in disse Harvst! <br>Na d&#8216; School lopen, dat hett de Klasse 4a nu fief Weken utprobeert un faststellt, dat dat ook heel good geiht. Un wenn du l\u00f6ppst, denn deist du wat f\u00f6r dien Gesundheit un Fitness, du b\u00fcst muntzer, wenn du in de School ankommen deist un good f\u00f6r de Umwelt is dat ok noch! Beter geiht dat doch heel neet. Viellicht maken anner mal noch mehr Klassen mit?<\/span><\/p>\n\n\n\n<p class=\"has-black-color has-text-color\"><strong>Kunstwettstried<\/strong><br><span style=\"color:#000\" class=\"tadv-color\">Uns School hett een neije Logo un daarum hebben de Sch\u00f6lers in d&#8216; September mooi bunte Biller van uns Herzboom malt. Up dat Bild k\u00f6nnen ji de Winner-Biller ut jede Klasse sehen.<\/span><\/p>\n\n\n\n<p class=\"has-black-color has-text-color\"><strong>To good f\u00f6r de T\u00fcnn<\/strong><br><span style=\"color:#000\" class=\"tadv-color\">To l\u00fcttjet of to d\u00fcnn? To liek of to scheev? Dat is doch all nettgliek, denn smacken deit dat Obst un anner Gr\u00f6\u00f6nt\u00fc\u00fcg doch. Daarum maken wi bi uns an de School ut disse &#8222;Resten&#8220;, de in de Supermarkt neet verk\u00f6fft worden k\u00f6nnen\/ d\u00fcren nu lecker Obst-Chips.Dat is d\u00fcchtig v\u00f6\u00f6l Arbeit (Obst wasken, putzen un snieden, denn mutt dat een St\u00fcnn in de Backovend dr\u00f6gen), aber ok d\u00fcchtig smakelk.  <\/span><\/p>\n\n\n\n<p class=\"has-black-color has-text-color\">September 2021<br><span style=\"color:#000\" class=\"tadv-color\"><strong>Septembermaant is Plattd\u00fctskmaant<\/strong><br><br>Dat Motto van de Plattd\u00fc\u00fctskmaant 2021 is: Uns Wadd. Uns Platt. Uns Oostfreesland!<br>In Ostfreesland gift dat neet bloot Deren.<br>Ok dat all h\u00f6\u00f6rt to Ostfreesland:<br><br>das Watt &#8211; dat Wadd<br>das Meer &#8211; de See<br> der Deich &#8211; de Diek<br>die Welle &#8211; de Well<br>der Wind &#8211; de Wind<br>der Sturm &#8211; de St\u00f6rm<br>die gro\u00dfe und hohe Welle &#8211; de Bulg oder de Breker<br>das Schiff &#8211; dat Schipp<br>der Leuchtturm &#8211; de F\u00fc\u00fcrtoorn<\/span><br>der Austernfischer &#8211; de (of dat) Pastoorke<br>der Gro\u00dfe Brachvogel &#8211; Br\u00f6\u00f6r Dirk<br>die Schnepfe &#8211; de Greta<br>die Silberm\u00f6we &#8211; de Kobb\/ de Grieskobb (Jungtier)<br>die Scholle &#8211; de But<span style=\"color:#000\" class=\"tadv-color\"><br><br><\/span>Wi s\u00fcnd na Auerk fahren un hebben de Ministerpr\u00e4sident van Nedersassen truffen. Ministerpr\u00e4sident Weil weer in Auerk um de Aktion &#8222;Freedag is Plattdag&#8220; to st\u00f6nen. <\/p>\n\n\n\n<p class=\"has-black-color has-text-color\"><strong>De 1. Dag in de School<\/strong><br>Nu s\u00fcnd se daar, uns neije Sch\u00f6<span style=\"color:#000\" class=\"tadv-color\">lers van de Klassen 1a, 1b un 1c un van de V\u00f6rschool! An dree Dagen hebben wi up de Schoolhoff een l\u00fcttje (immer noch wegen Corona) Begr\u00f6tens-Fier maakt un de Kinner hebben een erste St\u00fcnn Unnerricht hatt.<\/span><br>Wi freien uns d\u00fcchtig up dat komende School-Jahr un w\u00fcnsken all Kinner mit h\u00f6r Familjen een leep good Schooltied!<\/p>\n\n\n\n<p class=\"has-black-color has-text-color\">In disse Schooljahr is de Klasse 1a de &#8222;Robben- oder Seehundklasse&#8220;, de Klasse 1b is de &#8222;Krabbenklasse&#8220; und de Klasse 1c is de &#8222;M\u00f6wen- oder Lachm\u00f6wenklasse&#8220;. Dat is Grund genoog, de plattd\u00fc\u00fctske Namen einiger Watt- undWasserdeeren to leren:<br>der Seehund &#8211; de Seehund<br>die Robbe &#8211; de Rubb<br>die Krabbe &#8211; de Krabb<br>die Garnele &#8211; de Granaat<br>der Krebs &#8211; de Dwarsloper<br>die M\u00f6we &#8211; de M\u00f6\u00f6v<br>die Lachm\u00f6we &#8211; de Lachm\u00f6\u00f6v<br>der Wattwurm &#8211; de Waddwurm<br>die Muschel &#8211; de Mussel<br>die Qualle &#8211; de Quabb<br>der Seestern &#8211; de Fievfoot<br><\/p>\n\n\n\n<p><\/p>\n\n\n\n<p><\/p>\n\n\n\n<p><\/p>\n\n\n\n<p>Schooljahr 2020\/ 2021<br><br>Juli 2021<br><strong>Fundsachen II<\/strong><br>Och nee, Kinner! Waarum vergeten of verlesen ji egentlik all jo Kleer? Dat man maal een Handske to v\u00f6\u00f6l of to minn hett, dat mag ja noch angaan. In d\u2019 S\u00f6mmer kann man bi S\u00fcnnschien middags ook een Pullover of een Jack vergeten. Aver Winterjacken of B\u00fcxen? Turnschoh? Dat is doch s\u00fcnnerbaar \u2026 of hett daar ook uns Wilje Wichtel sien Fingers in d\u2019 Spill?<br><\/p>\n\n\n\n<p>Juni 2021<br><strong>Fundsachen<\/strong><br>So v\u00f6\u00f6l Kleer s\u00fcnd in de leste twee Jahren bi un vergeten of verloren worden! De Schapp mit de Fundsaken weer rappelvull. Arig, dat keeneen de Schoh of Jacken, Handskes un Pullovers missen un s\u00f6ken deit\u2026 <\/p>\n\n\n\n<p><strong>Football EM<\/strong><br>Ok bi uns gifft dat genoog Kinner (un Groten), de s\u00fck mit Football utkennt un s\u00fck v\u00f6\u00f6r de EM interesseren. Kinner ut de Klasse 1b hebben daarum een Wand bi de Ingangsd\u00f6\u00f6r mit Trikots van de Mannschuppen schm\u00fcckt. Jede Dag brengen se de List mit de Resultaten van den Footballsp\u00f6len up de neeiste Stand<\/p>\n\n\n\n<p><strong>Radpr\u00fcfung<\/strong><br>Mit Rad fahren is in Ostfreesland egentlik nichts bes\u00fcnners. Daarmit s\u00fck de Kinner ok seker in de Stratenverkehr bewegen k\u00f6nnen, maken se bi uns in Klasse 3 of 4 een &#8222;Radfahrpr\u00fcfung&#8220;. De Polizei helpt uns immer. Hopenlik k\u00f6nnen so Unfallen up de Straten verhinnert worden. <\/p>\n\n\n\n<p><strong>Musik! <\/strong><br>Wi d\u00fcren weer Musik maken. In buten un mit d\u00fcchtig v\u00f6\u00f6l Ofstand, aber dat maakt uns nichts ut. Dat wichtigste is, dat wi uns Instrumenten weer vandag halen un sp\u00f6len k\u00f6nnen.<br>Herr Fuhrmann hett de Kinner van de 2. Klassen verklaart, wo dat mit uns Musik-Klasse lopen deit. Hopentlik finnt s\u00fck de een of anner, de daarnaast Trumpeet, Posaun of das groot Hoorn sp\u00f6len mag. <br><br>Mai 2021 <br><strong>Plattd\u00fc\u00fctsk Leeswettstried<\/strong><br>Plattd\u00fc\u00fctsk Klassen gofft dat upst\u00fcnds neet, un doch hebben s\u00fck 29 Kinner ut de darde un veerde Klassen f\u00f6r de Leeswettstried meldt. Ut twee Texten kunnen se s\u00fck een uts\u00f6ken un to Huus dat Lesen \u00f6ven. An de 27. Mai weer dat denn so wiet. Ut jede Klasse kunnen een of twee Sch\u00f6lers v\u00f6r een Jury bewiesen wat se k\u00f6nnen. <br>All s\u00fcnd richtig good wets &#8211; man winnen kunn bloot een: Marvin ut de Klasse 3a. Wi graleeren heel d\u00fcchtig!<\/p>\n\n\n\n<p><strong>Bruudpadd leggen<\/strong><br>Du bruukst Bl\u00f6men: Fenntjebl\u00f6men (G\u00e4nsebl\u00fcmchen), Hunnbl\u00f6men (L\u00f6wenzahn), Botterbl\u00f6men (Butterblume), St\u00f6rkebl\u00f6men (Wiesenschaumkraut),\u2026 All de Bl\u00f6men, de anner L\u00fc\u00fc Unkruud (Unkraut) n\u00f6men. <br>Moss (Moos), Dannappels (Tannenzapfen) un Steenen kannst du ook nehmen. Also all dat, wat du in de Wald un up dat Gr\u00f6\u00f6nland finnen kannst.<br>Bl\u00f6men ut de Tuun h\u00f6ren neet up een Bruudpadd.<br><br>April 2021<br><strong>Gr\u00f6\u00f6nt\u00fcch<\/strong><br>Gr\u00f6\u00f6nt\u00fcch in de M\u00fcllt\u00fcnn? Mit uns neet! De Kinner van de Klasse 3a hebben s\u00fck smakelk Rezepten utdocht: Wat k\u00f6nnen wi mit de Resten van uns School-Obst maken? Rutkomen is daarbi een &#8222;Rezeptbuch Spietquetsche&#8220;. Un dat kann sogar bi uns k\u00f6fft worden.<\/p>\n\n\n\n<p><strong>Osterhasen van d&#8216; Spiet<\/strong><br>Uns Sch\u00f6lers hebben weer d\u00fcchtig an&#8217;t Kl\u00fctern west. Se hebben een Postkaart f\u00f6r Ostern un een Elefant ut Papier maakt. De Elefant kann mit sien R\u00fcssel (een Waskeklammer) Zedelkes of Biller fasthollen. Denn hebben se ok noch een paar Riegen van een plattd\u00fc\u00fctsken Ostergedicht ofschreven un daarto maalt<br><br>Maart 2021<br><strong>Gummistevelsmieten<\/strong><br>Gummistevelsmieten van N\u00f6rden bit na N\u00f6rderneei. Of dat woll klappen kann. Dat Gymnasium hett Scholen s\u00f6cht, de daarbi mitmaken. Daar maken wi nat\u00fcrelk geern mit! Een Sch\u00f6ler ut de 3. Klass hett sien Stevel 18,50 m wiet smeten, insgesamt hebben wi mit Kinner ut 4 Klassen all dat Enn van uns School bit na dat Gymnasium schafft &#8211; also haast 400 m.<br><br><strong>V\u00f6gelkes v\u00f6r de Sch\u00fctten<\/strong><br>In de leste twee Weken hebben wi d\u00fcchtig an&#8217;t Kl\u00fctern west. Elk un een hett een Duuv of een Piepv\u00f6gelke ut Papier maakt. Nu hangen mehr as V\u00f6gels as een Regenboog an de Sch\u00fctten v\u00f6r de School. Dat s\u00fccht bannig good ut bi dat gries Kleiweer van disse Wekenend. De Duven s\u00fcnd een Teken f\u00f6r Hoop un Free un daf\u00f6r, dat wi an uns School all binannerh\u00f6ren. Ook, wenn wi nett neet binanner in de Klassen wesen d\u00fcren.<br><br>Februar 2021<br><strong>Wilje Wichtel<\/strong><br>Lest November kweem he bi uns an un bit Wiehnachten hett he up uns Schoolhoff wohnt. Nu is Wilje up grote Fahrt un entdeckt f\u00f6r uns de Welt. De eerst Postkaart van Wilje hebben wi ook al kregen. Good, dat f\u00f6r de l\u00fcttje Wichtels de Corona-Regels neet gellen. Nun kann he s\u00fck f\u00f6r uns in de Welt umkieken. Hopentlik st\u00fc\u00fcrt he in de kommende Weken noch mehr Kaarten.<br><br>Dezember 2020<br>Mooie Wiehnachten un dat Allerbest f\u00f6r 2021!<\/p>\n\n\n\n<p><strong>Geschenken<\/strong><br>G\u00fcstern hett de Klass 3a noch eenmal Geschenken na dat AWO Huus brocht. In de letzde Week hebben se flietig malt, utsneden un kleevt. Un wiel in d`d Spiet disse Johr een Wichtel to Bes\u00f6\u00f6k is, hebben se nat\u00fcrelk Wichtelbiller maakt.<\/p>\n\n\n\n<p><strong>Troddelm\u00fctzen<\/strong><br>Wegen Corona kunnen wi neet mitnanner an uns mooi Wiehnachtsboom singen. Wilje Wichtel wohnt disse Johr in de Naberskupp van uns Wiehnachtsboom un was heel andaan van all de rode Troddelm\u00fctzen. He schenkde all de Kinner een Wilje-Wichtel-Spezial-Lolli.<br><br>November 2020<br><strong>Schule auf Esskurs<\/strong><br>Uns Mensa sall mojer worden. De Sch\u00f6lers van de 4a un 4c kl\u00fctern flietig f\u00f6r de neje Wandbiller. Dat geiht ook mit Afstand heel good un is daarum trotz Corona m\u00f6gelk. Un wat bit nu klaar is, dat s\u00fccht doch all d\u00fcchtig good ut! Obst un Gr\u00f6\u00f6nt\u00fcch s\u00fcnd neet bloot gesund. De k\u00f6nnen ook l\u00fcstig utsehn. Daar sust een Wuddel as Rennwagen d\u00f6\u00f6r de Mensa un de Peer swingt de Sleev. Wenn disse mal Corona-Tied v\u00f6\u00f6rbi is, denn mutten ji jo de anner Helden van uns gesund Eten unbedingt ankieken<br><br><strong>Adventspost<\/strong><br>De Klass 3a hett in d`D\u00fc\u00fctschunnericht Breven schreven. Fell harren se de Idee, een &#8222;echten&#8220; Breef to schrieven. So s\u00fcnd denn de Adventsgr\u00f6ten f\u00f6r de Bewohners van dat AWO Huus entstahn. All de Kaarten s\u00fcnd ook mooi wiehnachtlich beklevt worden. Een Geschenk is ook noch kl\u00fctert worden: een Sneeikeerl up een Waskeklammer. Froo Brede un twee Sch\u00f6lerinnen ut de 3a hebben Heern Lange de Breven un Geschenken brocht. Hopentlik kummt disse \u00d6verraschung good an.<br><br><strong>S\u00fcchst du mi?<\/strong><br>De d\u00fcster Jahrstied is d`r. So wurr dat Tied, de Fahrraden up Sekerheid to kontrolleren. Leider s\u00fcnd v\u00f6\u00f6l Raden neet verkehrsseker. Bes\u00fcnners dat Fehlen van de L\u00fcchten of de Reflektors is in d`Harvst\/ Winter een Probleem. Ok an de Bremsen (ofbruukt of heel un dall neet daar) un an de Reifen (platt un s\u00fcnner Profil) harr de Polizei wat uttosetten.<br><\/p>\n\n\n\n<p>Oktober 2020<br><strong>Wunnen<\/strong><br>De Nationalparlverwaltung hett &#8222;Schnabelbiller&#8220; s\u00f6cht un de Klasse 3a hett flietig an `t malen wesst. Eerst s\u00fcnd de Biller (mehr as 230!) in de Tied van de &#8222;Treckv\u00f6geldagen&#8220;utstellt wesst, denn s\u00fcnd 10 Winners utloost worden. Tim hett een nejen Feernkieker wunnen. <br><\/p>\n\n\n\n<p>September 2020<br><strong>Septembermaant is Plattd\u00fc\u00fctskmaand<\/strong><br><\/p>\n\n\n\n<p class=\"has-black-color has-text-color\">Wi maken mit. Wi hebben disse Jahr to`n Bispill een Plattd\u00fc\u00fctsch AG in Jahrgang 3 un 4.<\/p>\n\n\n\n<p>Well weet dat:<br><strong>Ik smiet&#8217;t rund up&#8217;t Dack,<br>un lang kummt&#8217;t weer andaal. <\/strong><br><br>August 2020<br>Disse Jahr hebben wi an dree Dagen uns dree neje Klassen in uns School begr\u00f6\u00f6t. Froo Brede sp\u00f6lde dat Kind &#8222;Heidi&#8220;. Heidi wull w\u00fcrkelk arige Saken mit na d`School nehmen: Slickereen of een Mest. Blot Heften, Boken of Stiften weren neet in de Taske. man good, dat uns neje Erstkl\u00e4sslers Heidi helpen kunnen. Achteran s\u00fcnd de Kinner mit de Mesters in de eerste Unnerichtsst\u00fcnn gahn. De Ollen kunnen bi S\u00fcnnenschien up de Schoolhoff wachten un s\u00fcck een bietje bi uns in d`d School umkieken.  <br><br>De Planungen v\u00f6\u00f6r dat neje Schooljahr lopen.<br>V\u00f6\u00f6l is anners, v\u00f6\u00f6l is neei. Ok v\u00f6\u00f6r de Sch\u00f6lers, de all in dat leste Schooljahr mit uns so wunnerbar d\u00f6\u00f6r de Corona-Olldag gahn s\u00fcnd.<br>Nu gifft dat neje Regelungen wegen Corona un bovendeem ok noch anner Tieden un een annern Struktur van de V\u00f6rmiddag. Enig Klassen kriegen neje Mesters of neei Facken (to`n Bispill Engelsk).<br>V\u00f6\u00f6r de 1. Klasse &#8211; Kinner is dat all neei: Mitsch\u00f6lers un Mesters, dat hele Boowark mit all de Kamers un dat Lehren in d`School. Dat is wiss upregend!<br>Anner Saken sallen s\u00fck aber neet \u00e4nnern: wi willen fr\u00fcnnelk mitnanner umgahn, mitnanner Lachen un Lehren, oll Fr\u00fcnnen treffen un neje Fr\u00fcnnen finnen, eenfach Spa\u00df in d`School  hebben.<br><\/p>\n\n\n","protected":false},"excerpt":{"rendered":"<p>Schooljahr 2021\/ 2022 Mai 2022Bruudpaden leggenWi hebben mit 29 Sch\u00f6lers ut all 4 Klassenstufen Bl\u00f6men sammelt und Bruudpaden leggt. Dat Leggen van Bruudpaden is een Tradition, de bes\u00fcnner in un um N\u00f6rden bekannt is. Wi s\u00fcnd uns nu seker: Traditionen &hellip; <a href=\"https:\/\/wordpress.nibis.de\/gsimspiet\/archiv-up-platt\/\">Weiterlesen <span class=\"meta-nav\">&rarr;<\/span><\/a><\/p>\n","protected":false},"author":9192608,"featured_media":0,"parent":0,"menu_order":0,"comment_status":"closed","ping_status":"closed","template":"","meta":{"footnotes":""},"class_list":["post-4248","page","type-page","status-publish","hentry"],"_links":{"self":[{"href":"https:\/\/wordpress.nibis.de\/gsimspiet\/wp-json\/wp\/v2\/pages\/4248","targetHints":{"allow":["GET"]}}],"collection":[{"href":"https:\/\/wordpress.nibis.de\/gsimspiet\/wp-json\/wp\/v2\/pages"}],"about":[{"href":"https:\/\/wordpress.nibis.de\/gsimspiet\/wp-json\/wp\/v2\/types\/page"}],"author":[{"embeddable":true,"href":"https:\/\/wordpress.nibis.de\/gsimspiet\/wp-json\/wp\/v2\/users\/9192608"}],"replies":[{"embeddable":true,"href":"https:\/\/wordpress.nibis.de\/gsimspiet\/wp-json\/wp\/v2\/comments?post=4248"}],"version-history":[{"count":5,"href":"https:\/\/wordpress.nibis.de\/gsimspiet\/wp-json\/wp\/v2\/pages\/4248\/revisions"}],"predecessor-version":[{"id":4266,"href":"https:\/\/wordpress.nibis.de\/gsimspiet\/wp-json\/wp\/v2\/pages\/4248\/revisions\/4266"}],"wp:attachment":[{"href":"https:\/\/wordpress.nibis.de\/gsimspiet\/wp-json\/wp\/v2\/media?parent=4248"}],"curies":[{"name":"wp","href":"https:\/\/api.w.org\/{rel}","templated":true}]}}