{"id":55,"date":"2018-08-15T22:14:38","date_gmt":"2018-08-15T20:14:38","guid":{"rendered":"http:\/\/wordpress.nibis.de\/gsimspiet\/?page_id=55"},"modified":"2026-03-04T17:45:54","modified_gmt":"2026-03-04T16:45:54","slug":"kollegium","status":"publish","type":"page","link":"https:\/\/wordpress.nibis.de\/gsimspiet\/kollegium\/","title":{"rendered":"Kollegium"},"content":{"rendered":"\n<p>Hier finden Sie die Lehrkr\u00e4fte und Mitarbeiter unserer Schule, die in den Klassen oder in den Kursen des Ganztages mit den Sch\u00fclerinnen und Sch\u00fclern arbeiten.<\/p>\n\n\n\n<figure class=\"wp-block-table is-style-stripes\"><table><tbody><tr><td>S. Amthor<br>Lehrerin<br><\/td><td>S. Bal\u00dfen<br>Klasse 1b<br><\/td><td>I. Behnke<br>Schulleitung<br>Klasse 4b<\/td><\/tr><tr><td>U. Blum<br>p\u00e4d. Mitarbeiterin<\/td><td>A. Bochmann<br>F\u00f6rderschullehrkraft <\/td><td>D. Br\u00f6mmer<br>Abordnung OBS<\/td><\/tr><tr><td>J. Demandt<br>Klasse 4d<\/td><td>N. Drohlsbach<br>F\u00f6rderschullehrkraft<\/td><td>W. Engels<br>Schulsozialarbeit<\/td><\/tr><tr><td><br><\/td><td>H. Farny<br>Abordnung UGN<\/td><td>S. Otto-Forster<br>Klasse 3a<\/td><\/tr><tr><td>M. Franziskus<br>Ganztagsschule<br>p\u00e4d. Mitarbeiterin<\/td><td>I. Glesmann<br>F\u00f6rderschullehrkraft<\/td><td>J. Grau<br>Erzieherin<\/td><\/tr><tr><td>S. Groeneveld<br>p\u00e4d. Mitarbeiterin<\/td><td>L. Hagena<br>Lehrerin<\/td><td>A. Hein<br>Abordnung OBS<\/td><\/tr><tr><td>A. Hinrichs<br>Abordnung OBS<\/td><td>W. Jachan<br>Klasse 3d<\/td><td>A. Jan\u00dfen<br>Klasse VK<\/td><\/tr><tr><td>B. Jenssen<br>Schulsozialarbeit<br><\/td><td>F. Kalkwarf<br>Konrektorin<br>Klasse 2b<\/td><td>S. Klein<br>Klasse 1c<br><\/td><\/tr><tr><td>S. Klenz<br>Klasse 3b<br><\/td><td>P. Laven<br>Klasse 4c<br>Klasse 2d<\/td><td>A. L\u00fcbben<br>Klasse 4a<\/td><\/tr><tr><td>L. Marx<br>F\u00f6rderschullehrkraft<\/td><td>A. Moseev<br>Abordnung OBS<\/td><td>J. M\u00fcller<br>Abordnung UGN<\/td><\/tr><tr><td>A. Neemann<br>Klasse 2c<br><\/td><td>S. Reents<br>Abordnung UGN<br>Schulsozialarbeit<\/td><td>E. Reichert<br>Klasse 2a<br><\/td><\/tr><tr><td>M. Rinderhagen<br>Klasse 3c<\/td><td>B. Schmelzle<br>Klasse 1a<\/td><td>E. Schorlau<br>Abordnung UGN<\/td><\/tr><tr><td>Chr. Specht<br>p\u00e4d. Mitarbeiterin<\/td><td>U. Spreckelmeyer <br>Abordnung UGN<\/td><td><\/td><\/tr><tr><td>T. Stuntebeck<br>Abordnung UGN<\/td><td>I. Tuitjer<br>F\u00f6rderschullehrkraft<\/td><td>H. Weyer<br>F\u00f6rderschullehrkraft<\/td><\/tr><tr><td>D. Widerspan<br>Lehrerin im <br>Vorbereitungsdienst<\/td><td>B. Winter<br>p\u00e4d. Mitarbeiterin<br><\/td><td>A. Zimmering<br>Ganztagsschule<br><\/td><\/tr><tr><td><\/td><td><\/td><td><\/td><\/tr><\/tbody><\/table><\/figure>\n\n\n\n<p><strong>Die Schulbegleiter, Bundesfreiwilligendienstler und Praktikanten unterst\u00fctzen einzelne Kinder, begleiten den Unterricht einzelner Klassen und arbeiten in der Ganztagsschule mit.  <\/strong><\/p>\n\n\n\n<figure class=\"wp-block-table\"><table><tbody><tr><td>Frau Broer<br>Schulbgleitung<\/td><td>Frau Bu\u00df<br>Schulbgleitung<\/td><td>Frau Diab<br>Schulbegleitung<\/td><td>Frau Ehrhardt<br>Schulbegleitung<\/td><\/tr><tr><td>Frau Feeken<br>Schulbegleitung<\/td><td>Frau Feenders<br>Schulbegleitung<\/td><td>Frau Al Garawi<br>Schulbegleitung<\/td><td>Frau Kn\u00f6chel<br>Schulbegleitung<\/td><\/tr><tr><td>Frau Labusch<br>Schulbegleitung<\/td><td>Frau Moritz-Endelmann<br>Schulbegleitung<\/td><td>Frau Peters-Heidemann <br>Schulbegleitung<\/td><td>Frau Schr\u00f6der<br>Schulbegleitung<\/td><\/tr><tr><td>Herr Zschau<br>Schulbegleitung<\/td><td><\/td><td>Frau Ites<br>Bufdi<\/td><td>Frau Kampen<br>Bufdi<\/td><\/tr><tr><td><\/td><td><\/td><td><\/td><td><\/td><\/tr><\/tbody><\/table><\/figure>\n","protected":false},"excerpt":{"rendered":"<p>Hier finden Sie die Lehrkr\u00e4fte und Mitarbeiter unserer Schule, die in den Klassen oder in den Kursen des Ganztages mit den Sch\u00fclerinnen und Sch\u00fclern arbeiten. S. AmthorLehrerin S. Bal\u00dfenKlasse 1b I. BehnkeSchulleitungKlasse 4b U. Blump\u00e4d. Mitarbeiterin A. BochmannF\u00f6rderschullehrkraft D. Br\u00f6mmerAbordnung &hellip; <a href=\"https:\/\/wordpress.nibis.de\/gsimspiet\/kollegium\/\">Weiterlesen <span class=\"meta-nav\">&rarr;<\/span><\/a><\/p>\n","protected":false},"author":9192608,"featured_media":0,"parent":0,"menu_order":0,"comment_status":"closed","ping_status":"closed","template":"","meta":{"footnotes":""},"class_list":["post-55","page","type-page","status-publish","hentry"],"_links":{"self":[{"href":"https:\/\/wordpress.nibis.de\/gsimspiet\/wp-json\/wp\/v2\/pages\/55","targetHints":{"allow":["GET"]}}],"collection":[{"href":"https:\/\/wordpress.nibis.de\/gsimspiet\/wp-json\/wp\/v2\/pages"}],"about":[{"href":"https:\/\/wordpress.nibis.de\/gsimspiet\/wp-json\/wp\/v2\/types\/page"}],"author":[{"embeddable":true,"href":"https:\/\/wordpress.nibis.de\/gsimspiet\/wp-json\/wp\/v2\/users\/9192608"}],"replies":[{"embeddable":true,"href":"https:\/\/wordpress.nibis.de\/gsimspiet\/wp-json\/wp\/v2\/comments?post=55"}],"version-history":[{"count":60,"href":"https:\/\/wordpress.nibis.de\/gsimspiet\/wp-json\/wp\/v2\/pages\/55\/revisions"}],"predecessor-version":[{"id":4557,"href":"https:\/\/wordpress.nibis.de\/gsimspiet\/wp-json\/wp\/v2\/pages\/55\/revisions\/4557"}],"wp:attachment":[{"href":"https:\/\/wordpress.nibis.de\/gsimspiet\/wp-json\/wp\/v2\/media?parent=55"}],"curies":[{"name":"wp","href":"https:\/\/api.w.org\/{rel}","templated":true}]}}