{"id":67,"date":"2018-08-15T22:15:49","date_gmt":"2018-08-15T20:15:49","guid":{"rendered":"http:\/\/wordpress.nibis.de\/gsimspiet\/?page_id=67"},"modified":"2026-02-08T21:50:06","modified_gmt":"2026-02-08T20:50:06","slug":"foerderverein","status":"publish","type":"page","link":"https:\/\/wordpress.nibis.de\/gsimspiet\/foerderverein\/","title":{"rendered":"F\u00f6rderverein"},"content":{"rendered":"\n<p>&nbsp;<\/p>\n<p>&nbsp;<\/p>\n<p>Hier finden Sie das aktuelle Bestellformular f\u00fcr die T-Shirts und Hoodies mit unserem Schullogo<br><a href=\"https:\/\/wordpress.nibis.de\/gsimspiet\/files\/2023\/11\/2023_Bestellung_Schulkleidung.pdf\">2023_Bestellung_Schulkleidung<\/a><\/p>\n<p>&nbsp;<\/p>\n<p>&nbsp;<\/p>\n<p><strong>Akuell<\/strong><\/p>\n<p>Der <strong>aktuelle Vorstand<\/strong> des F\u00f6rdervereins setzt sich zusammen aus<br><br>Frau Kayser (1. Vorsitzende)<br>Frau Kalkwarf (2. Vorsitzende)<br>Frau Schoneboom (Schriftf\u00fchrerin)<br>Frau Kaufmann (Kassenwartin)<\/p>\n<p>&nbsp;<\/p>\n\n\n\n<p>Hier ist die Satzung des F\u00f6rdervereins einsehbar:<br><a href=\"https:\/\/wordpress.nibis.de\/gsimspiet\/files\/2023\/09\/Satzung.pdf\">Satzung<\/a><\/p>\n<p>Wenn Sie Interesse haben, den F\u00f6rderverein durch eine Mitgliedschaft zu unterst\u00fctzen, nutzen Sie bitte die Beitrittserkl\u00e4rung.<br>Hier k\u00f6nnen Sie sich die Beitrittserkl\u00e4rung herunterladen:<br><a href=\"https:\/\/wordpress.nibis.de\/gsimspiet\/files\/2023\/09\/Beitrittserklaerung.pdf\">Beitrittserkl\u00e4rung<\/a><\/p>\n<p>&nbsp;<\/p>\n\n\n<p style=\"text-align: center\"><span style=\"font-family: arial, helvetica, sans-serif\">Herzlich Willkommen<\/span><\/p>\n<p style=\"text-align: center\"><span style=\"font-family: arial, helvetica, sans-serif\">beim Verein der Eltern, Freunde und F\u00f6rderer<\/span><\/p>\n<p style=\"text-align: center\"><span style=\"font-family: arial, helvetica, sans-serif\">der GS I Schule Im Spiet in Norden<\/span><\/p>\n<p style=\"text-align: justify\"><span style=\"font-family: arial, helvetica, sans-serif\">Unser Verein besteht aus Eltern, Lehrern und F\u00f6rderern, deren Anliegen es ist, die Zusammenarbeit zwischen Schule, Elternhaus und Sch\u00fclern zu verbessern, das Miteinander zu f\u00f6rdern und somit gute Lern- und Spielbedingungen f\u00fcr unsere Kinder zu schaffen.<\/span><\/p>\n<p style=\"text-align: justify\"><span style=\"font-family: arial, helvetica, sans-serif\">Unterst\u00fctzen Sie uns durch Ihre aktive Mitarbeit, Spenden und\/oder einer Mitgliedschaft im Verein, damit wir gemeinsam die Grundschulzeit unserer Kinder zu einer sch\u00f6nen Zeit machen k\u00f6nnen.<\/span><\/p>\n<p><strong><span style=\"font-family: arial black, sans-serif\">Der Verein hat bereits folgende Projekte durchgef\u00fchrt:<\/span><\/strong><\/p>\n<ol>\n<li><span style=\"font-family: arial, helvetica, sans-serif\">Beteiligung an der Renovierung der Aula<\/span><\/li>\n<li><span style=\"font-family: arial, helvetica, sans-serif\">Ausrichtung einer gro\u00dfen Tombola bei Schulfesten und Flohm\u00e4rkten<\/span><\/li>\n<li><span style=\"font-family: arial, helvetica, sans-serif\">Umgestaltung des Fu\u00dfballhofes zu einer Multifunktionsfl\u00e4che<\/span><\/li>\n<li><span style=\"font-family: arial, helvetica, sans-serif\">Mitfinanzierung der neuen K\u00fcchenzeile im Betreuungstrakt<\/span><\/li>\n<li><span style=\"font-family: arial, helvetica, sans-serif\">Mitfinanzierung einiger Spielger\u00e4te und Sitzgelegenheiten auf dem Schulhof<\/span><\/li>\n<li><span style=\"font-family: arial, helvetica, sans-serif\">Mitfinanzierung der neuen Schulk\u00fcche<\/span><\/li>\n<li><span style=\"font-family: arial, helvetica, sans-serif\">Anschaffungen von Unterrichtsmaterial f\u00fcr verschiedene F\u00e4cher<br \/><\/span><\/li>\n<li><span style=\"font-family: arial, helvetica, sans-serif\">Anschaffung des Ballfangnetzes am Fu\u00dfballhof mit Unterst\u00fctzung der B\u00fcrgerstiftung und des Sch\u00fclerparlaments<br \/><span style=\"font-size: 14pt;color: #ff9900\"><a href=\"http:\/\/www.buergerstiftung-norden.de\"><span style=\"font-family: arial, helvetica, sans-serif\">www.buergerstiftung-norden.de <\/span><\/a><\/span><br \/><\/span><\/li>\n<\/ol>\n<p><span style=\"font-family: arial black, sans-serif\"><br \/>Regelm\u00e4\u00dfige Aktivit\u00e4ten des Vereins:<\/span><\/p>\n<ol>\n<li><span style=\"font-family: arial, helvetica, sans-serif\">Leseabende und Bastelnachmittage f\u00fcr unsere Sch\u00fclerinnen und Sch\u00fcler<\/span><\/li>\n<li><span style=\"font-family: arial, helvetica, sans-serif\">Erfrischungen bei der Einschulung, beim Spiel- u. Sportfest und beim\u00a0\u00a0\u00a0 Brautpfadlegen\u00a0\u00a0\u00a0\u00a0\u00a0\u00a0\u00a0\u00a0\u00a0\u00a0\u00a0\u00a0\u00a0\u00a0\u00a0 <\/span><\/li>\n<li><span style=\"font-family: arial, helvetica, sans-serif\">B\u00fccher- und Spielzeugflohmarkt<\/span><\/li>\n<li><span style=\"font-family: arial, helvetica, sans-serif\">Teilnahme an den Gesamtkonferenzen und Elternratssitzungen der Schule<\/span><\/li>\n<li><span style=\"font-family: arial, helvetica, sans-serif\">Veranstaltungen f\u00fcr die Mitglieder<\/span><\/li>\n<\/ol>\n<h1>\u00a0<\/h1>\n<h1 style=\"text-align: center\"><span style=\"font-size: 12pt;font-family: arial black, sans-serif\">Der Verein wurde am 22.06.1989 gegr\u00fcndet<\/span><\/h1>\n<p><strong>\u00a0<\/strong><\/p>\n<p style=\"text-align: center\"><span style=\"font-family: arial black, sans-serif\">Vorstand:<\/span><\/p>\n<p style=\"text-align: center\"><span style=\"font-family: arial black, sans-serif\"><strong><span style=\"font-family: arial black, sans-serif\">Frau Kaufmann (Kassenwartin)<\/span><\/strong><\/span><\/p>\n<p style=\"text-align: center\"><span style=\"font-family: arial black, sans-serif\">Frau Kayser (1. Vorsitzende)<\/span><\/p>\n<p style=\"text-align: center\"><strong><span style=\"font-family: arial black, sans-serif\">Frau Kalkwarf (2. Vorsitzende)<\/span><\/strong><\/p>\n<p style=\"text-align: center\"><span style=\"font-family: arial, helvetica, sans-serif\">foerderverein(at)spiet.de<\/span><\/p>","protected":false},"excerpt":{"rendered":"<p>&nbsp; &nbsp; Hier finden Sie das aktuelle Bestellformular f\u00fcr die T-Shirts und Hoodies mit unserem Schullogo2023_Bestellung_Schulkleidung &nbsp; &nbsp; Akuell Der aktuelle Vorstand des F\u00f6rdervereins setzt sich zusammen aus Frau Kayser (1. Vorsitzende)Frau Kalkwarf (2. Vorsitzende)Frau Schoneboom (Schriftf\u00fchrerin)Frau Kaufmann (Kassenwartin) &nbsp; &hellip; <a href=\"https:\/\/wordpress.nibis.de\/gsimspiet\/foerderverein\/\">Weiterlesen <span class=\"meta-nav\">&rarr;<\/span><\/a><\/p>\n","protected":false},"author":9192608,"featured_media":0,"parent":0,"menu_order":0,"comment_status":"closed","ping_status":"closed","template":"","meta":{"footnotes":""},"class_list":["post-67","page","type-page","status-publish","hentry"],"_links":{"self":[{"href":"https:\/\/wordpress.nibis.de\/gsimspiet\/wp-json\/wp\/v2\/pages\/67","targetHints":{"allow":["GET"]}}],"collection":[{"href":"https:\/\/wordpress.nibis.de\/gsimspiet\/wp-json\/wp\/v2\/pages"}],"about":[{"href":"https:\/\/wordpress.nibis.de\/gsimspiet\/wp-json\/wp\/v2\/types\/page"}],"author":[{"embeddable":true,"href":"https:\/\/wordpress.nibis.de\/gsimspiet\/wp-json\/wp\/v2\/users\/9192608"}],"replies":[{"embeddable":true,"href":"https:\/\/wordpress.nibis.de\/gsimspiet\/wp-json\/wp\/v2\/comments?post=67"}],"version-history":[{"count":23,"href":"https:\/\/wordpress.nibis.de\/gsimspiet\/wp-json\/wp\/v2\/pages\/67\/revisions"}],"predecessor-version":[{"id":4498,"href":"https:\/\/wordpress.nibis.de\/gsimspiet\/wp-json\/wp\/v2\/pages\/67\/revisions\/4498"}],"wp:attachment":[{"href":"https:\/\/wordpress.nibis.de\/gsimspiet\/wp-json\/wp\/v2\/media?parent=67"}],"curies":[{"name":"wp","href":"https:\/\/api.w.org\/{rel}","templated":true}]}}