{"id":102,"date":"2017-02-15T09:36:16","date_gmt":"2017-02-15T08:36:16","guid":{"rendered":"http:\/\/wordpress.nibis.de\/gsis\/?page_id=102"},"modified":"2019-02-24T11:49:05","modified_gmt":"2019-02-24T10:49:05","slug":"impressum","status":"publish","type":"page","link":"https:\/\/wordpress.nibis.de\/gsis\/impressum\/","title":{"rendered":"Impressum"},"content":{"rendered":"<p><strong>Impressum<\/strong><\/p>\n<p>Land Niedersachsen (Diensteanbieter im Sinne des Telemediengesetzes)<\/p>\n<p>Das Land Niedersachsen ist eine juristische Person des \u00f6ffentlichen Rechts vertreten durch<\/p>\n<p>Schulleiter Klaus Feldkamp<\/p>\n<p>Grundschule Im Sande<\/p>\n<p>Rijswijker Str. 10<br \/>\n49565 Bramsche<\/p>\n<p>Tel.: 05461\/3960<br \/>\nFax: 05461\/886735<\/p>\n<p>e-mail: <a href=\"mailto:g&#115;&#105;&#109;&#115;&#97;&#110;&#100;&#101;&#45;&#98;&#x72;&#x61;&#x6d;&#x73;&#x63;&#x68;&#x65;&#x40;&#x74;&#x2d;&#x6f;&#x6e;&#x6c;&#x69;&#x6e;e&#46;de\">&#103;&#x73;&#105;&#x6d;&#115;&#x61;&#110;&#x64;&#101;&#x2d;&#98;&#x72;&#97;&#x6d;&#115;&#x63;&#104;&#x65;&#64;&#x74;&#45;&#x6f;&#110;&#x6c;&#105;&#x6e;&#101;&#x2e;&#100;&#x65;<\/a><\/p>\n<p>Schulische Datenschutzbeauftragte: <a href=\"mailto:daten&#46;schutz&#64;gs-i&#109;&#45;&#115;&#97;&#110;&#100;&#101;&#46;&#100;&#101;\">&#x64;a&#x74;&#101;&#x6e;&#46;s&#x63;h&#x75;&#116;&#x7a;&#64;g&#x73;&#45;&#x69;&#109;-&#x73;a&#x6e;&#100;&#x65;&#46;d&#x65;<\/a><\/p>\n<p>&nbsp;<\/p>\n<p>&#8230;&#8230;&#8230;&#8230;&#8230;&#8230;&#8230;&#8230;&#8230;&#8230;&#8230;&#8230;&#8230;&#8230;&#8230;&#8230;&#8230;..<\/p>\n<p>Verantwortlicher f\u00fcr redaktionell &#8211; journalistische Angebote i.S.d.\u00a7 55 Abs. Rundfunkstaatsvertrag<\/p>\n<p>Klaus Feldkamp<\/p>\n<p>Grundschule Im Sande<\/p>\n<p>Rijswijker Str. 10<\/p>\n<p>49565 Bramsche<\/p>\n<p>e-mail: <a href=\"&#109;&#97;&#x69;l&#116;&#x6f;&#x3a;k&#108;&#x61;&#x75;s&#46;&#x66;&#x65;l&#100;&#x6b;&#x61;m&#112;&#x40;&#x67;s&#45;&#x69;m&#45;&#115;&#x61;n&#100;&#x65;&#x2e;d&#101;\">&#x6b;&#x6c;&#x61;&#x75;&#x73;&#x2e;&#x66;&#x65;&#x6c;&#x64;&#x6b;&#x61;&#x6d;&#x70;&#x40;&#x67;&#x73;&#x2d;&#x69;&#x6d;&#x2d;&#x73;&#x61;&#x6e;&#x64;&#x65;&#x2e;&#x64;&#x65;<\/a><\/p>\n<p>&#8230;&#8230;&#8230;&#8230;&#8230;&#8230;&#8230;&#8230;&#8230;&#8230;&#8230;&#8230;&#8230;&#8230;&#8230;&#8230;&#8230;..<\/p>\n<p>Diese Webseite beinhaltet externe Links. Deren Inhalte entziehen sich unserer Einflussnahme, sodass eine Gew\u00e4hr f\u00fcr solche Inhalte von uns nicht \u00fcbernommen werden kann.<\/p>\n<p>&nbsp;<\/p>\n<p>Die Verantwortung liegt beim jeweiligen Betreiber der externen Seiten. Zum Zeitpunkt der Verkn\u00fcpfung der externen Links waren keine Rechtsverst\u00f6\u00dfe ersichtlich. Die permanente \u00dcberwachung fremder Inhalte auf Rechtsverst\u00f6\u00dfe ohne konkrete Hinweise ist nicht zumutbar.<\/p>\n<p>Sollten wir Kenntnis von Rechtsverst\u00f6\u00dfen erlangen, werden wir die entsprechenden externen Links unverz\u00fcglich entfernen.<\/p>\n","protected":false},"excerpt":{"rendered":"<p>Impressum Land Niedersachsen (Diensteanbieter im Sinne des Telemediengesetzes) Das Land Niedersachsen ist eine juristische Person des \u00f6ffentlichen Rechts vertreten durch Schulleiter Klaus Feldkamp Grundschule Im Sande Rijswijker Str. 10 49565 Bramsche Tel.: 05461\/3960 Fax: 05461\/886735 e-mail: &#103;&#x73;i&#109;&#x73;&#97;&#x6e;d&#101;&#x2d;b&#x72;&#x61;&#109;&#x73;c&#104;&#x65;&#64;&#x74;&#x2d;&#111;&#x6e;l&#105;&#x6e;&#101;&#x2e;d&#101; Schulische Datenschutzbeauftragte: da&#116;&#101;&#110;&#46;&#x73;&#x63;&#x68;&#x75;&#x74;z&#64;&#103;&#115;&#45;&#105;&#x6d;&#x2d;&#x73;&#x61;&#x6e;de&#46;&#100;&#101; &nbsp; &#8230;&#8230;&#8230;&#8230;&#8230;&#8230;&#8230;&#8230;&#8230;&#8230;&#8230;&#8230;&#8230;&#8230;&#8230;&#8230;&#8230;.. Verantwortlicher f\u00fcr redaktionell &#8211; journalistische Angebote i.S.d.\u00a7 55 Abs. Rundfunkstaatsvertrag Klaus Feldkamp Grundschule [&hellip;]<\/p>\n","protected":false},"author":1317,"featured_media":0,"parent":0,"menu_order":0,"comment_status":"closed","ping_status":"closed","template":"","meta":{"footnotes":""},"class_list":["post-102","page","type-page","status-publish","hentry"],"_links":{"self":[{"href":"https:\/\/wordpress.nibis.de\/gsis\/wp-json\/wp\/v2\/pages\/102","targetHints":{"allow":["GET"]}}],"collection":[{"href":"https:\/\/wordpress.nibis.de\/gsis\/wp-json\/wp\/v2\/pages"}],"about":[{"href":"https:\/\/wordpress.nibis.de\/gsis\/wp-json\/wp\/v2\/types\/page"}],"author":[{"embeddable":true,"href":"https:\/\/wordpress.nibis.de\/gsis\/wp-json\/wp\/v2\/users\/1317"}],"replies":[{"embeddable":true,"href":"https:\/\/wordpress.nibis.de\/gsis\/wp-json\/wp\/v2\/comments?post=102"}],"version-history":[{"count":5,"href":"https:\/\/wordpress.nibis.de\/gsis\/wp-json\/wp\/v2\/pages\/102\/revisions"}],"predecessor-version":[{"id":628,"href":"https:\/\/wordpress.nibis.de\/gsis\/wp-json\/wp\/v2\/pages\/102\/revisions\/628"}],"wp:attachment":[{"href":"https:\/\/wordpress.nibis.de\/gsis\/wp-json\/wp\/v2\/media?parent=102"}],"curies":[{"name":"wp","href":"https:\/\/api.w.org\/{rel}","templated":true}]}}