{"id":127,"date":"2017-02-15T11:02:41","date_gmt":"2017-02-15T10:02:41","guid":{"rendered":"http:\/\/wordpress.nibis.de\/gsis\/?page_id=127"},"modified":"2025-06-04T11:40:17","modified_gmt":"2025-06-04T09:40:17","slug":"foerderverein","status":"publish","type":"page","link":"https:\/\/wordpress.nibis.de\/gsis\/foerderverein\/","title":{"rendered":"F\u00f6rderverein"},"content":{"rendered":"<p>Herzlich Willkommen beim F\u00f6rderverein der Grundschule Im Sande!<\/p>\n<p>Unsere Ziele<br \/>\nWir wollen&#8230;<\/p>\n<p>&#8230;die Nachmittagsbetreuung unterst\u00fctzen und erg\u00e4nzen und nach unseren M\u00f6glichkeiten begleiten.<\/p>\n<p>&#8230;Schulprojekte, Arbeitsgemeinschaften und Elterninitiativen (mit-)gestalten.<\/p>\n<p>&#8230;Gelder f\u00fcr zus\u00e4tzlich ben\u00f6tigte Arbeitsmaterialien zur Verf\u00fcgung stellen.<\/p>\n<p>&#8230;die M\u00f6glichkeiten aller Sch\u00fcler\/innen f\u00f6rdern und unterst\u00fctzen.<\/p>\n<p>Wir brauchen Sie als Partner und Gestalter!! Bereichern Sie den F\u00f6rderverein durch Ihre aktive Mitarbeit und kreativen Ideen!!<\/p>\n<p>Hier nur einige unserer Aktionen:<\/p>\n<p>\u2022Br\u00f6tchenverkauf bei der Einschulung<br \/>\n\u2022Kuchenverkauf auf dem Gartenstadtfest<br \/>\n\u2022Gesunde Woche in der Grundschule Im Sande<br \/>\n\u2022Pausensnacks mal ganz anders u.v.m.<\/p>\n<p>Kontakt: &#103;&#x73;&#x69;m&#115;&#x61;&#x6e;d&#101;&#x2d;b&#114;&#x61;&#x6d;s&#99;&#x68;e&#64;&#x74;&#x2d;o&#110;&#x6c;&#x69;&#110;&#x65;&#x2e;d&#101;<\/p>\n<p>1. Vorsitzende:<\/p>\n<p>Frau Lauxtermann<\/p>\n<p>Telefonische Nachrichten \u00fcber die Schule (0 54 61 &#8211; 39 60)<\/p>\n<p>2. Vorsitzende:<\/p>\n<p>Frau Schmitt<\/p>\n<p>Kassenwartin:<\/p>\n<p>Frau Knollenberg<\/p>\n","protected":false},"excerpt":{"rendered":"<p>Herzlich Willkommen beim F\u00f6rderverein der Grundschule Im Sande! Unsere Ziele Wir wollen&#8230; &#8230;die Nachmittagsbetreuung unterst\u00fctzen und erg\u00e4nzen und nach unseren M\u00f6glichkeiten begleiten. &#8230;Schulprojekte, Arbeitsgemeinschaften und Elterninitiativen (mit-)gestalten. &#8230;Gelder f\u00fcr zus\u00e4tzlich ben\u00f6tigte Arbeitsmaterialien zur Verf\u00fcgung stellen. &#8230;die M\u00f6glichkeiten aller Sch\u00fcler\/innen f\u00f6rdern und unterst\u00fctzen. Wir brauchen Sie als Partner und Gestalter!! Bereichern Sie den F\u00f6rderverein durch Ihre [&hellip;]<\/p>\n","protected":false},"author":1317,"featured_media":0,"parent":0,"menu_order":0,"comment_status":"closed","ping_status":"closed","template":"","meta":{"footnotes":""},"class_list":["post-127","page","type-page","status-publish","hentry"],"_links":{"self":[{"href":"https:\/\/wordpress.nibis.de\/gsis\/wp-json\/wp\/v2\/pages\/127","targetHints":{"allow":["GET"]}}],"collection":[{"href":"https:\/\/wordpress.nibis.de\/gsis\/wp-json\/wp\/v2\/pages"}],"about":[{"href":"https:\/\/wordpress.nibis.de\/gsis\/wp-json\/wp\/v2\/types\/page"}],"author":[{"embeddable":true,"href":"https:\/\/wordpress.nibis.de\/gsis\/wp-json\/wp\/v2\/users\/1317"}],"replies":[{"embeddable":true,"href":"https:\/\/wordpress.nibis.de\/gsis\/wp-json\/wp\/v2\/comments?post=127"}],"version-history":[{"count":11,"href":"https:\/\/wordpress.nibis.de\/gsis\/wp-json\/wp\/v2\/pages\/127\/revisions"}],"predecessor-version":[{"id":1164,"href":"https:\/\/wordpress.nibis.de\/gsis\/wp-json\/wp\/v2\/pages\/127\/revisions\/1164"}],"wp:attachment":[{"href":"https:\/\/wordpress.nibis.de\/gsis\/wp-json\/wp\/v2\/media?parent=127"}],"curies":[{"name":"wp","href":"https:\/\/api.w.org\/{rel}","templated":true}]}}