{"id":291,"date":"2017-03-24T09:06:52","date_gmt":"2017-03-24T08:06:52","guid":{"rendered":"http:\/\/wordpress.nibis.de\/gsis\/?page_id=291"},"modified":"2023-08-18T08:45:49","modified_gmt":"2023-08-18T06:45:49","slug":"gs-im-sande","status":"publish","type":"page","link":"https:\/\/wordpress.nibis.de\/gsis\/gs-im-sande\/","title":{"rendered":"Unsere Schule"},"content":{"rendered":"<p>Mit Kopf, Herz und Hand lernen, spielen und arbeiten rund 190 Sch\u00fclerinnen und Sch\u00fclern, 15 Lehrerinnen und Lehrer, 2 F\u00f6rderschullehrerinnen, 5 p\u00e4dagogischen Mitarbeiterinnen, eine Sekret\u00e4rin und ein Hausmeister an unserer zweiz\u00fcgigen Ganztagsgrundschule in der Bramscher Gartenstadt.<\/p>\n<p><strong>Leitbild<\/strong><\/p>\n<p><strong>\u201eKopf\u201c hei\u00dft f\u00fcr uns:<\/strong><\/p>\n<p>Wir schaffen Freude am Lernen durch vielf\u00e4ltige Unterrichtsformen. Wir wollen lernen, verstehen, kritisch sein und Probleme l\u00f6sen. Dabei streben wir die Werte Eigenverantwortung, Selbst\u00e4ndigkeit, Ehrlichkeit, Hilfsbereitschaft, Zuverl\u00e4ssigkeit und Kritikf\u00e4higkeit an.<\/p>\n<p><strong>\u201eHerz\u201c hei\u00dft f\u00fcr uns:<\/strong><\/p>\n<p>Wir wollen in friedlicher und freundlicher Atmosph\u00e4re miteinander leben. Wir wollen Vertrauen in unsere Schule haben und uns dort sicher und geborgen f\u00fchlen. Daher erkennen wir die Einzigartigkeit eines jeden Menschen an und achten ihn unabh\u00e4ngig von seiner nationalen, religi\u00f6sen und sozialen Herkunft . Jeder hat ein Recht auf Wertsch\u00e4tzung und die Pflicht zur R\u00fccksichtnahme auf seine Mitmenschen.<\/p>\n<p><strong>\u201eHand\u201c hei\u00dft f\u00fcr uns<\/strong>:<\/p>\n<p>Wir wollen unseren Schulalltag und unseren Lebensraum Schule mitgestalten und unsere kreativen Seiten pflegen. Durch regelm\u00e4\u00dfige gemeinschaftliche Aktivit\u00e4ten erlebt sich jeder Einzelne als Teil der Schulgemeinschaft.<\/p>\n","protected":false},"excerpt":{"rendered":"<p>Mit Kopf, Herz und Hand lernen, spielen und arbeiten rund 190 Sch\u00fclerinnen und Sch\u00fclern, 15 Lehrerinnen und Lehrer, 2 F\u00f6rderschullehrerinnen, 5 p\u00e4dagogischen Mitarbeiterinnen, eine Sekret\u00e4rin und ein Hausmeister an unserer zweiz\u00fcgigen Ganztagsgrundschule in der Bramscher Gartenstadt. Leitbild \u201eKopf\u201c hei\u00dft f\u00fcr uns: Wir schaffen Freude am Lernen durch vielf\u00e4ltige Unterrichtsformen. Wir wollen lernen, verstehen, kritisch sein [&hellip;]<\/p>\n","protected":false},"author":1332,"featured_media":0,"parent":0,"menu_order":0,"comment_status":"closed","ping_status":"closed","template":"","meta":{"footnotes":""},"class_list":["post-291","page","type-page","status-publish","hentry"],"_links":{"self":[{"href":"https:\/\/wordpress.nibis.de\/gsis\/wp-json\/wp\/v2\/pages\/291","targetHints":{"allow":["GET"]}}],"collection":[{"href":"https:\/\/wordpress.nibis.de\/gsis\/wp-json\/wp\/v2\/pages"}],"about":[{"href":"https:\/\/wordpress.nibis.de\/gsis\/wp-json\/wp\/v2\/types\/page"}],"author":[{"embeddable":true,"href":"https:\/\/wordpress.nibis.de\/gsis\/wp-json\/wp\/v2\/users\/1332"}],"replies":[{"embeddable":true,"href":"https:\/\/wordpress.nibis.de\/gsis\/wp-json\/wp\/v2\/comments?post=291"}],"version-history":[{"count":5,"href":"https:\/\/wordpress.nibis.de\/gsis\/wp-json\/wp\/v2\/pages\/291\/revisions"}],"predecessor-version":[{"id":1138,"href":"https:\/\/wordpress.nibis.de\/gsis\/wp-json\/wp\/v2\/pages\/291\/revisions\/1138"}],"wp:attachment":[{"href":"https:\/\/wordpress.nibis.de\/gsis\/wp-json\/wp\/v2\/media?parent=291"}],"curies":[{"name":"wp","href":"https:\/\/api.w.org\/{rel}","templated":true}]}}