{"id":425,"date":"2017-07-28T13:03:16","date_gmt":"2017-07-28T11:03:16","guid":{"rendered":"http:\/\/wordpress.nibis.de\/gsis\/?page_id=425"},"modified":"2025-06-04T12:11:02","modified_gmt":"2025-06-04T10:11:02","slug":"schul-abc","status":"publish","type":"page","link":"https:\/\/wordpress.nibis.de\/gsis\/schul-abc\/","title":{"rendered":"Schul-ABC"},"content":{"rendered":"<p><strong>Anfangszeiten<\/strong><\/p>\n<ol>\n<li>Stunde: 07.45 \u2013 08.30 Uhr<br \/>\n2. Stunde: 08.35 \u2013 09.20 Uhr<br \/>\nPause<br \/>\n3. Stunde: 09.40 \u2013 10.25 Uhr<br \/>\n4. Stunde: 10.30 \u2013 11.15 Uhr<br \/>\nPause<br \/>\n5. Stunde: 11.30 \u2013 12.15 Uhr<br \/>\n6. Stunde: 12.15 &#8211; 13.00 Uhr<\/li>\n<\/ol>\n<p>Ab 7.30 Uhr d\u00fcrfen die Sch\u00fcler in das Geb\u00e4ude und in ihre Klassen gehen.<\/p>\n<p><strong>Betreuung<\/strong><\/p>\n<p>Die Betreuung f\u00fcr die Sch\u00fcler der 1. und 2. Klassen findet im Anschluss an die verl\u00e4ngerte Pause von 11.45 Uhr bis 12.45 Uhr statt. Eine Anmeldung ist erforderlich.<\/p>\n<p><strong>B\u00fccherei<\/strong><\/p>\n<p>Ihr Kind hat die Gelegenheit, in der Sch\u00fclerb\u00fccherei B\u00fccher auszuleihen. Die Ausleihfrist betr\u00e4gt 2 Wochen.<\/p>\n<p><strong>Elternbesuch im Unterricht<\/strong><\/p>\n<p>Eltern k\u00f6nnen nach vorheriger Abstimmung mit dem Lehrer den Unterricht besuchen. So k\u00f6nnen sie beobachten, wie ihr Kind in der Gemeinschaft mit anderen lernt.<\/p>\n<p><strong>Elternsprechtage<\/strong><\/p>\n<p>An unserer Schule sind zwei Elternsprechtage im Schuljahr vorgesehen (November und M\u00e4rz\/April). An diesen Tagen haben die Eltern Gelegenheit, mit den Lehrern, in Einzelgespr\u00e4chen, \u00fcber ihre Kinder zu sprechen.<\/p>\n<p>Wenn Sie au\u00dferhalb der Sprechtage ein Gespr\u00e4ch w\u00fcnschen, geben Sie bitte Ihrem Kind eine kurze Mitteilung f\u00fcr die Lehrkraft mit.<\/p>\n<p><strong>Entgeltliche Schulbuchausleihe<\/strong><\/p>\n<p>Bitte versehen Sie die von der Schule entliehenen B\u00fccher innerhalb der ersten Woche mit einem Schutzumschlag.<\/p>\n<p>Besch\u00e4digte B\u00fccher m\u00fcssen ersetzt werden.<\/p>\n<p><strong>Fr\u00fchst\u00fcck<\/strong><\/p>\n<p>Am Ende der zweiten Stunde fr\u00fchst\u00fccken die Sch\u00fcler gemeinsam. Bitte sorgen Sie f\u00fcr ein gesundes und abwechslungsreiches Fr\u00fchst\u00fcck. Sprechen Sie das Fr\u00fchst\u00fcck mit Ihrem Kind ab, damit das Fr\u00fchst\u00fcck auch wirklich gegessen wird. Unsere Schule nimmt am Schulobstprogramm des Landes Niedersachsen teil. In allen vollen Schulwochen bieten wir den Kindern in den Pausen und im Ganztag Obst und Gem\u00fcse an.<\/p>\n<p><strong>Gespr\u00e4che brauchen Zeit\u00a0\u00a0\u00a0<\/strong><\/p>\n<p>Gespr\u00e4che zwischen Eltern und Lehrkr\u00e4ften sind wichtig. Mal geht der Wunsch nach einem Gespr\u00e4ch von den Eltern aus, ein anderes Mal von der Lehrerin oder dem Lehrer. Damit diese Gespr\u00e4che Erfolg haben, sollten wir uns an folgende Prinzipien halten: Es ist nicht sinnvoll, in den Pausen u. U. sogar auf dem Flur Probleme bereden zu wollen. Beide Seiten stehen unter Zeitdruck, vergessen wichtige Einzelheiten oder werden missverstanden. Besser ist es, Gespr\u00e4che vorher zu verabreden und gen\u00fcgend Zeit einzuplanen.<\/p>\n<p><strong>Ganztagsbetreuung<br \/>\n<\/strong>Unsere Schule ist von montags bis donnerstags eine Offene Ganztagsschule. Dies bedeutet, dass die Kinder bis 15:15 Uhr in der Schule bleiben. Nach dem regul\u00e4ren Unterricht bekommen die Kinder ein Mittagessen. Anschlie\u00dfend ist Hausaufgabenbetreuung bzw. Zeit zum Spielen und Ausruhen. Ab 14:30 Uhr finden freie und gebundene Angebote statt. Diese enden mit dem Schluss der Ganztagsbetreuung um 15:15 Uhr. <strong>Anmeldungen f\u00fcr die Teilnahme an der Ganztagsbetreuung sind im Sekretariat der Schule m\u00f6glich. Die Anmeldung gilt jeweils nur f\u00fcr ein Schulhalbjahr und muss halbj\u00e4hrlich <u>neu<\/u> beantragt werden.<\/strong><\/p>\n<p><strong>Hausaufgaben<\/strong><\/p>\n<p>Hausaufgaben erg\u00e4nzen die Arbeit in der Schule. Sie sollten in der Regel 30 Minuten nicht \u00fcberschreiten.<\/p>\n<p>Hausaufgaben sollen regelm\u00e4\u00dfig und vollst\u00e4ndig erstellt werden. Sollte Ihr Kind dabei Schwierigkeiten haben, schreiben Sie eine Notiz ins Schultagebuch.<\/p>\n<p><strong>Krankheit<\/strong><\/p>\n<p>Sollte Ihr Kind die Schule wegen Krankheit nicht besuchen k\u00f6nnen, benachrichtigen Sie bitte die Schule vor Unterrichtsbeginn. Das k\u00f6nnen Sie gerne per Mail: &#x67;&#x73;&#105;&#109;s&#x61;&#x6e;&#x64;&#101;-b&#x72;&#x61;&#109;&#115;c&#x68;&#x65;&#x40;&#116;-o&#x6e;&#x6c;&#105;&#110;e&#x2e;&#x64;&#x65; oder telefonisch (05461) 3960 erledigen.<br \/>\nSp\u00e4testens am dritten Fehltag muss eine Entschuldigung vorliegen.<br \/>\nSollte Ihr Kind aus gesundheitlichen Gr\u00fcnden nicht am Sportunterricht teilnehmen k\u00f6nnen, muss eine Information an die Sportlehrkraft erfolgen.<\/p>\n<p><strong>Notfallnummer<\/strong><\/p>\n<p>Sollte Ihr Kind w\u00e4hrend des Unterrichts erkranken oder trotz aller Vorsichtsma\u00dfnahmen einen Unfall haben, ist f\u00fcr uns eine Notfallnummer im Etui und im Schultagebuch Ihres Kindes besonders wichtig.<\/p>\n","protected":false},"excerpt":{"rendered":"<p>Anfangszeiten Stunde: 07.45 \u2013 08.30 Uhr 2. Stunde: 08.35 \u2013 09.20 Uhr Pause 3. Stunde: 09.40 \u2013 10.25 Uhr 4. Stunde: 10.30 \u2013 11.15 Uhr Pause 5. Stunde: 11.30 \u2013 12.15 Uhr 6. Stunde: 12.15 &#8211; 13.00 Uhr Ab 7.30 Uhr d\u00fcrfen die Sch\u00fcler in das Geb\u00e4ude und in ihre Klassen gehen. Betreuung Die Betreuung [&hellip;]<\/p>\n","protected":false},"author":1332,"featured_media":0,"parent":0,"menu_order":0,"comment_status":"closed","ping_status":"closed","template":"","meta":{"footnotes":""},"class_list":["post-425","page","type-page","status-publish","hentry"],"_links":{"self":[{"href":"https:\/\/wordpress.nibis.de\/gsis\/wp-json\/wp\/v2\/pages\/425","targetHints":{"allow":["GET"]}}],"collection":[{"href":"https:\/\/wordpress.nibis.de\/gsis\/wp-json\/wp\/v2\/pages"}],"about":[{"href":"https:\/\/wordpress.nibis.de\/gsis\/wp-json\/wp\/v2\/types\/page"}],"author":[{"embeddable":true,"href":"https:\/\/wordpress.nibis.de\/gsis\/wp-json\/wp\/v2\/users\/1332"}],"replies":[{"embeddable":true,"href":"https:\/\/wordpress.nibis.de\/gsis\/wp-json\/wp\/v2\/comments?post=425"}],"version-history":[{"count":9,"href":"https:\/\/wordpress.nibis.de\/gsis\/wp-json\/wp\/v2\/pages\/425\/revisions"}],"predecessor-version":[{"id":1171,"href":"https:\/\/wordpress.nibis.de\/gsis\/wp-json\/wp\/v2\/pages\/425\/revisions\/1171"}],"wp:attachment":[{"href":"https:\/\/wordpress.nibis.de\/gsis\/wp-json\/wp\/v2\/media?parent=425"}],"curies":[{"name":"wp","href":"https:\/\/api.w.org\/{rel}","templated":true}]}}