{"id":435,"date":"2017-07-28T13:04:45","date_gmt":"2017-07-28T11:04:45","guid":{"rendered":"http:\/\/wordpress.nibis.de\/gsis\/?page_id=435"},"modified":"2019-09-16T12:03:25","modified_gmt":"2019-09-16T10:03:25","slug":"schulordnung","status":"publish","type":"page","link":"https:\/\/wordpress.nibis.de\/gsis\/schulordnung\/","title":{"rendered":"Schulordnung"},"content":{"rendered":"\n<p><strong>Unsere Schulordnung<\/strong><\/p>\n\n\n\n<p><strong>Stand GK 01.10.19<\/strong><\/p>\n\n\n\n<p>Jeden Tag treffen sich in unserer Schule viele\nMenschen. Damit sich hier alle wohl f\u00fchlen k\u00f6nnen, gibt es Regeln, an die wir\nuns alle halten wollen.<\/p>\n\n\n\n<p><strong>Allgemeine\nSchulregeln<\/strong><\/p>\n\n\n\n<p><strong>Wir\ngehen freundlich miteinander um.<\/strong><\/p>\n\n\n\n<ul class=\"wp-block-list\"><li>Wir begr\u00fc\u00dfen uns zu Beginn des Unterrichts und\nverabschieden uns am Ende.<\/li><li>Ich darf keinem anderen Kind wehtun, es beschimpfen\noder schlagen.<\/li><li>Ich achte fremdes Eigentum.<\/li><li>Ich schlie\u00dfe niemanden aus der Gemeinschaft aus.<\/li><li>Ich helfe einem Kind, wenn es Hilfe braucht. <\/li><\/ul>\n\n\n\n<p><strong>Wir\nnehmen R\u00fccksicht auf andere und vermeiden Unf\u00e4lle.<\/strong><\/p>\n\n\n\n<ul class=\"wp-block-list\"><li>Ich renne, dr\u00e4ngele und sto\u00dfe nicht im\nSchulgeb\u00e4ude.<\/li><li>Vor Unterrichtsbeginn gehe ich z\u00fcgig in meine\nKlasse und nach den gro\u00dfen Pausen stelle ich mich am Aufstellplatz der Klasse\nauf.<\/li><li>Ich werfe nicht mit Gegenst\u00e4nden, Steinen,\nSchneeb\u00e4llen, Sand etc.<\/li><\/ul>\n\n\n\n<p><strong>Wir\nl\u00f6sen unsere Streitigkeiten gewaltfrei und mit K\u00f6pfchen.<\/strong><\/p>\n\n\n\n<ul class=\"wp-block-list\"><li>Ich versuche wegzuh\u00f6ren oder wegzugehen, wenn mich\njemand provoziert.<\/li><li>Ich sage \u201eSTOPP\u201c, wenn es mir zuviel wird.<\/li><li>Ich h\u00f6re auf, wenn der andere \u201eSTOPP\u201c sagt.<\/li><li>Ich hole einen Erwachsenen zu Hilfe, wenn ich es\nalleine nicht schaffe. <\/li><\/ul>\n\n\n\n<p><strong>Wir\nsorgen f\u00fcr einen geordneten Ablauf von Unterricht und Betreuung. <\/strong><\/p>\n\n\n\n<ul class=\"wp-block-list\"><li>Ich komme p\u00fcnktlich zum Unterricht und in die\nBetreuung.<\/li><li>Ich gehe sorgf\u00e4ltig mit Arbeitsmaterialien und\nSpielger\u00e4ten um. <\/li><li>Ich habe immer alle Materialien, die ich im\nUnterricht ben\u00f6tige, dabei. <\/li><li>Ich zeige meinen Eltern regelm\u00e4\u00dfig Nachrichten aus\nSchule und Betreuung. <\/li><li>Ich halte die Grenzen des Pausengel\u00e4ndes (rote\nLinie) ein. <\/li><\/ul>\n\n\n\n<p><strong>Wir halten unser Schulgeb\u00e4ude und Schulgel\u00e4nde\nimmer sauber.<\/strong><\/p>\n\n\n\n<ul class=\"wp-block-list\"><li>Ich sorge daf\u00fcr, dass kein M\u00fcll liegen bleibt und\nwerfe ihn in die richtigen Abfallbeh\u00e4lter (gelb, gr\u00fcn, grau).<\/li><li>Ich halte die Toiletten sauber und verschwende\nweder Papier noch Wasser. <\/li><li>Ich trage in den Klassenr\u00e4umen Hausschuhe.<\/li><\/ul>\n\n\n\n<p>&#8220;\n&#8212;&#8212;&#8212;&#8212;&#8212;&#8212;&#8212;&#8212;&#8212;&#8212;&#8212;&#8212;&#8212;&#8212;&#8212;&#8212;&#8212;&#8212;&#8212;&#8212;&#8212;&#8212;&#8212;&#8212;<\/p>\n\n\n\n<p><strong>Ich\nkenne die Schulordnung der Grundschule Im Sande und verspreche, dass ich mich\nan die Regeln halten werde. <\/strong><strong><\/strong><\/p>\n\n\n\n<p>______________________&nbsp;&nbsp;&nbsp;&nbsp;&nbsp;&nbsp;&nbsp;&nbsp;&nbsp;&nbsp;&nbsp;&nbsp;&nbsp;&nbsp;&nbsp;&nbsp;&nbsp;&nbsp;&nbsp;&nbsp;&nbsp;&nbsp;&nbsp;&nbsp;&nbsp;&nbsp;&nbsp;&nbsp;&nbsp;&nbsp;&nbsp;&nbsp; _____________________<\/p>\n\n\n\n<p><sup>Datum&nbsp;&nbsp;&nbsp;&nbsp;&nbsp;&nbsp;&nbsp;&nbsp;&nbsp;&nbsp;&nbsp;&nbsp;&nbsp;&nbsp;&nbsp;&nbsp;&nbsp;&nbsp;&nbsp;&nbsp;&nbsp;&nbsp;&nbsp;&nbsp;&nbsp;&nbsp;&nbsp;&nbsp;&nbsp;&nbsp;&nbsp;&nbsp;&nbsp;&nbsp;&nbsp;&nbsp;&nbsp;&nbsp;&nbsp;&nbsp;&nbsp;&nbsp;&nbsp;&nbsp;&nbsp;&nbsp;&nbsp;&nbsp;&nbsp;&nbsp;&nbsp;&nbsp;&nbsp;&nbsp;&nbsp;&nbsp;&nbsp;&nbsp;&nbsp;&nbsp;&nbsp;&nbsp;&nbsp;&nbsp;&nbsp;&nbsp;&nbsp;&nbsp;&nbsp;&nbsp;&nbsp;&nbsp;&nbsp;&nbsp;&nbsp;&nbsp;&nbsp;&nbsp;&nbsp;&nbsp;&nbsp;&nbsp;&nbsp;&nbsp;&nbsp;&nbsp;&nbsp;&nbsp;&nbsp;&nbsp;&nbsp;&nbsp;&nbsp;&nbsp;&nbsp;&nbsp;&nbsp;&nbsp;&nbsp;&nbsp;&nbsp;&nbsp;&nbsp;&nbsp;&nbsp;&nbsp;&nbsp;&nbsp;&nbsp;&nbsp;&nbsp;&nbsp;&nbsp;&nbsp; Unterschrift\ndes Kindes<\/sup><\/p>\n\n\n\n<p><strong>Wir\nhaben\/ Ich habe die Schulordnung der Grundschule Im Sande zur Kenntnis genommen\nund unterst\u00fctze(n) unser\/ mein Kind bei der Umsetzung. <\/strong><\/p>\n\n\n\n<p>____________________&nbsp;&nbsp;&nbsp;&nbsp;&nbsp;&nbsp;&nbsp;&nbsp;&nbsp;&nbsp;&nbsp;&nbsp;&nbsp;&nbsp;&nbsp;&nbsp;&nbsp;&nbsp;&nbsp;&nbsp;&nbsp;&nbsp;&nbsp;&nbsp;&nbsp;&nbsp;&nbsp;&nbsp; &nbsp;&nbsp;&nbsp;&nbsp;&nbsp;&nbsp;______________________<\/p>\n\n\n\n<p><sup>Datum&nbsp;&nbsp;&nbsp;&nbsp;&nbsp;&nbsp;&nbsp;&nbsp;&nbsp;&nbsp;&nbsp;&nbsp;&nbsp;&nbsp;&nbsp;&nbsp;&nbsp;&nbsp;&nbsp;&nbsp;&nbsp;&nbsp;&nbsp;&nbsp;&nbsp;&nbsp;&nbsp;&nbsp;&nbsp;&nbsp;&nbsp;&nbsp;&nbsp;&nbsp;&nbsp;&nbsp;&nbsp;&nbsp;&nbsp;&nbsp;&nbsp;&nbsp;&nbsp;&nbsp;&nbsp;&nbsp;&nbsp;&nbsp;&nbsp;&nbsp;&nbsp;&nbsp;&nbsp;&nbsp;&nbsp;&nbsp;&nbsp;&nbsp;&nbsp;&nbsp;&nbsp;&nbsp;&nbsp;&nbsp;&nbsp;&nbsp;&nbsp;&nbsp;&nbsp;&nbsp;&nbsp;&nbsp;&nbsp;&nbsp;&nbsp;&nbsp;&nbsp;&nbsp;&nbsp;&nbsp;&nbsp;&nbsp;&nbsp;&nbsp;&nbsp;&nbsp;&nbsp;&nbsp;&nbsp;&nbsp;&nbsp;&nbsp;&nbsp;&nbsp;&nbsp;&nbsp;&nbsp;&nbsp;&nbsp;&nbsp;&nbsp;&nbsp;&nbsp;&nbsp;&nbsp;&nbsp;&nbsp;&nbsp;&nbsp;&nbsp;&nbsp;&nbsp;&nbsp;&nbsp; Unterschrift\nder\/ des Erziehungsberechtigten<\/sup><\/p>\n\n\n\n<p>_____________________&nbsp;&nbsp;&nbsp;&nbsp;&nbsp;&nbsp;&nbsp;&nbsp;&nbsp;&nbsp;&nbsp;&nbsp;&nbsp;&nbsp;&nbsp;&nbsp;&nbsp;&nbsp;&nbsp;&nbsp;&nbsp;&nbsp;&nbsp;&nbsp;&nbsp;&nbsp; &nbsp;&nbsp;&nbsp;&nbsp;&nbsp;&nbsp;_______________________<\/p>\n\n\n\n<p><sup>Datum&nbsp;&nbsp;&nbsp;&nbsp;&nbsp;&nbsp;&nbsp;&nbsp;&nbsp;&nbsp;&nbsp;&nbsp;&nbsp;&nbsp;&nbsp;&nbsp;&nbsp;&nbsp;&nbsp;&nbsp;&nbsp;&nbsp;&nbsp;&nbsp;&nbsp;&nbsp;&nbsp;&nbsp;&nbsp;&nbsp;&nbsp;&nbsp;&nbsp;&nbsp;&nbsp;&nbsp;&nbsp;&nbsp;&nbsp;&nbsp;&nbsp;&nbsp;&nbsp;&nbsp;&nbsp;&nbsp;&nbsp;&nbsp;&nbsp;&nbsp;&nbsp;&nbsp;&nbsp;&nbsp;&nbsp;&nbsp;&nbsp;&nbsp;&nbsp;&nbsp;&nbsp;&nbsp;&nbsp;&nbsp;&nbsp;&nbsp;&nbsp;&nbsp;&nbsp;&nbsp;&nbsp;&nbsp;&nbsp;&nbsp;&nbsp;&nbsp;&nbsp;&nbsp;&nbsp;&nbsp;&nbsp;&nbsp;&nbsp;&nbsp;&nbsp;&nbsp;&nbsp;&nbsp;&nbsp;&nbsp;&nbsp;&nbsp;&nbsp;&nbsp;&nbsp;&nbsp;&nbsp;&nbsp;&nbsp;&nbsp;&nbsp;&nbsp;&nbsp;&nbsp;&nbsp;&nbsp;&nbsp;&nbsp;&nbsp;&nbsp;&nbsp;&nbsp;&nbsp;&nbsp; Unterschrift\ndes Klassenlehrers <\/sup><strong><br>\n<\/strong><\/p>\n\n\n\n<p><strong>Verantwortlichkeiten<\/strong><\/p>\n\n\n\n<p><strong>Verantwortlichkeiten\nvon Eltern<\/strong><\/p>\n\n\n\n<ul class=\"wp-block-list\"><li>Wir sorgen daf\u00fcr, dass unsere Kinder rechtzeitig in\ndie Schule kommen. <\/li><li>Wir sorgen f\u00fcr eine p\u00fcnktliche Abgabe von\nUnterschriften, Bescheinigungen und Entschuldigungen. <\/li><li>Wir sorgen f\u00fcr ein gesundes Fr\u00fchst\u00fcck und eine gute\nschulische Ausr\u00fcstung. <\/li><li>Wenn m\u00f6glich nehmen wir regelm\u00e4\u00dfig an Elternabenden\nund anderen schulischen Veranstaltungen teil. <\/li><li>Wir wollen die Kinder darin unterst\u00fctzen, dass\nRegeln f\u00fcr den ganzen Tag gelten.<\/li><\/ul>\n\n\n\n<p><strong>Verantwortlichkeiten\nvon Lehrern und p\u00e4dagogischen Mitarbeitern<\/strong><\/p>\n\n\n\n<ul class=\"wp-block-list\"><li>Wir alle sind Vorbilder f\u00fcr die Kinder und gehen\nh\u00f6flich und respektvoll miteinander um. <\/li><li>Wir sind f\u00fcr <strong>alle\nKinder gleicherma\u00dfen<\/strong> zust\u00e4ndig und verantwortlich. <\/li><\/ul>\n\n\n\n<p><strong>Umgang\nmit Regelverst\u00f6\u00dfen<\/strong><\/p>\n\n\n\n<p>Die Lehrerin\/ Der Lehrer entscheidet, welche der\nfolgenden Konsequenzen bei Versto\u00df gegen eine oder mehrere Regeln gelten.<\/p>\n\n\n\n<ul class=\"wp-block-list\"><li>Beispiele zur Wiedergutmachung:<\/li><\/ul>\n\n\n\n<p>beschimpfen,\nverletzen \u00e0 entschuldigen<\/p>\n\n\n\n<p>zerst\u00f6ren\n\u00e0 entschuldigen, ersetzen<\/p>\n\n\n\n<p>beschmutzen\n\u00e0 entschuldigen, s\u00e4ubern<\/p>\n\n\n\n<p>Diebstahl\n\u00e0 entschuldigen, zur\u00fcckgeben<\/p>\n\n\n\n<ul class=\"wp-block-list\"><li>Schulordnung oder einen Teil der Schulordnung\nabschreiben<\/li><li>Konsequenzen gem\u00e4\u00df des \u00a761 Erziehungs- und\nOrdnungsma\u00dfnahmen des Nieders\u00e4chsischen Schulgesetzes<\/li><\/ul>\n","protected":false},"excerpt":{"rendered":"<p>Unsere Schulordnung Stand GK 01.10.19 Jeden Tag treffen sich in unserer Schule viele Menschen. Damit sich hier alle wohl f\u00fchlen k\u00f6nnen, gibt es Regeln, an die wir uns alle halten wollen. Allgemeine Schulregeln Wir gehen freundlich miteinander um. Wir begr\u00fc\u00dfen uns zu Beginn des Unterrichts und verabschieden uns am Ende. Ich darf keinem anderen Kind [&hellip;]<\/p>\n","protected":false},"author":1332,"featured_media":0,"parent":0,"menu_order":0,"comment_status":"closed","ping_status":"closed","template":"","meta":{"footnotes":""},"class_list":["post-435","page","type-page","status-publish","hentry"],"_links":{"self":[{"href":"https:\/\/wordpress.nibis.de\/gsis\/wp-json\/wp\/v2\/pages\/435","targetHints":{"allow":["GET"]}}],"collection":[{"href":"https:\/\/wordpress.nibis.de\/gsis\/wp-json\/wp\/v2\/pages"}],"about":[{"href":"https:\/\/wordpress.nibis.de\/gsis\/wp-json\/wp\/v2\/types\/page"}],"author":[{"embeddable":true,"href":"https:\/\/wordpress.nibis.de\/gsis\/wp-json\/wp\/v2\/users\/1332"}],"replies":[{"embeddable":true,"href":"https:\/\/wordpress.nibis.de\/gsis\/wp-json\/wp\/v2\/comments?post=435"}],"version-history":[{"count":2,"href":"https:\/\/wordpress.nibis.de\/gsis\/wp-json\/wp\/v2\/pages\/435\/revisions"}],"predecessor-version":[{"id":775,"href":"https:\/\/wordpress.nibis.de\/gsis\/wp-json\/wp\/v2\/pages\/435\/revisions\/775"}],"wp:attachment":[{"href":"https:\/\/wordpress.nibis.de\/gsis\/wp-json\/wp\/v2\/media?parent=435"}],"curies":[{"name":"wp","href":"https:\/\/api.w.org\/{rel}","templated":true}]}}