{"id":709,"date":"2019-04-28T09:38:25","date_gmt":"2019-04-28T07:38:25","guid":{"rendered":"https:\/\/wordpress.nibis.de\/gsis\/?page_id=709"},"modified":"2019-04-28T09:45:43","modified_gmt":"2019-04-28T07:45:43","slug":"datenschutzerklaerung","status":"publish","type":"page","link":"https:\/\/wordpress.nibis.de\/gsis\/datenschutzerklaerung\/","title":{"rendered":"Datenschutzerkl\u00e4rung"},"content":{"rendered":"\n<h2 class=\"wp-block-heading\"><\/h2>\n\n\n\n<h2 class=\"wp-block-heading\">I. Name und Anschrift des Verantwortlichen<\/h2>\n\n\n\n<p>Grundschule Im Sande<br>\nRijswijkerstr. 10<br>\n49565 Bramsche<br>\nTelefon: 05461 3960<br>\nE-Mail: &#71;S&#x49;m&#x53;&#97;&#x6e;&#100;&#x65;&#45;B&#x72;a&#x6d;&#115;&#x63;&#104;&#x65;&#64;&#x74;&#45;o&#x6e;l&#x69;&#110;&#x65;&#46;&#x64;&#101;<\/p>\n\n\n\n<h3 class=\"wp-block-heading\">Vertretungsberechtigt<\/h3>\n\n\n\n<p>Klaus Feldkamp, Schulleiter<\/p>\n\n\n\n<h2 class=\"wp-block-heading\">II. Kontaktdaten der oder des\nDatenschutzbeauftragten<\/h2>\n\n\n\n<p>Tel.: 05461 3960<br>\nE-Mail:&#x64;&#x61;&#116;&#101;n&#46;&#x73;&#x63;&#x68;&#117;tz&#x40;&#x67;&#x73;&#45;&#105;m&#x2d;&#x73;&#x61;&#110;&#100;e&#x2e;&#x64;&#x65;<\/p>\n\n\n\n<h3 class=\"wp-block-heading\">III.\nBereitstellung der Website und Erstellung von Logfiles<\/h3>\n\n\n\n<p>Bei jedem Aufruf unserer Internetseite erfasst unser System\nautomatisiert Daten und Informationen vom Computersystem des aufrufenden\nRechners. Folgende Daten werden hierbei erhoben:<\/p>\n\n\n\n<ol class=\"wp-block-list\"><li>Datum und Uhrzeit des Zugriffes<\/li><li>Die IP-Adresse des Nutzers<\/li><li>Die Betriebssystemversion des Nutzers<\/li><li>Der Browsertyp des Nutzers<\/li><li>Die vom Nutzer aufgerufene Seite<\/li><\/ol>\n\n\n\n<p>Die Daten werden in den Logfiles unseres Systems\ngespeichert. Eine Speicherung dieser Daten zusammen mit anderen\npersonenbezogenen Daten des Nutzers findet nicht statt. Zweck der\nDatenspeicherung ist die technische Optimierung unserer Internetseite.\nRechtsgrundlage f\u00fcr die vor\u00fcbergehende Speicherung der Daten ist Art. 6 Abs.1\nlit.f DSGVO.<\/p>\n\n\n\n<p>Die Daten werden\nf\u00fcr zwei Monate &nbsp;gespeichert, sie werden\nlediglich statistisch ausgewertet.<\/p>\n\n\n\n<h2 class=\"wp-block-heading\">IV. Verwendung von Cookies<\/h2>\n\n\n\n<p>Beim Aufruf unserer Seiten wird ein Session-Cookie gesetzt,\ndas die Identit\u00e4t der Browser-Sitzung auf Ihrem Rechner festh\u00e4lt und nach Ende\nder Browser-Sitzung wieder von Ihrem Rechner gel\u00f6scht wird. Ein Cookie ist eine\nkleine Textdatei, die von Ihrem Browser auf Ihrem Rechner gespeichert wird. Die\nVerwendung des Session-Cookies erfolgt aus technischen Gr\u00fcnden und dient der\nOptimierung der Darstellung unserer Seiten in Ihrem Browser. Diese Information\nsteht in sp\u00e4teren Browser-Sitzungen nicht mehr zur Verf\u00fcgung.<\/p>\n\n\n\n<p>Die durch diese Cookies verarbeiteten Daten sind f\u00fcr die\ngenannten Zwecke zur Wahrung unserer berechtigten Interessen nach Art. 6 Abs. 1\nS. 1 lit. f DSGVO erforderlich. Diese bestehen in einer technischen Optimierung\nder Bereitstellung unserer Internetseite.<\/p>\n\n\n\n<p>Es besteht die M\u00f6glichkeit, den Browser so einzustellen,\ndass keine Cookies gespeichert werden. In diesem Fall besteht allerdings die\nM\u00f6glichkeit, dass Sie nicht den vollen Funktionsumfang unserer Internetseiten\nnutzen k\u00f6nnen.]<\/p>\n\n\n\n<h2 class=\"wp-block-heading\">V. Speicherung personenbezogener Daten bei\nKontaktaufnahme<\/h2>\n\n\n\n<p>Sofern Sie per E-Mail den Kontakt mit uns aufnehmen, werden\ndie von Ihnen \u00fcbermittelten personenbezogenen Daten automatisch gespeichert.\nDiese Daten werden f\u00fcr Zwecke der Bearbeitung Ihres Anliegens und der\nKontaktaufnahme mit Ihnen gespeichert. <\/p>\n\n\n\n<p>Die L\u00f6schung der Daten erfolgt, sobald deren Speicherung f\u00fcr\ndie Bearbeitung Ihres Anliegens nicht mehr erforderlich ist.<\/p>\n\n\n\n<p><strong>VI. Betroffenenrechte<\/strong><\/p>\n\n\n\n<p>Sie k\u00f6nnen folgende Rechte geltend machen:<\/p>\n\n\n\n<h3 class=\"wp-block-heading\">Auskunft\/\nAkteneinsicht<\/h3>\n\n\n\n<p>Gem. Art. 15 DSGVO haben Sie das\nRecht, Auskunft bzw. Akteneinsicht \u00fcber die von uns verarbeiteten\npersonenbezogenen Daten zu erhalten.<\/p>\n\n\n\n<h3 class=\"wp-block-heading\">Berichtigung\n<\/h3>\n\n\n\n<p>Sind bei uns gespeicherte\npersonenbezogene Daten unrichtig oder unvollst\u00e4ndig, haben Sie gem. Art. 16\nDSGVO das Recht, diese berichtigen bzw. vervollst\u00e4ndigen zu lassen. <\/p>\n\n\n\n<h3 class=\"wp-block-heading\">L\u00f6schung\n<\/h3>\n\n\n\n<p>Art. 17 DSGVO normiert das Recht\nauf L\u00f6schung personenbezogener Daten. Dieses Recht steht Ihnen insbesondere\ndann zu, wenn die Speicherung der personenbezogenen Daten zur Erf\u00fcllung unserer\ngesetzlichen Aufgaben nicht mehr erforderlich ist oder Sie Ihre Einwilligung\nzur Datenverarbeitung mit Wirkung f\u00fcr die Zukunft widerrufen haben.<\/p>\n\n\n\n<h3 class=\"wp-block-heading\">Einschr\u00e4nkung\nder Verarbeitung <\/h3>\n\n\n\n<p>Gem. Art. 18 DSGVO k\u00f6nnen Sie\ndie Einschr\u00e4nkung der personenbezogenen Daten verlangen, wenn<\/p>\n\n\n\n<ul class=\"wp-block-list\"><li>die Richtigkeit der Daten von Ihnen bestritten wird <\/li><li>die Verarbeitung unrechtm\u00e4\u00dfig ist, Sie aber deren L\u00f6schung\nablehnen<\/li><li>wir die Daten nicht mehr ben\u00f6tigen, Sie jedoch diese zur\nGeltendmachung, Aus\u00fcbung oder Verteidigung von Rechtsanspr\u00fcchen ben\u00f6tigen<\/li><li>oder Sie gem\u00e4\u00df Art. 21 DSGVO Widerspruch gegen die\nVerarbeitung eingelegt haben<\/li><\/ul>\n\n\n\n<h3 class=\"wp-block-heading\">Widerspruch<\/h3>\n\n\n\n<p>Sie k\u00f6nnen bei Gr\u00fcnden, die sich\naus Ihrer besonderen Situation ergeben, ein Widerspruchsrecht geltend machen.\nGem. Art. 21 DSGVO ist jedoch zu ber\u00fccksichtigten, ob schutzw\u00fcrdige Gr\u00fcnde f\u00fcr\ndie Verarbeitung vorliegen oder die Verarbeitung der Geltendmachung, Aus\u00fcbung\noder Verteidigung von Rechtsanspr\u00fcchen dient.<\/p>\n\n\n\n<h3 class=\"wp-block-heading\">Daten\u00fcbertragbarkeit<\/h3>\n\n\n\n<p>Ist die Verarbeitung Ihrer Daten\nmit &nbsp;Hilfe eines automatisierten\nVerfahrens erfolgt, haben Sie gem. Art. 20 DSGVO das Recht, die Daten in einem\ng\u00e4ngigen und maschinenlesbaren Format zu erhalten und an eine andere Schule zu\n\u00fcbermitteln bzw. durch uns \u00fcbermitteln zu lassen.<\/p>\n\n\n\n<h3 class=\"wp-block-heading\">Widerruf\nder Einwilligung<\/h3>\n\n\n\n<p>Sie haben gem. Art. 7 Absatz 3\nDSGVO das Recht, uns erteilte Einwilligungen jederzeit mit Wirkung f\u00fcr die\nZukunft zu widerrufen.<\/p>\n\n\n\n<h3 class=\"wp-block-heading\">Beschwerde\n<\/h3>\n\n\n\n<p>Art. 77 DSGVO normiert ein\nBeschwerderecht bei der Aufsichtsbeh\u00f6rde. Die f\u00fcr uns zust\u00e4ndige\nAufsichtsbeh\u00f6rde ist die Landesbeauftragte f\u00fcr den Datenschutz Niedersachsen, Prinzenstra\u00dfe 5, 30159 Hannover. E-Mail: <a href=\"&#x6d;&#x61;&#x69;&#x6c;&#x74;&#x6f;&#x3a;&#x70;&#x6f;&#x73;&#x74;&#x73;&#x74;&#x65;&#x6c;&#x6c;&#x65;&#x40;&#x6c;&#x66;&#x64;&#x2e;&#110;&#105;&#101;&#100;&#101;&#114;&#115;&#97;&#99;&#104;&#115;&#101;&#110;&#46;&#100;e\">&#x70;&#x6f;&#x73;&#x74;&#115;&#116;ell&#x65;&#x40;&#x6c;&#x66;&#100;&#46;nie&#x64;&#x65;&#x72;&#x73;&#97;&#99;&#104;se&#x6e;&#x2e;&#x64;&#x65;<\/a><\/p>\n\n\n\n<p><\/p>\n","protected":false},"excerpt":{"rendered":"<p>I. Name und Anschrift des Verantwortlichen Grundschule Im Sande Rijswijkerstr. 10 49565 Bramsche Telefon: 05461 3960 E-Mail: GSImSand&#101;&#45;&#66;&#114;&#97;&#109;&#115;&#99;&#104;&#101;&#x40;&#x74;&#x2d;&#x6f;&#x6e;&#x6c;&#x69;&#x6e;&#x65;&#x2e;&#x64;&#x65; Vertretungsberechtigt Klaus Feldkamp, Schulleiter II. Kontaktdaten der oder des Datenschutzbeauftragten Tel.: 05461 3960 E-Mail:&#x64;&#x61;&#x74;&#x65;&#x6e;&#46;&#115;&#99;&#104;utz&#x40;&#x67;&#x73;&#x2d;&#x69;&#x6d;&#45;&#115;&#97;nde&#x2e;&#x64;&#x65; III. Bereitstellung der Website und Erstellung von Logfiles Bei jedem Aufruf unserer Internetseite erfasst unser System automatisiert Daten und Informationen vom Computersystem des [&hellip;]<\/p>\n","protected":false},"author":9192195,"featured_media":0,"parent":0,"menu_order":0,"comment_status":"closed","ping_status":"closed","template":"","meta":{"footnotes":""},"class_list":["post-709","page","type-page","status-publish","hentry"],"_links":{"self":[{"href":"https:\/\/wordpress.nibis.de\/gsis\/wp-json\/wp\/v2\/pages\/709","targetHints":{"allow":["GET"]}}],"collection":[{"href":"https:\/\/wordpress.nibis.de\/gsis\/wp-json\/wp\/v2\/pages"}],"about":[{"href":"https:\/\/wordpress.nibis.de\/gsis\/wp-json\/wp\/v2\/types\/page"}],"author":[{"embeddable":true,"href":"https:\/\/wordpress.nibis.de\/gsis\/wp-json\/wp\/v2\/users\/9192195"}],"replies":[{"embeddable":true,"href":"https:\/\/wordpress.nibis.de\/gsis\/wp-json\/wp\/v2\/comments?post=709"}],"version-history":[{"count":2,"href":"https:\/\/wordpress.nibis.de\/gsis\/wp-json\/wp\/v2\/pages\/709\/revisions"}],"predecessor-version":[{"id":714,"href":"https:\/\/wordpress.nibis.de\/gsis\/wp-json\/wp\/v2\/pages\/709\/revisions\/714"}],"wp:attachment":[{"href":"https:\/\/wordpress.nibis.de\/gsis\/wp-json\/wp\/v2\/media?parent=709"}],"curies":[{"name":"wp","href":"https:\/\/api.w.org\/{rel}","templated":true}]}}