{"id":104,"date":"2020-03-23T14:37:10","date_gmt":"2020-03-23T13:37:10","guid":{"rendered":"https:\/\/wordpress.nibis.de\/gsisolde\/?page_id=104"},"modified":"2026-03-09T09:59:15","modified_gmt":"2026-03-09T08:59:15","slug":"schulsozialarbeiter","status":"publish","type":"page","link":"https:\/\/wordpress.nibis.de\/gsisolde\/das-sind-wir\/schulsozialarbeiter\/","title":{"rendered":"Schulsozialarbeit"},"content":{"rendered":"\n<p>An unserer Schule arbeiten ein Schulsozialarbeiter und eine Schulsozialarbeiterin. Herr Wotschel unterst\u00fctzt uns seit dem Schuljahr 2019\/2020. Frau Sch\u00f6nfeld kam im Schuljahr 2023\/2024 zum Team hinzu.<\/p>\n<p>Die Aufgaben der Schulsozialarbeit an unserer Schule umfassen u.a.:<\/p>\n<ul>\n<li>Das F\u00f6rdern von sozialen Kompetenzen<\/li>\n<li>Umgang mit Konflikte (Deeskalation\/Streitschlichtung)<\/li>\n<li>Sozialp\u00e4dagogische Begleitung von Sch\u00fclerinnen und Sch\u00fclern (Einzelfallhilfe)<\/li>\n<li>Vermittlung von Wirksamkeit der Sch\u00fcler (z.B. durch den Klassenrat)<\/li>\n<li>Beratung (f\u00fcr Sch\u00fcler, Eltern\/Sorgeberechtigte, Lehrkr\u00e4fte)<\/li>\n<li>Zusammenarbeit mit Fachdiensten der Kinder- und Jugendhilfe<\/li>\n<li>Anregung von Schulentwicklungsprozessen<\/li>\n<\/ul>\n<p>Uns ist wichtig, dass die Kinder unserer Schule ein gesundes Selbstwertgef\u00fchl bekommen und dass sie respektvoll und unterst\u00fctzend miteinander umgehen. Wir versuchen im Alltag der Kinder pr\u00e4sent zu sein, gehen regelm\u00e4\u00dfig in Klassen mit rein, sind gerne auch mal auf den Fluren oder auf dem Pausenhof greifbar und sind bei Bedarf auch gerne zu Elterngespr\u00e4chen bereit.<\/p>\n<p>Unsere Arbeitszeiten, sowie Kontaktdaten sind wie folgt:<\/p>\n<p><strong>Wladimir Wotschel<br \/><\/strong>Schulsozialarbeiter<br \/>Tel.: 05 31\/32 17 49 (Sekretariat)<br \/>Mail: <a href=\"&#109;&#x61;&#105;&#x6c;&#116;&#x6f;:&#x77;l&#x61;d&#105;&#x6d;&#105;&#x72;&#46;&#x77;&#111;&#x74;s&#x63;h&#x65;l&#64;&#x67;&#115;&#x2d;&#105;&#x73;&#111;&#x6c;d&#x65;&#46;&#x64;e\">&#x77;&#x6c;&#x61;&#x64;&#105;&#109;&#105;&#114;&#46;wo&#x74;&#x73;&#x63;&#x68;&#x65;&#108;&#64;&#103;s-i&#x73;&#x6f;&#x6c;&#x64;&#x65;&#46;&#100;&#101;<\/a><br \/>Arbeitszeiten: Dienstag \u2013 Freitag vormittags und nach Absprache<\/p>\n<p><strong>Claudia Wald-Shafaghat<br \/><\/strong>Schulsozialarbeiterin<br \/>Tel.: 01 75\/8 37 06 83<br \/>Mail: <a href=\"&#109;&#97;&#x69;l&#116;&#x6f;&#x3a;l&#105;&#x6e;&#x61;&#46;&#115;&#x63;h&#111;&#x65;&#x6e;f&#101;&#x6c;&#x64;&#64;&#103;&#x73;-&#105;&#x73;&#x6f;l&#100;&#x65;&#x2e;d&#101;\">c&#108;&#x61;&#x75;d&#105;&#97;&#x2e;&#x77;a&#108;&#100;&#x2d;&#x73;h&#97;&#x66;&#x61;&#x67;h&#97;&#x74;&#x40;g&#115;&#45;&#x69;&#x73;o&#108;&#100;&#x65;&#x2e;d&#101;<\/a><br \/>Arbeitszeiten: Montag \u2013 Mittwoch und Freitag von 9 bis 14 Uhr und nach Absprache<\/p>\n<p>Wir freuen uns auf eine spannende gemeinsame Zeit.<\/p>\n","protected":false},"excerpt":{"rendered":"<p>An unserer Schule arbeiten ein Schulsozialarbeiter und eine Schulsozialarbeiterin. Herr Wotschel unterst\u00fctzt uns seit dem Schuljahr 2019\/2020. Frau Sch\u00f6nfeld kam im Schuljahr 2023\/2024 zum Team hinzu. Die Aufgaben der Schulsozialarbeit an unserer Schule umfassen u.a.: Das F\u00f6rdern von sozialen Kompetenzen Umgang mit Konflikte (Deeskalation\/Streitschlichtung) Sozialp\u00e4dagogische Begleitung von Sch\u00fclerinnen und Sch\u00fclern (Einzelfallhilfe) Vermittlung von Wirksamkeit der [&hellip;]<\/p>\n","protected":false},"author":9193454,"featured_media":0,"parent":15,"menu_order":0,"comment_status":"closed","ping_status":"closed","template":"","meta":{"footnotes":""},"class_list":["post-104","page","type-page","status-publish","hentry"],"_links":{"self":[{"href":"https:\/\/wordpress.nibis.de\/gsisolde\/wp-json\/wp\/v2\/pages\/104","targetHints":{"allow":["GET"]}}],"collection":[{"href":"https:\/\/wordpress.nibis.de\/gsisolde\/wp-json\/wp\/v2\/pages"}],"about":[{"href":"https:\/\/wordpress.nibis.de\/gsisolde\/wp-json\/wp\/v2\/types\/page"}],"author":[{"embeddable":true,"href":"https:\/\/wordpress.nibis.de\/gsisolde\/wp-json\/wp\/v2\/users\/9193454"}],"replies":[{"embeddable":true,"href":"https:\/\/wordpress.nibis.de\/gsisolde\/wp-json\/wp\/v2\/comments?post=104"}],"version-history":[{"count":9,"href":"https:\/\/wordpress.nibis.de\/gsisolde\/wp-json\/wp\/v2\/pages\/104\/revisions"}],"predecessor-version":[{"id":1318,"href":"https:\/\/wordpress.nibis.de\/gsisolde\/wp-json\/wp\/v2\/pages\/104\/revisions\/1318"}],"up":[{"embeddable":true,"href":"https:\/\/wordpress.nibis.de\/gsisolde\/wp-json\/wp\/v2\/pages\/15"}],"wp:attachment":[{"href":"https:\/\/wordpress.nibis.de\/gsisolde\/wp-json\/wp\/v2\/media?parent=104"}],"curies":[{"name":"wp","href":"https:\/\/api.w.org\/{rel}","templated":true}]}}