{"id":110,"date":"2020-03-23T14:49:50","date_gmt":"2020-03-23T13:49:50","guid":{"rendered":"https:\/\/wordpress.nibis.de\/gsisolde\/?page_id=110"},"modified":"2020-08-18T10:59:05","modified_gmt":"2020-08-18T08:59:05","slug":"unser-schulleben","status":"publish","type":"page","link":"https:\/\/wordpress.nibis.de\/gsisolde\/unser-schulleben\/","title":{"rendered":"Unser Schulleben"},"content":{"rendered":"\n<p style=\"text-align: justify\"><span style=\"color: #000000\">Liebe Besucher, in dieser Rubrik wollen wir Sie an unserem Schulleben teilhaben lassen.<\/span><\/p>\n<p style=\"text-align: justify\"><span style=\"color: #000000\">Sie finden in diesem Bereich zuerst alle w\u00e4hrend des Schuljahres relevanten Termine.<\/span><\/p>\n<p style=\"text-align: justify\"><span style=\"color: #000000\">Au\u00dferdem berichten wir \u00fcber verschiedene immer wiederkehrende Aktionen\/ Projekte\/ Kooperationen wie beispielsweise:<\/span><\/p>\n<ul style=\"text-align: justify\">\n<li><span style=\"color: #000000\">Mathematikolympiade<\/span><\/li>\n<li><span style=\"color: #000000\">Sch\u00fcler*innenb\u00fccherei<\/span><\/li>\n<li><span style=\"color: #000000\">Theaterfieberprojekt<\/span><\/li>\n<li><span style=\"color: #000000\">Lesepaten an unserer Schule<\/span><\/li>\n<li><span style=\"color: #000000\">Winterbasteln<\/span><\/li>\n<li><span style=\"color: #000000\">Bundesjugendspiele<\/span><\/li>\n<li><span style=\"color: #000000\">Spielefest<\/span><\/li>\n<li><span style=\"color: #000000\">Sportschnupperaktionen\/Kindergartenschnuppern<\/span><\/li>\n<li><span style=\"color: #000000\">Fasching (Rosenmontag)<\/span><\/li>\n<li><span style=\"color: #000000\">Pausenspiele<\/span><\/li>\n<li><span style=\"color: #000000\">Abschlussfest Projektwoche<\/span><\/li>\n<li><span style=\"color: #000000\">Ausfl\u00fcge<\/span><\/li>\n<\/ul>\n<p style=\"text-align: justify\"><span style=\"color: #000000\">Um mit den Projekten aus dem Kunstunterricht nicht nur die Klassenr\u00e4ume zu schm\u00fccken, m\u00f6chten wir au\u00dferdem in einer kleinen Online-Kunstgalerie ausgew\u00e4hlte Arbeiten\/Bilder der Kinder hochladen. Dadurch wird ihre Arbeit ebenfalls wertgesch\u00e4tzt und anerkannt.<\/span><\/p>\n","protected":false},"excerpt":{"rendered":"<p>Liebe Besucher, in dieser Rubrik wollen wir Sie an unserem Schulleben teilhaben lassen. Sie finden in diesem Bereich zuerst alle w\u00e4hrend des Schuljahres relevanten Termine. Au\u00dferdem berichten wir \u00fcber verschiedene immer wiederkehrende Aktionen\/ Projekte\/ Kooperationen wie beispielsweise: Mathematikolympiade Sch\u00fcler*innenb\u00fccherei Theaterfieberprojekt Lesepaten an unserer Schule Winterbasteln Bundesjugendspiele Spielefest Sportschnupperaktionen\/Kindergartenschnuppern Fasching (Rosenmontag) Pausenspiele Abschlussfest Projektwoche Ausfl\u00fcge Um [&hellip;]<\/p>\n","protected":false},"author":9193454,"featured_media":0,"parent":0,"menu_order":0,"comment_status":"closed","ping_status":"closed","template":"","meta":{"footnotes":""},"class_list":["post-110","page","type-page","status-publish","hentry"],"_links":{"self":[{"href":"https:\/\/wordpress.nibis.de\/gsisolde\/wp-json\/wp\/v2\/pages\/110","targetHints":{"allow":["GET"]}}],"collection":[{"href":"https:\/\/wordpress.nibis.de\/gsisolde\/wp-json\/wp\/v2\/pages"}],"about":[{"href":"https:\/\/wordpress.nibis.de\/gsisolde\/wp-json\/wp\/v2\/types\/page"}],"author":[{"embeddable":true,"href":"https:\/\/wordpress.nibis.de\/gsisolde\/wp-json\/wp\/v2\/users\/9193454"}],"replies":[{"embeddable":true,"href":"https:\/\/wordpress.nibis.de\/gsisolde\/wp-json\/wp\/v2\/comments?post=110"}],"version-history":[{"count":6,"href":"https:\/\/wordpress.nibis.de\/gsisolde\/wp-json\/wp\/v2\/pages\/110\/revisions"}],"predecessor-version":[{"id":616,"href":"https:\/\/wordpress.nibis.de\/gsisolde\/wp-json\/wp\/v2\/pages\/110\/revisions\/616"}],"wp:attachment":[{"href":"https:\/\/wordpress.nibis.de\/gsisolde\/wp-json\/wp\/v2\/media?parent=110"}],"curies":[{"name":"wp","href":"https:\/\/api.w.org\/{rel}","templated":true}]}}