{"id":15,"date":"2020-03-20T11:06:38","date_gmt":"2020-03-20T10:06:38","guid":{"rendered":"https:\/\/wordpress.nibis.de\/gsisolde\/?page_id=15"},"modified":"2023-05-15T13:44:20","modified_gmt":"2023-05-15T11:44:20","slug":"das-sind-wir","status":"publish","type":"page","link":"https:\/\/wordpress.nibis.de\/gsisolde\/das-sind-wir\/","title":{"rendered":"Das sind wir &#8211; Unser Schulteam"},"content":{"rendered":"\n<p style=\"text-align: justify\"><span style=\"color: #000000\">Was die Grundschule Isoldestra\u00dfe ausmacht sind Menschen. Neben den vielen Kindern und Eltern sind es unter anderem alle Mitarbeitenden, die den Schulalltag pr\u00e4gen.<\/span><\/p>\n<p style=\"text-align: justify\"><span style=\"color: #000000\">Deshalb wollen wir auf den folgenden Seiten alle Mitarbeiterinnen und Mitarbeiter, die das Schulleben an der GS Isoldestra\u00dfe mitgestalten, erw\u00e4hnen. Wir freuen uns, Sie pers\u00f6nlich kennenzulernen.<\/span><\/p>\n\n\n\n<p><\/p>\n","protected":false},"excerpt":{"rendered":"<p>Was die Grundschule Isoldestra\u00dfe ausmacht sind Menschen. Neben den vielen Kindern und Eltern sind es unter anderem alle Mitarbeitenden, die den Schulalltag pr\u00e4gen. Deshalb wollen wir auf den folgenden Seiten alle Mitarbeiterinnen und Mitarbeiter, die das Schulleben an der GS Isoldestra\u00dfe mitgestalten, erw\u00e4hnen. Wir freuen uns, Sie pers\u00f6nlich kennenzulernen.<\/p>\n","protected":false},"author":9193454,"featured_media":0,"parent":0,"menu_order":0,"comment_status":"closed","ping_status":"closed","template":"","meta":{"footnotes":""},"class_list":["post-15","page","type-page","status-publish","hentry"],"_links":{"self":[{"href":"https:\/\/wordpress.nibis.de\/gsisolde\/wp-json\/wp\/v2\/pages\/15","targetHints":{"allow":["GET"]}}],"collection":[{"href":"https:\/\/wordpress.nibis.de\/gsisolde\/wp-json\/wp\/v2\/pages"}],"about":[{"href":"https:\/\/wordpress.nibis.de\/gsisolde\/wp-json\/wp\/v2\/types\/page"}],"author":[{"embeddable":true,"href":"https:\/\/wordpress.nibis.de\/gsisolde\/wp-json\/wp\/v2\/users\/9193454"}],"replies":[{"embeddable":true,"href":"https:\/\/wordpress.nibis.de\/gsisolde\/wp-json\/wp\/v2\/comments?post=15"}],"version-history":[{"count":10,"href":"https:\/\/wordpress.nibis.de\/gsisolde\/wp-json\/wp\/v2\/pages\/15\/revisions"}],"predecessor-version":[{"id":1008,"href":"https:\/\/wordpress.nibis.de\/gsisolde\/wp-json\/wp\/v2\/pages\/15\/revisions\/1008"}],"wp:attachment":[{"href":"https:\/\/wordpress.nibis.de\/gsisolde\/wp-json\/wp\/v2\/media?parent=15"}],"curies":[{"name":"wp","href":"https:\/\/api.w.org\/{rel}","templated":true}]}}