{"id":178,"date":"2020-03-26T15:55:26","date_gmt":"2020-03-26T14:55:26","guid":{"rendered":"https:\/\/wordpress.nibis.de\/gsisolde\/?page_id=178"},"modified":"2020-08-18T10:38:51","modified_gmt":"2020-08-18T08:38:51","slug":"sportfreundliche-schule","status":"publish","type":"page","link":"https:\/\/wordpress.nibis.de\/gsisolde\/sportfreundliche-schule\/","title":{"rendered":"Sportfreundliche Schule"},"content":{"rendered":"\n<p><img loading=\"lazy\" decoding=\"async\" class=\"size-medium wp-image-179 aligncenter\" src=\"https:\/\/wordpress.nibis.de\/gsisolde\/files\/2020\/03\/Logo-sportfreundliche-Schule-265x300.jpg\" alt=\"\" width=\"265\" height=\"300\" \/><\/p>\n<p style=\"text-align: justify\"><span style=\"color: #000000\">Als sportfreundliche Schule bem\u00fchen wir uns, sehr viele unterschiedliche Bewegungsangebote f\u00fcr alle Altersstufen, sowohl im Schulsport, als auch in unseren Betreuungsgruppen am Nachmittag, anzubieten. Unsere Angebote finden nicht nur in der schuleigenen Turnhalle statt, sondern wir suchen auch au\u00dferschulische Sportst\u00e4tten (z.B. SoccaFive-Arena) in Braunschweig auf.<\/span><\/p>\n<p style=\"text-align: justify\"><span style=\"color: #000000\">Es geh\u00f6rt zu unserem Konzept, den Schwimmunterricht ganzj\u00e4hrig schon in Klasse 3 durchzuf\u00fchren. Er findet in den fu\u00dfl\u00e4ufig gelegenen Wasserwelten statt. Au\u00dferdem gibt es die M\u00f6glichkeit, einmal w\u00f6chentlich am Sportf\u00f6rderunterricht teilzunehmen.<\/span><\/p>\n<p style=\"text-align: justify\"><span style=\"color: #000000\">Nach den Herbstferien organisieren wir immer wieder \u201eSchnupperstunden\u201c zum Beispiel in den Sportarten Basketball, Handball, Tennis oder im Rope-Skipping. Regelm\u00e4\u00dfig nehmen unsere Schulmannschaften an Sportturnieren oder anderen Wettk\u00e4mpfen (z.B. BBG-Fu\u00dfballturnier, Sport-Oskar) teil. Ein hauseigenes Spielefest und weitere Sportveranstaltungen geh\u00f6ren auch zu unserem Schuljahresverlauf. So finden zum Beispiel zu Schuljahresbeginn unsere Bundesjugendspiele im Eintracht &#8211; Stadium statt. Grunds\u00e4tzlich wollen wir den Kindern Spa\u00df und Freude an Bewegung vermitteln und sie auf ihrem Weg zum lebenslangen Sporttreiben unterst\u00fctzen!<\/span><\/p>\n<p style=\"text-align: justify\">\u00a0<\/p>\n","protected":false},"excerpt":{"rendered":"<p>Als sportfreundliche Schule bem\u00fchen wir uns, sehr viele unterschiedliche Bewegungsangebote f\u00fcr alle Altersstufen, sowohl im Schulsport, als auch in unseren Betreuungsgruppen am Nachmittag, anzubieten. Unsere Angebote finden nicht nur in der schuleigenen Turnhalle statt, sondern wir suchen auch au\u00dferschulische Sportst\u00e4tten (z.B. SoccaFive-Arena) in Braunschweig auf. Es geh\u00f6rt zu unserem Konzept, den Schwimmunterricht ganzj\u00e4hrig schon in [&hellip;]<\/p>\n","protected":false},"author":9193454,"featured_media":0,"parent":0,"menu_order":0,"comment_status":"closed","ping_status":"closed","template":"","meta":{"footnotes":""},"class_list":["post-178","page","type-page","status-publish","hentry"],"_links":{"self":[{"href":"https:\/\/wordpress.nibis.de\/gsisolde\/wp-json\/wp\/v2\/pages\/178","targetHints":{"allow":["GET"]}}],"collection":[{"href":"https:\/\/wordpress.nibis.de\/gsisolde\/wp-json\/wp\/v2\/pages"}],"about":[{"href":"https:\/\/wordpress.nibis.de\/gsisolde\/wp-json\/wp\/v2\/types\/page"}],"author":[{"embeddable":true,"href":"https:\/\/wordpress.nibis.de\/gsisolde\/wp-json\/wp\/v2\/users\/9193454"}],"replies":[{"embeddable":true,"href":"https:\/\/wordpress.nibis.de\/gsisolde\/wp-json\/wp\/v2\/comments?post=178"}],"version-history":[{"count":5,"href":"https:\/\/wordpress.nibis.de\/gsisolde\/wp-json\/wp\/v2\/pages\/178\/revisions"}],"predecessor-version":[{"id":602,"href":"https:\/\/wordpress.nibis.de\/gsisolde\/wp-json\/wp\/v2\/pages\/178\/revisions\/602"}],"wp:attachment":[{"href":"https:\/\/wordpress.nibis.de\/gsisolde\/wp-json\/wp\/v2\/media?parent=178"}],"curies":[{"name":"wp","href":"https:\/\/api.w.org\/{rel}","templated":true}]}}