{"id":21,"date":"2020-03-20T11:09:53","date_gmt":"2020-03-20T10:09:53","guid":{"rendered":"https:\/\/wordpress.nibis.de\/gsisolde\/?page_id=21"},"modified":"2024-09-05T15:01:03","modified_gmt":"2024-09-05T13:01:03","slug":"kollegium","status":"publish","type":"page","link":"https:\/\/wordpress.nibis.de\/gsisolde\/das-sind-wir\/kollegium\/","title":{"rendered":"Lehrkr\u00e4fte 2024\/2025"},"content":{"rendered":"<table style=\"height: 1130px;width: 100%\">\n<tbody>\n<tr style=\"height: 72px\">\n<td style=\"width: 31.1905%;height: 72px\">\n<p><span style=\"color: #000000\"><strong>Frau Adamek:<br><\/strong><\/span><\/p>\n<\/td>\n<td style=\"width: 67.8571%;height: 72px\">\n<p><span style=\"color: #000000\"><strong>F\u00f6rderschullehrerin<br><\/strong><\/span><\/p>\n<\/td>\n<\/tr>\n<tr style=\"height: 72px\">\n<td style=\"width: 31.1905%;height: 72px\">\n<p><span style=\"color: #000000\"><strong>Frau Barankewitz:<br><\/strong><\/span><\/p>\n<\/td>\n<td style=\"width: 67.8571%;height: 72px\">\n<p><span style=\"color: #000000\"><strong>Klassenlehrerin 2b<\/strong>, Konrektorin, Vertretungsplan<br><\/span><\/p>\n<\/td>\n<\/tr>\n<tr style=\"height: 90px\">\n<td style=\"width: 31.1905%;height: 64px\">\n<p><span style=\"color: #000000\"><strong>Frau Borchert:<\/strong><\/span><\/p>\n<\/td>\n<td style=\"width: 67.8571%;height: 64px\">\n<p><span style=\"color: #000000\"><strong>Klassenlehrerin 2a, <\/strong>Fachkonferenzleitung Deutsch, Koordination DaZ, Zust\u00e4ndigkeit Homepage<br><\/span><\/p>\n<\/td>\n<\/tr>\n<tr style=\"height: 72px\">\n<td style=\"width: 31.1905%;height: 72px\">\n<p><span style=\"color: #000000\"><strong>Frau Comb\u00fcchen:<br><\/strong><\/span><\/p>\n<\/td>\n<td style=\"width: 67.8571%;height: 72px\">\n<p><span style=\"color: #000000\"><strong>Klassenlehrerin 1c<\/strong><br><\/span><\/p>\n<\/td>\n<\/tr>\n<tr style=\"height: 72px\">\n<td style=\"width: 31.1905%;height: 72px\">\n<p><span style=\"color: #000000\"><strong>Frau G\u00fcdesen:<br><\/strong><\/span><\/p>\n<\/td>\n<td style=\"width: 67.8571%;height: 72px\">\n<p><span style=\"color: #000000\"><strong>Fachlehrerin<br><\/strong><\/span><\/p>\n<\/td>\n<\/tr>\n<tr style=\"height: 72px\">\n<td style=\"width: 31.1905%;height: 72px\">\n<p><span style=\"color: #000000\"><strong>Frau G\u00fcnes:<br><\/strong><\/span><\/p>\n<\/td>\n<td style=\"width: 67.8571%;height: 72px\">\n<p><span style=\"color: #000000\"><strong>T\u00fcrkischlehrerin<br><\/strong><\/span><\/p>\n<\/td>\n<\/tr>\n<tr style=\"height: 32px\">\n<td style=\"width: 31.1905%;height: 42px\">\n<p><span style=\"color: #000000\"><strong>Frau Hahn:&nbsp;&nbsp;&nbsp;&nbsp;&nbsp;<\/strong><\/span><\/p>\n<\/td>\n<td style=\"width: 67.8571%;height: 42px\">\n<p><span style=\"color: #000000\"><strong>Klassenlehrerin 3a, <\/strong>Fachkonferenzleitung Mathematik, Sicherheitsbeauftragte, Medienbeauftragte, Zust\u00e4ndigkeit Homepage<br><\/span><\/p>\n<\/td>\n<\/tr>\n<tr style=\"height: 64px\">\n<td style=\"width: 31.1905%;height: 64px\">\n<p><span style=\"color: #000000\"><strong>Frau Heinze:<\/strong><\/span><\/p>\n<\/td>\n<td style=\"width: 67.8571%;height: 64px\">\n<p><span style=\"color: #000000\"><strong>Klassenlehrerin 3c, <\/strong>Mobilit\u00e4tsbeauftragte<strong><br><\/strong><\/span><\/p>\n<\/td>\n<\/tr>\n<tr style=\"height: 32px\">\n<td style=\"width: 31.1905%;height: 32px\">\n<p><span style=\"color: #000000\"><strong>Frau Junius:&nbsp;&nbsp;&nbsp;&nbsp;&nbsp;&nbsp;&nbsp;<\/strong><\/span><\/p>\n<\/td>\n<td style=\"width: 67.8571%;height: 32px\">\n<p><span style=\"color: #000000\"><strong>Fachlehrerin<\/strong>, Fachkonferenzleitung Musik<strong><br><\/strong><\/span><\/p>\n<\/td>\n<\/tr>\n<tr style=\"height: 104px\">\n<td style=\"width: 31.1905%;height: 104px\">\n<p><span style=\"color: #000000\"><strong>Frau Kampf:<br><\/strong><\/span><\/p>\n<\/td>\n<td style=\"width: 67.8571%;height: 104px\">\n<p><span style=\"color: #000000\"><strong>Klassenlehrerin 4b<\/strong>, Fachkonferenzleitung Sport, Zust\u00e4ndigkeit Homepage<br><\/span><\/p>\n<\/td>\n<\/tr>\n<tr style=\"height: 90px\">\n<td style=\"width: 31.1905%;height: 90px\">\n<p><span style=\"color: #000000\"><strong>Frau Karaer:&nbsp;&nbsp;&nbsp;<\/strong><\/span><\/p>\n<\/td>\n<td style=\"width: 67.8571%;height: 90px\">\n<p><span style=\"color: #000000\"><strong>Fachlehrerin<\/strong>, Medienbeauftragte, Schulbuchausleihe, Lehrmittel, Fachkonferenzleitung Islamische Religion<br><\/span><\/p>\n<\/td>\n<\/tr>\n<tr style=\"height: 27px\">\n<td style=\"width: 31.1905%;height: 27px\">\n<p><span style=\"color: #000000\"><strong>Frau Kohnert:<\/strong><\/span><\/p>\n<\/td>\n<td style=\"width: 67.8571%;height: 27px\">\n<p><span style=\"color: #000000\"><strong>Klassenlehrerin 2c<\/strong>, Fachkonferenzleitung Englisch, BNE-Beauftragte<\/span><\/p>\n<\/td>\n<\/tr>\n<tr style=\"height: 27px\">\n<td style=\"width: 31.1905%;height: 27px\">\n<p><span style=\"color: #000000\"><strong>Herr Oppermann:<\/strong><\/span><\/p>\n<\/td>\n<td style=\"width: 67.8571%;height: 27px\">\n<p><span style=\"color: #000000\"><strong>Klassenlehrer 3b<\/strong>, Fachkonferenzleitung Kunst\/Werken\/Textil, Brandschutzbeauftragter<br><\/span><\/p>\n<\/td>\n<\/tr>\n<tr style=\"height: 64px\">\n<td style=\"width: 31.1905%;height: 64px\">\n<p><span style=\"color: #000000\"><strong>Frau Reinert:&nbsp;<\/strong><\/span><\/p>\n<\/td>\n<td style=\"width: 67.8571%;height: 64px\">\n<p><span style=\"color: #000000\"><strong>Klassenlehrerin 1b<\/strong>, Fachkonferenzleitung Werte und Normen<br><\/span><\/p>\n<\/td>\n<\/tr>\n<tr style=\"height: 99px\">\n<td style=\"width: 31.1905%;height: 99px\">\n<p><span style=\"color: #000000\"><strong>Frau Rogala:<\/strong><\/span><\/p>\n<\/td>\n<td style=\"width: 67.8571%;height: 99px\">\n<p><span style=\"color: #000000\"><strong>Klassenlehrerin 4a, <\/strong>Fachkonferenzleitung Evangelische Religion<br><\/span><\/p>\n<\/td>\n<\/tr>\n<tr style=\"height: 93px\">\n<td style=\"width: 31.1905%;height: 93px\">\n<p><span style=\"color: #000000\"><strong>Frau Str\u00fcbing:&nbsp;&nbsp;&nbsp;&nbsp;&nbsp;<\/strong><\/span><\/p>\n<\/td>\n<td style=\"width: 67.8571%;height: 93px\">\n<p><span style=\"color: #000000\"><strong>Klassenlehrerin 1a<\/strong>, Fachkonferenzleitung Sachunterricht, Projektwochenplanung<\/span><\/p>\n<\/td>\n<\/tr>\n<tr style=\"height: 64px\">\n<td style=\"width: 31.1905%;height: 64px\">\n<p><span style=\"color: #000000\"><strong>Frau Volgmann:&nbsp;&nbsp;&nbsp;&nbsp;&nbsp;<\/strong><\/span><\/p>\n<\/td>\n<td style=\"width: 67.8571%;height: 64px\">\n<p><span style=\"color: #000000\"><strong>F\u00f6rderschullehrerin <\/strong>Schwerpunkt GE<br><\/span><\/p>\n<\/td>\n<\/tr>\n<\/tbody>\n<\/table>\n\n\n<h2 class=\"wp-block-heading\">Unsere Lehrkr\u00e4fte im Vorbereitungsdienst<\/h2>\n\n\n\n<figure class=\"wp-block-table is-style-regular\">\n<table style=\"width: 100%;height: 78px\">\n<tbody>\n<tr style=\"height: 26px\">\n<td style=\"width: 31.6667%;height: 26px\">\n<p><strong>Frau G\u00f6ksungur:<\/strong><\/p>\n<\/td>\n<td style=\"width: 68.3334%;height: 26px\">\n<p>Deutsch und evangelische Religion<\/p>\n<\/td>\n<\/tr>\n<tr style=\"height: 26px\">\n<td style=\"width: 31.6667%;height: 26px\">\n<p><strong>Frau Lo\u00df:<\/strong><\/p>\n<\/td>\n<td style=\"width: 68.3334%;height: 26px\">\n<p>Mathematik und evangelische Religion<\/p>\n<\/td>\n<\/tr>\n<tr style=\"height: 26px\">\n<td style=\"width: 31.6667%;height: 26px\">\n<p><strong>Frau Michel: <\/strong><\/p>\n<\/td>\n<td style=\"width: 68.3334%;height: 26px\">\n<p>Deutsch und Sport<\/p>\n<\/td>\n<\/tr>\n<\/tbody>\n<\/table>\n<\/figure>\n\n\n\n<p><\/p>\n","protected":false},"excerpt":{"rendered":"<p>Frau Adamek: F\u00f6rderschullehrerin Frau Barankewitz: Klassenlehrerin 2b, Konrektorin, Vertretungsplan Frau Borchert: Klassenlehrerin 2a, Fachkonferenzleitung Deutsch, Koordination DaZ, Zust\u00e4ndigkeit Homepage Frau Comb\u00fcchen: Klassenlehrerin 1c Frau G\u00fcdesen: Fachlehrerin Frau G\u00fcnes: T\u00fcrkischlehrerin Frau Hahn:&nbsp;&nbsp;&nbsp;&nbsp;&nbsp; Klassenlehrerin 3a, Fachkonferenzleitung Mathematik, Sicherheitsbeauftragte, Medienbeauftragte, Zust\u00e4ndigkeit Homepage Frau Heinze: Klassenlehrerin 3c, Mobilit\u00e4tsbeauftragte Frau Junius:&nbsp;&nbsp;&nbsp;&nbsp;&nbsp;&nbsp;&nbsp; Fachlehrerin, Fachkonferenzleitung Musik Frau Kampf: Klassenlehrerin 4b, Fachkonferenzleitung Sport, [&hellip;]<\/p>\n","protected":false},"author":9193454,"featured_media":0,"parent":15,"menu_order":2,"comment_status":"closed","ping_status":"closed","template":"","meta":{"footnotes":""},"class_list":["post-21","page","type-page","status-publish","hentry"],"_links":{"self":[{"href":"https:\/\/wordpress.nibis.de\/gsisolde\/wp-json\/wp\/v2\/pages\/21","targetHints":{"allow":["GET"]}}],"collection":[{"href":"https:\/\/wordpress.nibis.de\/gsisolde\/wp-json\/wp\/v2\/pages"}],"about":[{"href":"https:\/\/wordpress.nibis.de\/gsisolde\/wp-json\/wp\/v2\/types\/page"}],"author":[{"embeddable":true,"href":"https:\/\/wordpress.nibis.de\/gsisolde\/wp-json\/wp\/v2\/users\/9193454"}],"replies":[{"embeddable":true,"href":"https:\/\/wordpress.nibis.de\/gsisolde\/wp-json\/wp\/v2\/comments?post=21"}],"version-history":[{"count":25,"href":"https:\/\/wordpress.nibis.de\/gsisolde\/wp-json\/wp\/v2\/pages\/21\/revisions"}],"predecessor-version":[{"id":1110,"href":"https:\/\/wordpress.nibis.de\/gsisolde\/wp-json\/wp\/v2\/pages\/21\/revisions\/1110"}],"up":[{"embeddable":true,"href":"https:\/\/wordpress.nibis.de\/gsisolde\/wp-json\/wp\/v2\/pages\/15"}],"wp:attachment":[{"href":"https:\/\/wordpress.nibis.de\/gsisolde\/wp-json\/wp\/v2\/media?parent=21"}],"curies":[{"name":"wp","href":"https:\/\/api.w.org\/{rel}","templated":true}]}}