{"id":212,"date":"2020-04-14T15:35:26","date_gmt":"2020-04-14T13:35:26","guid":{"rendered":"https:\/\/wordpress.nibis.de\/gsisolde\/?page_id=212"},"modified":"2020-08-18T09:49:49","modified_gmt":"2020-08-18T07:49:49","slug":"wir-ueber-uns","status":"publish","type":"page","link":"https:\/\/wordpress.nibis.de\/gsisolde\/wir-ueber-uns\/","title":{"rendered":"Wir \u00fcber uns"},"content":{"rendered":"\n<p style=\"text-align: justify\"><span style=\"color: #000000\">Neben fachspezifischen, inhaltlichen Themen m\u00f6chten wir unseren Sch\u00fclerinnen und Sch\u00fclern auch Werte vermitteln und ihre Kompetenzen in m\u00f6glichst vielen Bereichn weiterentwickeln.<\/span><\/p>\n","protected":false},"excerpt":{"rendered":"<p>Neben fachspezifischen, inhaltlichen Themen m\u00f6chten wir unseren Sch\u00fclerinnen und Sch\u00fclern auch Werte vermitteln und ihre Kompetenzen in m\u00f6glichst vielen Bereichn weiterentwickeln.<\/p>\n","protected":false},"author":9193454,"featured_media":0,"parent":0,"menu_order":0,"comment_status":"closed","ping_status":"closed","template":"","meta":{"footnotes":""},"class_list":["post-212","page","type-page","status-publish","hentry"],"_links":{"self":[{"href":"https:\/\/wordpress.nibis.de\/gsisolde\/wp-json\/wp\/v2\/pages\/212","targetHints":{"allow":["GET"]}}],"collection":[{"href":"https:\/\/wordpress.nibis.de\/gsisolde\/wp-json\/wp\/v2\/pages"}],"about":[{"href":"https:\/\/wordpress.nibis.de\/gsisolde\/wp-json\/wp\/v2\/types\/page"}],"author":[{"embeddable":true,"href":"https:\/\/wordpress.nibis.de\/gsisolde\/wp-json\/wp\/v2\/users\/9193454"}],"replies":[{"embeddable":true,"href":"https:\/\/wordpress.nibis.de\/gsisolde\/wp-json\/wp\/v2\/comments?post=212"}],"version-history":[{"count":2,"href":"https:\/\/wordpress.nibis.de\/gsisolde\/wp-json\/wp\/v2\/pages\/212\/revisions"}],"predecessor-version":[{"id":578,"href":"https:\/\/wordpress.nibis.de\/gsisolde\/wp-json\/wp\/v2\/pages\/212\/revisions\/578"}],"wp:attachment":[{"href":"https:\/\/wordpress.nibis.de\/gsisolde\/wp-json\/wp\/v2\/media?parent=212"}],"curies":[{"name":"wp","href":"https:\/\/api.w.org\/{rel}","templated":true}]}}